{"id":976,"date":"2022-01-09T11:06:31","date_gmt":"2022-01-09T11:06:31","guid":{"rendered":"http:\/\/anders.no\/wp3\/?page_id=976"},"modified":"2022-07-14T19:47:38","modified_gmt":"2022-07-14T19:47:38","slug":"osteroy-skole-100-ar","status":"publish","type":"page","link":"https:\/\/anders.no\/wp3\/osteroya\/osteroy-skole\/osteroy-skole-100-ar\/","title":{"rendered":"\u00d8ster\u00f8y skole 100 \u00e5r"},"content":{"rendered":"\n<p><a href=\"http:\/\/anders.no\/wp3\/osteroya\/osteroy-skole\/100-ar\/\" data-type=\"page\" data-id=\"1107\">Les hva Sandefjords Blad skrev<\/a><\/p>\n\n\n\n<p>Festen ble holdt p\u00e5 Strand Leirsted.  F\u00f8r dette  var det samling p\u00e5 skolen, med k\u00e5seri i av tidligere l\u00e6rer Jan \u00d8stby og tale av skolesjef Torstein Bjarvin. Bjarvin lovet at s\u00e5 lenge han var skolesjef s\u00e5 skulle skolen best\u00e5. <\/p>\n\n\n\n<div class=\"wp-block-jetpack-layout-grid column1-desktop-grid__span-6 column1-desktop-grid__row-1 column2-desktop-grid__span-6 column2-desktop-grid__start-7 column2-desktop-grid__row-1 column1-tablet-grid__span-4 column1-tablet-grid__row-1 column2-tablet-grid__span-4 column2-tablet-grid__start-5 column2-tablet-grid__row-1 column1-mobile-grid__span-4 column1-mobile-grid__row-1 column2-mobile-grid__span-4 column2-mobile-grid__row-2\">\n<div class=\"wp-block-jetpack-layout-grid-column wp-block-jetpack-layout-grid__padding-none\">\n<figure class=\"wp-block-image size-large\"><img loading=\"lazy\" decoding=\"async\" width=\"1024\" height=\"482\" src=\"https:\/\/anders.no\/wp3\/wp-content\/uploads\/2022\/07\/Tor-Olav-Andersen-og-Carl-Fon-Osteroy-skole-100-ar--1024x482.jpg\" alt=\"\" class=\"wp-image-1502\" srcset=\"https:\/\/anders.no\/wp3\/wp-content\/uploads\/2022\/07\/Tor-Olav-Andersen-og-Carl-Fon-Osteroy-skole-100-ar--1024x482.jpg 1024w, https:\/\/anders.no\/wp3\/wp-content\/uploads\/2022\/07\/Tor-Olav-Andersen-og-Carl-Fon-Osteroy-skole-100-ar--300x141.jpg 300w, https:\/\/anders.no\/wp3\/wp-content\/uploads\/2022\/07\/Tor-Olav-Andersen-og-Carl-Fon-Osteroy-skole-100-ar--768x362.jpg 768w, https:\/\/anders.no\/wp3\/wp-content\/uploads\/2022\/07\/Tor-Olav-Andersen-og-Carl-Fon-Osteroy-skole-100-ar--1536x724.jpg 1536w, https:\/\/anders.no\/wp3\/wp-content\/uploads\/2022\/07\/Tor-Olav-Andersen-og-Carl-Fon-Osteroy-skole-100-ar--2048x965.jpg 2048w\" sizes=\"auto, (max-width: 1024px) 100vw, 1024px\" \/><figcaption>Tor Olav Andersen og Carl Fon<\/figcaption><\/figure>\n\n\n\n<figure class=\"wp-block-image size-large\"><a href=\"#\"><img decoding=\"async\" src=\"https:\/\/sandpaastrand.files.wordpress.com\/2020\/03\/img_20190430_0005.jpg?w=1024\" alt=\"\" class=\"wp-image-457\"\/><\/a><figcaption>Olav G. Andersen og Svein B\u00f8e i samtale med datter til l\u00e6rer Hansen<\/figcaption><\/figure>\n\n\n\n<figure class=\"wp-block-image size-large\"><a href=\"#\"><img decoding=\"async\" src=\"https:\/\/sandpaastrand.files.wordpress.com\/2020\/03\/img_20190430_0002_new.jpg?w=1004\" alt=\"\" class=\"wp-image-455\"\/><\/a><figcaption>Finn Sand, (Peder) Kristian \u00d8ster\u00f8y og l\u00e6rer Jan \u00d8stby<\/figcaption><\/figure>\n\n\n\n<figure class=\"wp-block-image size-large\"><img decoding=\"async\" src=\"https:\/\/sandpaastrand.files.wordpress.com\/2020\/03\/img_20190429_0011_new.jpg?w=1024\" alt=\"\" class=\"wp-image-453\"\/><figcaption>nn, Kristian H\u00e5konsen, Hans Johnsen, <a href=\"http:\/\/anders.no\/historie\/getperson.php?personID=I714&amp;tree=tree1\" target=\"_blank\" rel=\"noreferrer noopener\">Georg Sunde<\/a>, Bergljot Sunde, Magna Sunde<\/figcaption><\/figure>\n\n\n\n<figure class=\"wp-block-image size-large\"><img decoding=\"async\" src=\"https:\/\/sandpaastrand.files.wordpress.com\/2020\/03\/img_20190429_0007_new_new.jpg?w=1024\" alt=\"\" class=\"wp-image-451\"\/><figcaption>Torbj\u00f8rn Eian, fr. Eian, Einar Jensen-Eian. Bak ser vi Agnes Jensen-Eian , Asta B\u00f8e og Arne Olsen Bast<\/figcaption><\/figure>\n<\/div>\n\n\n\n<div class=\"wp-block-jetpack-layout-grid-column wp-block-jetpack-layout-grid__padding-none\">\n<figure class=\"wp-block-image size-large\"><a href=\"#\"><img decoding=\"async\" src=\"https:\/\/sandpaastrand.files.wordpress.com\/2020\/03\/img_20190430_0003_new.jpg?w=1024\" alt=\"\" class=\"wp-image-456\"\/><\/a><figcaption>Foran: Hans Skontorp og Eigil Skalleberg. Bak: Randi  H\u00e5konsen, Grete Sunde og Bj\u00f8rn Jacobsen<\/figcaption><\/figure>\n\n\n\n<figure class=\"wp-block-image size-large\"><a href=\"#\"><img decoding=\"async\" src=\"https:\/\/sandpaastrand.files.wordpress.com\/2020\/03\/img_20190429_0012_new.jpg?w=1024\" alt=\"\" class=\"wp-image-454\"\/><\/a><figcaption>Leif Barbru, Gording Eian, Finn Sand, Kate Barbru , Kristoffersen, Dagmar H\u00e5konsen delvis skult bak l\u00e6rer \u00d8stby med ryggen til<\/figcaption><\/figure>\n\n\n\n<figure class=\"wp-block-image size-large\"><img decoding=\"async\" src=\"https:\/\/sandpaastrand.files.wordpress.com\/2020\/03\/img_20190429_0010_new.jpg?w=1024\" alt=\"\" class=\"wp-image-452\"\/><figcaption>Nils Olav Sunde, Einar \u00c5sheim  , nn, Mathilde Naphaug<\/figcaption><\/figure>\n<\/div>\n<\/div>\n\n\n\n<p>Her bildekopi av \u00d8stbys hilsen<\/p>\n\n\n\n<figure class=\"wp-block-gallery has-nested-images columns-1 is-cropped wp-block-gallery-1 is-layout-flex wp-block-gallery-is-layout-flex\">\n<figure class=\"wp-block-image size-large\"><img loading=\"lazy\" decoding=\"async\" width=\"724\" height=\"1024\" data-id=\"1074\" src=\"http:\/\/anders.no\/wp3\/wp-content\/uploads\/2022\/01\/Jan-Ostbys-hilsen-til-skolens-100arsjubileum1024_1-1.jpg\" alt=\"\" class=\"wp-image-1074\" srcset=\"https:\/\/anders.no\/wp3\/wp-content\/uploads\/2022\/01\/Jan-Ostbys-hilsen-til-skolens-100arsjubileum1024_1-1.jpg 724w, https:\/\/anders.no\/wp3\/wp-content\/uploads\/2022\/01\/Jan-Ostbys-hilsen-til-skolens-100arsjubileum1024_1-1-212x300.jpg 212w\" sizes=\"auto, (max-width: 724px) 100vw, 724px\" \/><\/figure>\n\n\n\n<figure class=\"wp-block-image size-large\"><img loading=\"lazy\" decoding=\"async\" width=\"724\" height=\"1024\" data-id=\"1075\" src=\"http:\/\/anders.no\/wp3\/wp-content\/uploads\/2022\/01\/Jan-Ostbys-hilsen-til-skolens-100arsjubileum1024_2-1.jpg\" alt=\"\" class=\"wp-image-1075\" srcset=\"https:\/\/anders.no\/wp3\/wp-content\/uploads\/2022\/01\/Jan-Ostbys-hilsen-til-skolens-100arsjubileum1024_2-1.jpg 724w, https:\/\/anders.no\/wp3\/wp-content\/uploads\/2022\/01\/Jan-Ostbys-hilsen-til-skolens-100arsjubileum1024_2-1-212x300.jpg 212w\" sizes=\"auto, (max-width: 724px) 100vw, 724px\" \/><\/figure>\n\n\n\n<figure class=\"wp-block-image size-large\"><img loading=\"lazy\" decoding=\"async\" width=\"724\" height=\"1024\" data-id=\"1076\" src=\"http:\/\/anders.no\/wp3\/wp-content\/uploads\/2022\/01\/Jan-Ostbys-hilsen-til-skolens-100arsjubileum1024_3-1.jpg\" alt=\"\" class=\"wp-image-1076\" srcset=\"https:\/\/anders.no\/wp3\/wp-content\/uploads\/2022\/01\/Jan-Ostbys-hilsen-til-skolens-100arsjubileum1024_3-1.jpg 724w, https:\/\/anders.no\/wp3\/wp-content\/uploads\/2022\/01\/Jan-Ostbys-hilsen-til-skolens-100arsjubileum1024_3-1-212x300.jpg 212w\" sizes=\"auto, (max-width: 724px) 100vw, 724px\" \/><\/figure>\n\n\n\n<figure class=\"wp-block-image size-large\"><img loading=\"lazy\" decoding=\"async\" width=\"724\" height=\"1024\" data-id=\"1077\" src=\"http:\/\/anders.no\/wp3\/wp-content\/uploads\/2022\/01\/Jan-Ostbys-hilsen-til-skolens-100arsjubileum1024_4-1.jpg\" alt=\"\" class=\"wp-image-1077\" srcset=\"https:\/\/anders.no\/wp3\/wp-content\/uploads\/2022\/01\/Jan-Ostbys-hilsen-til-skolens-100arsjubileum1024_4-1.jpg 724w, https:\/\/anders.no\/wp3\/wp-content\/uploads\/2022\/01\/Jan-Ostbys-hilsen-til-skolens-100arsjubileum1024_4-1-212x300.jpg 212w\" sizes=\"auto, (max-width: 724px) 100vw, 724px\" \/><\/figure>\n\n\n\n<figure class=\"wp-block-image size-large\"><img loading=\"lazy\" decoding=\"async\" width=\"724\" height=\"1024\" data-id=\"1078\" src=\"http:\/\/anders.no\/wp3\/wp-content\/uploads\/2022\/01\/Jan-Ostbys-hilsen-til-skolens-100arsjubileum1024_5-1.jpg\" alt=\"\" class=\"wp-image-1078\" srcset=\"https:\/\/anders.no\/wp3\/wp-content\/uploads\/2022\/01\/Jan-Ostbys-hilsen-til-skolens-100arsjubileum1024_5-1.jpg 724w, https:\/\/anders.no\/wp3\/wp-content\/uploads\/2022\/01\/Jan-Ostbys-hilsen-til-skolens-100arsjubileum1024_5-1-212x300.jpg 212w\" sizes=\"auto, (max-width: 724px) 100vw, 724px\" \/><\/figure>\n\n\n\n<figure class=\"wp-block-image size-large\"><img loading=\"lazy\" decoding=\"async\" width=\"724\" height=\"1024\" data-id=\"1079\" src=\"http:\/\/anders.no\/wp3\/wp-content\/uploads\/2022\/01\/Jan-Ostbys-hilsen-til-skolens-100arsjubileum1024_6-1.jpg\" alt=\"\" class=\"wp-image-1079\" srcset=\"https:\/\/anders.no\/wp3\/wp-content\/uploads\/2022\/01\/Jan-Ostbys-hilsen-til-skolens-100arsjubileum1024_6-1.jpg 724w, https:\/\/anders.no\/wp3\/wp-content\/uploads\/2022\/01\/Jan-Ostbys-hilsen-til-skolens-100arsjubileum1024_6-1-212x300.jpg 212w\" sizes=\"auto, (max-width: 724px) 100vw, 724px\" \/><\/figure>\n<\/figure>\n","protected":false},"excerpt":{"rendered":"<p>Les hva Sandefjords Blad skrev Festen ble holdt p\u00e5 Strand Leirsted. F\u00f8r dette var det samling p\u00e5 skolen, med k\u00e5seri i av tidligere l\u00e6rer Jan \u00d8stby og tale av skolesjef<a class=\"moretag\" href=\"https:\/\/anders.no\/wp3\/osteroya\/osteroy-skole\/osteroy-skole-100-ar\/\"> &#8230;<\/a><\/p>\n","protected":false},"author":1,"featured_media":0,"parent":737,"menu_order":0,"comment_status":"open","ping_status":"closed","template":"","meta":{"footnotes":"","advanced-sidebar-menu\/link-title":"","advanced-sidebar-menu\/exclude-page":false},"class_list":["post-976","page","type-page","status-publish","hentry"],"_links":{"self":[{"href":"https:\/\/anders.no\/wp3\/wp-json\/wp\/v2\/pages\/976","targetHints":{"allow":["GET"]}}],"collection":[{"href":"https:\/\/anders.no\/wp3\/wp-json\/wp\/v2\/pages"}],"about":[{"href":"https:\/\/anders.no\/wp3\/wp-json\/wp\/v2\/types\/page"}],"author":[{"embeddable":true,"href":"https:\/\/anders.no\/wp3\/wp-json\/wp\/v2\/users\/1"}],"replies":[{"embeddable":true,"href":"https:\/\/anders.no\/wp3\/wp-json\/wp\/v2\/comments?post=976"}],"version-history":[{"count":10,"href":"https:\/\/anders.no\/wp3\/wp-json\/wp\/v2\/pages\/976\/revisions"}],"predecessor-version":[{"id":1506,"href":"https:\/\/anders.no\/wp3\/wp-json\/wp\/v2\/pages\/976\/revisions\/1506"}],"up":[{"embeddable":true,"href":"https:\/\/anders.no\/wp3\/wp-json\/wp\/v2\/pages\/737"}],"wp:attachment":[{"href":"https:\/\/anders.no\/wp3\/wp-json\/wp\/v2\/media?parent=976"}],"curies":[{"name":"wp","href":"https:\/\/api.w.org\/{rel}","templated":true}]}}