{"id":938,"date":"2022-01-09T09:00:55","date_gmt":"2022-01-09T09:00:55","guid":{"rendered":"http:\/\/anders.no\/wp3\/?page_id=938"},"modified":"2023-10-08T14:36:39","modified_gmt":"2023-10-08T14:36:39","slug":"sommerpensjonatene-i-osteroya","status":"publish","type":"page","link":"https:\/\/anders.no\/wp3\/sommerpensjonatene-i-osteroya\/","title":{"rendered":"Sommerpensjonatene i \u00d8ster\u00f8ya"},"content":{"rendered":"\n<p><\/p>\n\n\n\n<p>Vi vet at det var pensjonat i Stiger, p\u00e5 Strand (Leirstedet) og p\u00e5 Sunde (Skontorp). Hos Hansen Sunde (n\u00e5v. Mikkelsen) tok de ogs\u00e5 i mot sommergjester. Ogs\u00e5 i Tallakshavn var det slik aktivitet. I folketellingen 1920 st\u00e5r det om Helvik Olsen p\u00e5 bruk 101\/4: Eget sm\u00e5bruk; Bierverv: sommergjester.  Det var faktisk pensjonat p\u00e5 Nordre Strand (93\/1,2- Deinboll) ogs\u00e5, \u00d8stbys pensjonat. Og \u00d8stby det var morfar til Berit Stenvik.  I tillegg vet vi at de etablerte pensjonatene l\u00e5nte rom p\u00e5 g\u00e5rdene n\u00e5r det var behov. I protokollen til \u00d8ster\u00f8ens Telefonforening kan vi lese at \u00abde som har gjester, betaler 5 kr.\u00bb<\/p>\n\n\n\n<p>P\u00e5 en av de f\u00f8rste m\u00f8tereferatene fra telefonforeningen (1922) st\u00e5r det \u00abSom formand blev valgt&nbsp;<em>Skontorp Sommerlyst<\/em>\u00bb . Sommerlyst var alts\u00e5 navnet p\u00e5 pensjonatet. P\u00e5 denne eiendommen ble det bygget et lysthus p\u00e5 en fjelltopp slik at sommergjestene kunne komme opp og se p\u00e5 utsikten mot Verden Ende og F\u00e6rder. Etter det fikk fjellet navnet Bellevista. (\u2248 fin utsikt) . P\u00e5 kommunale kart er det feilaktig skrevet Bellevita-fjell<\/p>\n\n\n\n<p>Strand Pensjonat eller Strand Kystsanatorium var antagelig det som var mest omfattende og hadde flest gjester.<\/p>\n\n\n\n<figure class=\"wp-block-image size-full is-resized is-style-default\"><img loading=\"lazy\" decoding=\"async\" src=\"http:\/\/anders.no\/wp3\/wp-content\/uploads\/2022\/01\/strand-bilde-3.jpg\" alt=\"\" class=\"wp-image-939\" style=\"width:621px;height:402px\" width=\"621\" height=\"402\"\/><\/figure>\n\n\n\n<p>Strand Pensjonat med den gamle l\u00e5ven og spisesalen. L\u00e5ven kan ikke jeg huske (jeg er f\u00f8dt i 1954). Spisesalen sto der til begynnelsen av 60-tallet. Jeg kan ogs\u00e5 huske at min mormor jobbet litt p\u00e5 kj\u00f8kkenet og at jentene satt ute og skrelte poteter f\u00f8r middag da jeg kom p\u00e5 bes\u00f8k. I 1901 ble &laquo;Villaen&raquo; bygget. Ny spisesal + m\u00f8tesal ble bygd i 1961 s\u00e5 vidt jeg husker. Den siste som drev pensjonatet var Arthur Eian med familie.  P\u00e5 en av de historiske vandringene til Vellaget fortalte datteren Ingrid Eian  g. Holtan om at hun som ung jente m\u00e5tte g\u00e5 med varmt vann i en bolle opp til villaen slik at herrene som bodde der kunne f\u00e5 barbert seg.  Hun fortalte ogs\u00e5 om utfordringen med \u00e5 hindre at fl\u00f8ten ble sur der den ble lagret i kjelleren n\u00e5r de hadde mange selskap og det skulle bakes bl\u00f8tkake. I 1929 bygde Arthur Eian et tilbygg og drev kolonialforretning p\u00e5 stedet. Etter hvert ble stedet leid ut til m\u00f8ter for Indremisjonen og den virksomheten ble s\u00e5 omfattende og dominerende at Indremisjonen overtok hele eiendommen. Arthur Eian kj\u00f8pte da naboeiendommen (94\/1) av kommunen og bosatte seg der rett f\u00f8r jul i 1945. <\/p>\n\n\n\n<p>Stiger Pensjonat var det som var lengst i drift. Stedet ble drevet av fru Backer og hennes d\u00f8tre.<\/p>\n\n\n\n<p><a href=\"https:\/\/anders.no\/wp3\/2021\/02\/02\/fest_i_stiger\/\" data-type=\"post\" data-id=\"503\">Se egen historie om fest i Stiger <\/a> <\/p>\n","protected":false},"excerpt":{"rendered":"<p>Vi vet at det var pensjonat i Stiger, p\u00e5 Strand (Leirstedet) og p\u00e5 Sunde (Skontorp). Hos Hansen Sunde (n\u00e5v. Mikkelsen) tok de ogs\u00e5 i mot sommergjester. Ogs\u00e5 i Tallakshavn var<a class=\"moretag\" href=\"https:\/\/anders.no\/wp3\/sommerpensjonatene-i-osteroya\/\"> &#8230;<\/a><\/p>\n","protected":false},"author":1,"featured_media":0,"parent":0,"menu_order":0,"comment_status":"closed","ping_status":"closed","template":"","meta":{"footnotes":"","advanced-sidebar-menu\/link-title":"","advanced-sidebar-menu\/exclude-page":false},"class_list":["post-938","page","type-page","status-publish","hentry"],"_links":{"self":[{"href":"https:\/\/anders.no\/wp3\/wp-json\/wp\/v2\/pages\/938","targetHints":{"allow":["GET"]}}],"collection":[{"href":"https:\/\/anders.no\/wp3\/wp-json\/wp\/v2\/pages"}],"about":[{"href":"https:\/\/anders.no\/wp3\/wp-json\/wp\/v2\/types\/page"}],"author":[{"embeddable":true,"href":"https:\/\/anders.no\/wp3\/wp-json\/wp\/v2\/users\/1"}],"replies":[{"embeddable":true,"href":"https:\/\/anders.no\/wp3\/wp-json\/wp\/v2\/comments?post=938"}],"version-history":[{"count":5,"href":"https:\/\/anders.no\/wp3\/wp-json\/wp\/v2\/pages\/938\/revisions"}],"predecessor-version":[{"id":1579,"href":"https:\/\/anders.no\/wp3\/wp-json\/wp\/v2\/pages\/938\/revisions\/1579"}],"wp:attachment":[{"href":"https:\/\/anders.no\/wp3\/wp-json\/wp\/v2\/media?parent=938"}],"curies":[{"name":"wp","href":"https:\/\/api.w.org\/{rel}","templated":true}]}}