{"id":895,"date":"2021-03-07T19:18:46","date_gmt":"2021-03-07T19:18:46","guid":{"rendered":"http:\/\/anders.no\/wp3\/?page_id=895"},"modified":"2021-04-05T16:09:10","modified_gmt":"2021-04-05T16:09:10","slug":"strand-n","status":"publish","type":"page","link":"https:\/\/anders.no\/wp3\/osteroya\/gardshistorie\/strand-n\/","title":{"rendered":"Strand N"},"content":{"rendered":"\n<p>Svanborg eide g\u00e5rden og solgte til \u00d8stby ( Berit Stenvik sin morfar) . Deretter kj\u00f8pte Deinboll som som til Mikkelsen (Hytter og Hus A\/S) midt p\u00e5 1960-tallet<\/p>\n\n\n\n<p>Bryggerhuset ble delt fra og Terje Jensen-Eian bygde om huset. <\/p>\n\n\n\n<p>Hans Skontorp kj\u00f8pte g\u00e5rden og jorda ble lagt til Sunde-g\u00e5rden. Framhusene ble solgt og Sissel Gulbandsen og mann eide en periode<\/p>\n\n\n\n<p><strong>Deinboll Tweed<\/strong><\/p>\n","protected":false},"excerpt":{"rendered":"<p>Svanborg eide g\u00e5rden og solgte til \u00d8stby ( Berit Stenvik sin morfar) . Deretter kj\u00f8pte Deinboll som som til Mikkelsen (Hytter og Hus A\/S) midt p\u00e5 1960-tallet Bryggerhuset ble delt<a class=\"moretag\" href=\"https:\/\/anders.no\/wp3\/osteroya\/gardshistorie\/strand-n\/\"> &#8230;<\/a><\/p>\n","protected":false},"author":1,"featured_media":0,"parent":260,"menu_order":4,"comment_status":"closed","ping_status":"closed","template":"","meta":{"footnotes":"","advanced-sidebar-menu\/link-title":"","advanced-sidebar-menu\/exclude-page":false},"class_list":["post-895","page","type-page","status-publish","hentry"],"_links":{"self":[{"href":"https:\/\/anders.no\/wp3\/wp-json\/wp\/v2\/pages\/895","targetHints":{"allow":["GET"]}}],"collection":[{"href":"https:\/\/anders.no\/wp3\/wp-json\/wp\/v2\/pages"}],"about":[{"href":"https:\/\/anders.no\/wp3\/wp-json\/wp\/v2\/types\/page"}],"author":[{"embeddable":true,"href":"https:\/\/anders.no\/wp3\/wp-json\/wp\/v2\/users\/1"}],"replies":[{"embeddable":true,"href":"https:\/\/anders.no\/wp3\/wp-json\/wp\/v2\/comments?post=895"}],"version-history":[{"count":1,"href":"https:\/\/anders.no\/wp3\/wp-json\/wp\/v2\/pages\/895\/revisions"}],"predecessor-version":[{"id":897,"href":"https:\/\/anders.no\/wp3\/wp-json\/wp\/v2\/pages\/895\/revisions\/897"}],"up":[{"embeddable":true,"href":"https:\/\/anders.no\/wp3\/wp-json\/wp\/v2\/pages\/260"}],"wp:attachment":[{"href":"https:\/\/anders.no\/wp3\/wp-json\/wp\/v2\/media?parent=895"}],"curies":[{"name":"wp","href":"https:\/\/api.w.org\/{rel}","templated":true}]}}