{"id":795,"date":"2021-02-07T07:49:12","date_gmt":"2021-02-07T07:49:12","guid":{"rendered":"http:\/\/anders.no\/wp3\/?page_id=795"},"modified":"2022-03-22T11:50:47","modified_gmt":"2022-03-22T11:50:47","slug":"christoffersen","status":"publish","type":"page","link":"https:\/\/anders.no\/wp3\/slektshistorie\/anders-sin-slekt\/christoffersen\/","title":{"rendered":"Christoffersen-slekt"},"content":{"rendered":"\n<p>Mor Ellen Mari Christoffersen;  se hennes aner her : <a rel=\"noreferrer noopener\" href=\"http:\/\/anders.no\/historie\/pedigree.php?personID=I3&amp;tree=tree1\" target=\"_blank\">http:\/\/anders.no\/historie\/pedigree.php?personID=I3&amp;tree=tree1<\/a><\/p>\n\n\n\n<p>Mormor : Margit Ludvigsen. Hennes aner kommer fra Stokke, Melsomvik og Tj\u00f8me. Hennes far, Kristen Ludvigsen er f\u00f8dt i 1866 p\u00e5 Sandb\u00e6k p\u00e5 Tj\u00f8me. Han var skipst\u00f8mmermann og giftet seg med Anna Mathilde fra Storevahr og bosatte seg flere steder i Stokke. De bodde nede i Melsomvik ved havna og ogs\u00e5 i det huset som senere ble bedehus. De hadde hus p\u00e5 R\u00f8rkoll og i en periode eide han en g\u00e5rd p\u00e5 L\u00f8ke. Yngste datter , Kitty, forteller at han var veldig streng og at hun som 13-\u00e5ring m\u00e5tte sp\u00f8rre om lov til \u00e5 g\u00e5 til n\u00e6rmeste nabo (Dr\u00e6gb\u00f8).  Min mormor forteller at han var rakrygget og rettskaffen.<\/p>\n\n\n\n<figure class=\"wp-block-image size-large is-resized is-style-default\"><img loading=\"lazy\" decoding=\"async\" src=\"http:\/\/anders.no\/wp3\/wp-content\/uploads\/2021\/02\/Anna-Mathilde-Ludvigsen-Agot-Kristen-Ludvigsen-Liv-Andersen-g.-Aarseth-1024x942.jpg\" alt=\"\" class=\"wp-image-801\" width=\"325\" height=\"298\" srcset=\"https:\/\/anders.no\/wp3\/wp-content\/uploads\/2021\/02\/Anna-Mathilde-Ludvigsen-Agot-Kristen-Ludvigsen-Liv-Andersen-g.-Aarseth-1024x942.jpg 1024w, https:\/\/anders.no\/wp3\/wp-content\/uploads\/2021\/02\/Anna-Mathilde-Ludvigsen-Agot-Kristen-Ludvigsen-Liv-Andersen-g.-Aarseth-300x276.jpg 300w, https:\/\/anders.no\/wp3\/wp-content\/uploads\/2021\/02\/Anna-Mathilde-Ludvigsen-Agot-Kristen-Ludvigsen-Liv-Andersen-g.-Aarseth-768x706.jpg 768w, https:\/\/anders.no\/wp3\/wp-content\/uploads\/2021\/02\/Anna-Mathilde-Ludvigsen-Agot-Kristen-Ludvigsen-Liv-Andersen-g.-Aarseth.jpg 1296w\" sizes=\"auto, (max-width: 325px) 100vw, 325px\" \/><figcaption><em>Anna Mathilde Mathiasdatter Storevahr, datter Aagot, Kristen Ludvigsen, datterdatter Liv<\/em> (g. Aarseth)<\/figcaption><\/figure>\n\n\n\n<figure class=\"wp-block-image size-large is-resized is-style-default\"><img loading=\"lazy\" decoding=\"async\" src=\"http:\/\/anders.no\/wp3\/wp-content\/uploads\/2021\/02\/Anna-Mathilde-bestemorStokke-600-1024x607.jpg\" alt=\"\" class=\"wp-image-808\" width=\"387\" height=\"228\" srcset=\"https:\/\/anders.no\/wp3\/wp-content\/uploads\/2021\/02\/Anna-Mathilde-bestemorStokke-600-1024x607.jpg 1024w, https:\/\/anders.no\/wp3\/wp-content\/uploads\/2021\/02\/Anna-Mathilde-bestemorStokke-600-300x178.jpg 300w, https:\/\/anders.no\/wp3\/wp-content\/uploads\/2021\/02\/Anna-Mathilde-bestemorStokke-600-768x455.jpg 768w, https:\/\/anders.no\/wp3\/wp-content\/uploads\/2021\/02\/Anna-Mathilde-bestemorStokke-600.jpg 1179w\" sizes=\"auto, (max-width: 387px) 100vw, 387px\" \/><figcaption>Anna Mathilde, antagelig p\u00e5 R\u00f8rkoll hvor de holdt seg med ei ku. <\/figcaption><\/figure>\n\n\n\n<p>Morfar : Torbj\u00f8rn Christoffersen er f\u00f8dt i Drammen og hans forfedre bodde   i Mj\u00f8ndalen. I 1875 bor hans bestefar Kristoffer Larsen p\u00e5 Hestmyren <\/p>\n\n\n\n<figure class=\"wp-block-image size-large is-resized is-style-default\"><img loading=\"lazy\" decoding=\"async\" src=\"http:\/\/anders.no\/wp3\/wp-content\/uploads\/2021\/02\/Hestmyren-kart.png\" alt=\"\" class=\"wp-image-797\" width=\"522\" height=\"361\" srcset=\"https:\/\/anders.no\/wp3\/wp-content\/uploads\/2021\/02\/Hestmyren-kart.png 995w, https:\/\/anders.no\/wp3\/wp-content\/uploads\/2021\/02\/Hestmyren-kart-300x208.png 300w, https:\/\/anders.no\/wp3\/wp-content\/uploads\/2021\/02\/Hestmyren-kart-768x532.png 768w\" sizes=\"auto, (max-width: 522px) 100vw, 522px\" \/><\/figure>\n\n\n\n<p>En av familiehistoriene er at de var nabo med Wildenvey p\u00e5 Port\u00e5s. De l\u00e5 ikke akkurat vegg i vegg, og kartet viser de to plassene i tidligere Nedre Eiker kommune. Kristoffer Larsen er Anders sin tipp-tippoldefar, og han bor der sammen med sin s\u00f8nn s\u00e5 sent som i 1900. \u2026 og det er fra denne personen Christoffersen-navnet stammer.<\/p>\n\n\n\n<p>S\u00f8nnen Anton Lauritz  jobber ved jernbanen og kommer etter hvert til jernbanen i Sandefjord. I 1891 bor han i vokterboligen ved stasjonen. Kona d\u00f8r i 1896 og han gifter seg p\u00e5 nytt med Severine Larsen p\u00e5 Unneberg og de fikk s\u00f8nnen Lars. <\/p>\n\n\n\n<p>I 1900 bor Anton sine barn, Ingeborg, Arnt og Kristoffer hos han og Severine p\u00e5 Unneberg. Dessuten finner vi ogs\u00e5 her Nikolay Larsen som var Severines 20 \u00e5r yngre bror.<br>Anton d\u00f8de den 31 mar 1905, p\u00e5 Unneberg i Sandar 56 \u00e5r gammel; av t\u00e6ring(tuberkulose). Da var Lars bare 4 \u00e5r gammel. Senere bodde morfars s\u00f8ster, Borghild , her og ble sydame (skredder ?) hos Severine. tante Borghild giftet seg Erling Bolt-Hansen og bodde her til hun d\u00f8de. Men det var Lars som eide huset og han og kona Alvilde var mye her. <br>Sammen med Severine og Lars bor i 1910 ogs\u00e5 Ingeborg Kristoffersen ( f. 1884) , datter til hennes avd\u00f8de mann, Anton.Christian ( min oldefar), Antons s\u00f8nn,  jobber ogs\u00e5 ved jernbanen som telegrafist. Min morfar er f\u00f8dt 1895 i Drammen. Broren Kjeld i Stokke 1902 og Toffe (Christoffer) i Sandar i 1907.  I 1910 bor han og kona Hanna Karoline Kjeldsen  p\u00e5 Freberg sammen med 7 av barna. Han jobber p\u00e5 Framn\u00e6s Mek.  Morfar Torbj\u00f8rn er g\u00e5rdsgutt p\u00e5 Sjuve (Bonden).<\/p>\n\n\n\n<figure class=\"wp-block-image size-large is-resized is-style-default\"><img loading=\"lazy\" decoding=\"async\" src=\"http:\/\/anders.no\/wp3\/wp-content\/uploads\/2021\/02\/image-8.png\" alt=\"\" class=\"wp-image-809\" width=\"249\" height=\"141\" srcset=\"https:\/\/anders.no\/wp3\/wp-content\/uploads\/2021\/02\/image-8.png 846w, https:\/\/anders.no\/wp3\/wp-content\/uploads\/2021\/02\/image-8-300x171.png 300w, https:\/\/anders.no\/wp3\/wp-content\/uploads\/2021\/02\/image-8-768x437.png 768w, https:\/\/anders.no\/wp3\/wp-content\/uploads\/2021\/02\/image-8-710x400.png 710w\" sizes=\"auto, (max-width: 249px) 100vw, 249px\" \/><figcaption><em>I dette lille huset p\u00e5 Freberg\/Helger\u00f8dveien  bodde familien med 12 barn <\/em><\/figcaption><\/figure>\n\n\n\n<p>Hanna Karolines slekt kom fra Stokke og f\u00f8r det igjen fra Borgen i Svarstad. <\/p>\n\n\n\n<p>Morfar begynner 16 \u00e5r gammel som visergutt hos Sperre. Der blir han til han g\u00e5r av pensjon. <\/p>\n\n\n\n<figure class=\"wp-block-image size-large is-style-default\"><img loading=\"lazy\" decoding=\"async\" width=\"1024\" height=\"559\" src=\"http:\/\/anders.no\/wp3\/wp-content\/uploads\/2021\/02\/Butikken-til-Sperre-1024x559.jpg\" alt=\"\" class=\"wp-image-810\" srcset=\"https:\/\/anders.no\/wp3\/wp-content\/uploads\/2021\/02\/Butikken-til-Sperre-1024x559.jpg 1024w, https:\/\/anders.no\/wp3\/wp-content\/uploads\/2021\/02\/Butikken-til-Sperre-300x164.jpg 300w, https:\/\/anders.no\/wp3\/wp-content\/uploads\/2021\/02\/Butikken-til-Sperre-768x420.jpg 768w, https:\/\/anders.no\/wp3\/wp-content\/uploads\/2021\/02\/Butikken-til-Sperre.jpg 1470w\" sizes=\"auto, (max-width: 1024px) 100vw, 1024px\" \/><\/figure>\n\n\n\n<figure class=\"wp-block-image size-large is-style-default\"><img loading=\"lazy\" decoding=\"async\" width=\"2560\" height=\"1873\" src=\"http:\/\/anders.no\/wp3\/wp-content\/uploads\/2021\/02\/Sperres-kolonial-edited-scaled.jpg\" alt=\"\" class=\"wp-image-812\" srcset=\"https:\/\/anders.no\/wp3\/wp-content\/uploads\/2021\/02\/Sperres-kolonial-edited-scaled.jpg 2560w, https:\/\/anders.no\/wp3\/wp-content\/uploads\/2021\/02\/Sperres-kolonial-edited-300x219.jpg 300w, https:\/\/anders.no\/wp3\/wp-content\/uploads\/2021\/02\/Sperres-kolonial-edited-1024x749.jpg 1024w, https:\/\/anders.no\/wp3\/wp-content\/uploads\/2021\/02\/Sperres-kolonial-edited-768x562.jpg 768w, https:\/\/anders.no\/wp3\/wp-content\/uploads\/2021\/02\/Sperres-kolonial-edited-1536x1124.jpg 1536w, https:\/\/anders.no\/wp3\/wp-content\/uploads\/2021\/02\/Sperres-kolonial-edited-2048x1498.jpg 2048w\" sizes=\"auto, (max-width: 2560px) 100vw, 2560px\" \/><figcaption>Betjeningen hos Sperre. Morfar nr 5 fra h\u00f8yre<\/figcaption><\/figure>\n\n\n\n<p>Mormor , Margit Ludvigsen, flyttet fra R\u00f8rkoll til Sandefjord som 15\u00e5ring og hadde f\u00e5tt huspost hos baker Steinsholt. Hun traff Torbj\u00f8rn p\u00e5 fest p\u00e5 lokalet p\u00e5 Fevang og de giftet seg i 1926. Da var hun 18 og han 31 \u00e5r.  Hun sydde og kokte for \u00e5 spe p\u00e5 familiens inntekt.  Hun sydde for Ole Gjekstads butikk og skipshandel; flagg, dynetrekk, slingreduker og k\u00f8yegardiner. I en notatbok har hun ogs\u00e5 notert at hun har sydd skjorter for Knut Lind, Kristins grandonkel.<\/p>\n\n\n\n<figure class=\"wp-block-image size-large is-resized is-style-default\"><img loading=\"lazy\" decoding=\"async\" src=\"http:\/\/anders.no\/wp3\/wp-content\/uploads\/2021\/02\/Sydd-for-Gjekstad-_-1960-907x1024.png\" alt=\"\" class=\"wp-image-818\" width=\"404\" height=\"455\" srcset=\"https:\/\/anders.no\/wp3\/wp-content\/uploads\/2021\/02\/Sydd-for-Gjekstad-_-1960-907x1024.png 907w, https:\/\/anders.no\/wp3\/wp-content\/uploads\/2021\/02\/Sydd-for-Gjekstad-_-1960-266x300.png 266w, https:\/\/anders.no\/wp3\/wp-content\/uploads\/2021\/02\/Sydd-for-Gjekstad-_-1960-768x867.png 768w, https:\/\/anders.no\/wp3\/wp-content\/uploads\/2021\/02\/Sydd-for-Gjekstad-_-1960-1360x1536.png 1360w, https:\/\/anders.no\/wp3\/wp-content\/uploads\/2021\/02\/Sydd-for-Gjekstad-_-1960-1814x2048.png 1814w, https:\/\/anders.no\/wp3\/wp-content\/uploads\/2021\/02\/Sydd-for-Gjekstad-_-1960.png 1876w\" sizes=\"auto, (max-width: 404px) 100vw, 404px\" \/><\/figure>\n\n\n\n<p>Notatet over viser ogs\u00e5 at hun sydde uniformer til Park Hotell som var \u00e5pnet \u00e5ret f\u00f8r. <\/p>\n","protected":false},"excerpt":{"rendered":"<p>Mor Ellen Mari Christoffersen; se hennes aner her : http:\/\/anders.no\/historie\/pedigree.php?personID=I3&amp;tree=tree1 Mormor : Margit Ludvigsen. Hennes aner kommer fra Stokke, Melsomvik og Tj\u00f8me. Hennes far, Kristen Ludvigsen er f\u00f8dt i 1866<a class=\"moretag\" href=\"https:\/\/anders.no\/wp3\/slektshistorie\/anders-sin-slekt\/christoffersen\/\"> &#8230;<\/a><\/p>\n","protected":false},"author":1,"featured_media":0,"parent":443,"menu_order":0,"comment_status":"closed","ping_status":"closed","template":"","meta":{"footnotes":"","advanced-sidebar-menu\/link-title":"","advanced-sidebar-menu\/exclude-page":false},"class_list":["post-795","page","type-page","status-publish","hentry"],"_links":{"self":[{"href":"https:\/\/anders.no\/wp3\/wp-json\/wp\/v2\/pages\/795","targetHints":{"allow":["GET"]}}],"collection":[{"href":"https:\/\/anders.no\/wp3\/wp-json\/wp\/v2\/pages"}],"about":[{"href":"https:\/\/anders.no\/wp3\/wp-json\/wp\/v2\/types\/page"}],"author":[{"embeddable":true,"href":"https:\/\/anders.no\/wp3\/wp-json\/wp\/v2\/users\/1"}],"replies":[{"embeddable":true,"href":"https:\/\/anders.no\/wp3\/wp-json\/wp\/v2\/comments?post=795"}],"version-history":[{"count":19,"href":"https:\/\/anders.no\/wp3\/wp-json\/wp\/v2\/pages\/795\/revisions"}],"predecessor-version":[{"id":1464,"href":"https:\/\/anders.no\/wp3\/wp-json\/wp\/v2\/pages\/795\/revisions\/1464"}],"up":[{"embeddable":true,"href":"https:\/\/anders.no\/wp3\/wp-json\/wp\/v2\/pages\/443"}],"wp:attachment":[{"href":"https:\/\/anders.no\/wp3\/wp-json\/wp\/v2\/media?parent=795"}],"curies":[{"name":"wp","href":"https:\/\/api.w.org\/{rel}","templated":true}]}}