{"id":737,"date":"2021-02-04T21:44:05","date_gmt":"2021-02-04T21:44:05","guid":{"rendered":"http:\/\/anders.no\/wp3\/?page_id=737"},"modified":"2025-06-22T08:48:35","modified_gmt":"2025-06-22T08:48:35","slug":"osteroy-skole","status":"publish","type":"page","link":"https:\/\/anders.no\/wp3\/osteroya\/osteroy-skole\/","title":{"rendered":"\u00d8ster\u00f8y Skole"},"content":{"rendered":"\n<p>Skolebygget<\/p>\n\n\n\n<p><a href=\"http:\/\/anders.no\/wp3\/osteroya\/osteroy-skole\/osteroy-skole-100-ar\/\" data-type=\"page\" data-id=\"976\">100 \u00e5r<\/a> bilder fra jubileumsfest<\/p>\n\n\n\n<p>L\u00e6rere<\/p>\n\n\n\n<p>Skolen og Vellaget av Arne Damsg\u00e5rd<\/p>\n\n\n\n<div data-wp-interactive=\"core\/file\" class=\"wp-block-file\"><object data-wp-bind--hidden=\"!state.hasPdfPreview\" hidden class=\"wp-block-file__embed\" data=\"https:\/\/anders.no\/wp3\/wp-content\/uploads\/2022\/01\/Damsgards-notat-om-skolen-og-vellaget.pdf\" type=\"application\/pdf\" style=\"width:100%;height:1500px\" aria-label=\"Innbygging av Damsgards-notat-om-skolen-og-vellaget\"><\/object><a href=\"https:\/\/anders.no\/wp3\/wp-content\/uploads\/2022\/01\/Damsgards-notat-om-skolen-og-vellaget.pdf\">Damsgards-notat-om-skolen-og-vellaget<\/a><\/div>\n\n\n\n<p><a href=\"https:\/\/anders.no\/wp3\/intervju-kristian-hakonsen\/\" data-type=\"page\" data-id=\"1803\">Intervju med Kristian H\u00e5konsen om skolen<\/a><\/p>\n\n\n\n<p><\/p>\n","protected":false},"excerpt":{"rendered":"<p>Skolebygget 100 \u00e5r bilder fra jubileumsfest L\u00e6rere Skolen og Vellaget av Arne Damsg\u00e5rd Intervju med Kristian H\u00e5konsen om skolen<\/p>\n","protected":false},"author":1,"featured_media":0,"parent":251,"menu_order":0,"comment_status":"open","ping_status":"closed","template":"","meta":{"footnotes":"","advanced-sidebar-menu\/link-title":"","advanced-sidebar-menu\/exclude-page":false},"class_list":["post-737","page","type-page","status-publish","hentry"],"_links":{"self":[{"href":"https:\/\/anders.no\/wp3\/wp-json\/wp\/v2\/pages\/737","targetHints":{"allow":["GET"]}}],"collection":[{"href":"https:\/\/anders.no\/wp3\/wp-json\/wp\/v2\/pages"}],"about":[{"href":"https:\/\/anders.no\/wp3\/wp-json\/wp\/v2\/types\/page"}],"author":[{"embeddable":true,"href":"https:\/\/anders.no\/wp3\/wp-json\/wp\/v2\/users\/1"}],"replies":[{"embeddable":true,"href":"https:\/\/anders.no\/wp3\/wp-json\/wp\/v2\/comments?post=737"}],"version-history":[{"count":8,"href":"https:\/\/anders.no\/wp3\/wp-json\/wp\/v2\/pages\/737\/revisions"}],"predecessor-version":[{"id":1816,"href":"https:\/\/anders.no\/wp3\/wp-json\/wp\/v2\/pages\/737\/revisions\/1816"}],"up":[{"embeddable":true,"href":"https:\/\/anders.no\/wp3\/wp-json\/wp\/v2\/pages\/251"}],"wp:attachment":[{"href":"https:\/\/anders.no\/wp3\/wp-json\/wp\/v2\/media?parent=737"}],"curies":[{"name":"wp","href":"https:\/\/api.w.org\/{rel}","templated":true}]}}