{"id":716,"date":"2021-02-04T18:34:20","date_gmt":"2021-02-04T18:34:20","guid":{"rendered":"http:\/\/anders.no\/wp3\/?page_id=716"},"modified":"2021-05-23T21:30:26","modified_gmt":"2021-05-23T21:30:26","slug":"strand-s-94-4-hynne","status":"publish","type":"page","link":"https:\/\/anders.no\/wp3\/osteroya\/gardshistorie\/strand-s-94-4-hynne\/","title":{"rendered":"Strand S 94\/4 -Hynne"},"content":{"rendered":"\n<div class=\"wp-block-image is-style-default\"><figure class=\"aligncenter size-large is-resized\"><img loading=\"lazy\" decoding=\"async\" src=\"http:\/\/anders.no\/wp3\/wp-content\/uploads\/2021\/02\/2014-03-29-09.37.49-1024x683.jpg\" alt=\"\" class=\"wp-image-717\" width=\"768\" height=\"512\" srcset=\"https:\/\/anders.no\/wp3\/wp-content\/uploads\/2021\/02\/2014-03-29-09.37.49-1024x683.jpg 1024w, https:\/\/anders.no\/wp3\/wp-content\/uploads\/2021\/02\/2014-03-29-09.37.49-300x200.jpg 300w, https:\/\/anders.no\/wp3\/wp-content\/uploads\/2021\/02\/2014-03-29-09.37.49-768x512.jpg 768w, https:\/\/anders.no\/wp3\/wp-content\/uploads\/2021\/02\/2014-03-29-09.37.49-1536x1024.jpg 1536w, https:\/\/anders.no\/wp3\/wp-content\/uploads\/2021\/02\/2014-03-29-09.37.49-2048x1365.jpg 2048w\" sizes=\"auto, (max-width: 768px) 100vw, 768px\" \/><figcaption>Bilde fra 2014<\/figcaption><\/figure><\/div>\n\n\n\n<figure class=\"wp-block-gallery columns-2 is-cropped wp-block-gallery-1 is-layout-flex wp-block-gallery-is-layout-flex\"><ul class=\"blocks-gallery-grid\"><li class=\"blocks-gallery-item\"><figure><img loading=\"lazy\" decoding=\"async\" width=\"1024\" height=\"776\" src=\"http:\/\/anders.no\/wp3\/wp-content\/uploads\/2021\/05\/Stor-bjork-2-1024x776.jpg\" alt=\"\" data-id=\"915\" data-full-url=\"http:\/\/anders.no\/wp3\/wp-content\/uploads\/2021\/05\/Stor-bjork-2-scaled.jpg\" data-link=\"http:\/\/anders.no\/wp3\/osteroya\/gardshistroie\/strand-s-94-4-hynne\/stor-bjork-2\/\" class=\"wp-image-915\" srcset=\"https:\/\/anders.no\/wp3\/wp-content\/uploads\/2021\/05\/Stor-bjork-2-1024x776.jpg 1024w, https:\/\/anders.no\/wp3\/wp-content\/uploads\/2021\/05\/Stor-bjork-2-300x227.jpg 300w, https:\/\/anders.no\/wp3\/wp-content\/uploads\/2021\/05\/Stor-bjork-2-768x582.jpg 768w, https:\/\/anders.no\/wp3\/wp-content\/uploads\/2021\/05\/Stor-bjork-2-1536x1165.jpg 1536w, https:\/\/anders.no\/wp3\/wp-content\/uploads\/2021\/05\/Stor-bjork-2-2048x1553.jpg 2048w\" sizes=\"auto, (max-width: 1024px) 100vw, 1024px\" \/><\/figure><\/li><li class=\"blocks-gallery-item\"><figure><img loading=\"lazy\" decoding=\"async\" width=\"1024\" height=\"774\" src=\"http:\/\/anders.no\/wp3\/wp-content\/uploads\/2021\/05\/Stor-bjork-1-1024x774.jpg\" alt=\"\" data-id=\"916\" data-full-url=\"http:\/\/anders.no\/wp3\/wp-content\/uploads\/2021\/05\/Stor-bjork-1-scaled.jpg\" data-link=\"http:\/\/anders.no\/wp3\/osteroya\/gardshistroie\/strand-s-94-4-hynne\/stor-bjork-1\/\" class=\"wp-image-916\" srcset=\"https:\/\/anders.no\/wp3\/wp-content\/uploads\/2021\/05\/Stor-bjork-1-1024x774.jpg 1024w, https:\/\/anders.no\/wp3\/wp-content\/uploads\/2021\/05\/Stor-bjork-1-300x227.jpg 300w, https:\/\/anders.no\/wp3\/wp-content\/uploads\/2021\/05\/Stor-bjork-1-768x581.jpg 768w, https:\/\/anders.no\/wp3\/wp-content\/uploads\/2021\/05\/Stor-bjork-1-1536x1162.jpg 1536w, https:\/\/anders.no\/wp3\/wp-content\/uploads\/2021\/05\/Stor-bjork-1-2048x1549.jpg 2048w\" sizes=\"auto, (max-width: 1024px) 100vw, 1024px\" \/><\/figure><\/li><\/ul><figcaption class=\"blocks-gallery-caption\">Disse to bildene er tatt i 1928 av to bjerketr\u00e6r som sto p\u00e5 eiendommen p\u00e5 toppen av bakken ved lekeplassen. <\/figcaption><\/figure>\n\n\n\n<p>Tr\u00e6rne var ber\u00f8mt og hadde navnet Bruden og  Brudgommen. Andre kalte dem for Kongen og Dronninga. Det har blitt fortalt at Busselskapet  Dalen reklamerte med busstur til \u00d8ster\u00f8ya med innlagt bes\u00f8k her for \u00e5 se p\u00e5 tr\u00e6rne. Tr\u00e6rne sto opp til &laquo;v\u00e5r tid&raquo; og Aage Hynne forteller at det var Rudolf Frantzen som felte den siste da den rett og slett var for gammel og svak. <\/p>\n\n\n\n<p>Bildene er tatt av en kjent botaniker, naturverner og kvinnelig fotograf, Hanna Resvold-Holmsen. Bildene finnes i <a href=\"https:\/\/www.nb.no\/items\/ce26e0a2a81967fe1b6c9e7fd003935e?page=0&amp;searchText=\" data-type=\"URL\" data-id=\"https:\/\/www.nb.no\/items\/ce26e0a2a81967fe1b6c9e7fd003935e?page=0&amp;searchText=\">Nasjonalbiblioteket. <\/a><\/p>\n","protected":false},"excerpt":{"rendered":"<p>Tr\u00e6rne var ber\u00f8mt og hadde navnet Bruden og Brudgommen. Andre kalte dem for Kongen og Dronninga. Det har blitt fortalt at Busselskapet Dalen reklamerte med busstur til \u00d8ster\u00f8ya med innlagt<a class=\"moretag\" href=\"https:\/\/anders.no\/wp3\/osteroya\/gardshistorie\/strand-s-94-4-hynne\/\"> &#8230;<\/a><\/p>\n","protected":false},"author":1,"featured_media":0,"parent":260,"menu_order":0,"comment_status":"closed","ping_status":"closed","template":"","meta":{"footnotes":"","advanced-sidebar-menu\/link-title":"","advanced-sidebar-menu\/exclude-page":false},"class_list":["post-716","page","type-page","status-publish","hentry"],"_links":{"self":[{"href":"https:\/\/anders.no\/wp3\/wp-json\/wp\/v2\/pages\/716","targetHints":{"allow":["GET"]}}],"collection":[{"href":"https:\/\/anders.no\/wp3\/wp-json\/wp\/v2\/pages"}],"about":[{"href":"https:\/\/anders.no\/wp3\/wp-json\/wp\/v2\/types\/page"}],"author":[{"embeddable":true,"href":"https:\/\/anders.no\/wp3\/wp-json\/wp\/v2\/users\/1"}],"replies":[{"embeddable":true,"href":"https:\/\/anders.no\/wp3\/wp-json\/wp\/v2\/comments?post=716"}],"version-history":[{"count":11,"href":"https:\/\/anders.no\/wp3\/wp-json\/wp\/v2\/pages\/716\/revisions"}],"predecessor-version":[{"id":917,"href":"https:\/\/anders.no\/wp3\/wp-json\/wp\/v2\/pages\/716\/revisions\/917"}],"up":[{"embeddable":true,"href":"https:\/\/anders.no\/wp3\/wp-json\/wp\/v2\/pages\/260"}],"wp:attachment":[{"href":"https:\/\/anders.no\/wp3\/wp-json\/wp\/v2\/media?parent=716"}],"curies":[{"name":"wp","href":"https:\/\/api.w.org\/{rel}","templated":true}]}}