{"id":689,"date":"2021-02-03T19:16:24","date_gmt":"2021-02-03T19:16:24","guid":{"rendered":"http:\/\/anders.no\/wp3\/?page_id=689"},"modified":"2022-01-10T19:05:53","modified_gmt":"2022-01-10T19:05:53","slug":"osteroy-vellag","status":"publish","type":"page","link":"https:\/\/anders.no\/wp3\/osteroya\/osteroy-vellag\/","title":{"rendered":"\u00d8ster\u00f8y Vellag"},"content":{"rendered":"\n<p>Stiftet i 1964<\/p>\n\n\n\n<p>F\u00f8rste formann var Olav G. Andersen<\/p>\n\n\n\n<p>Bilder fra 17.maifeiring p\u00e5 skolen<\/p>\n\n\n\n<figure class=\"wp-block-gallery columns-1 is-cropped wp-block-gallery-1 is-layout-flex wp-block-gallery-is-layout-flex\"><ul class=\"blocks-gallery-grid\"><li class=\"blocks-gallery-item\"><figure><img loading=\"lazy\" decoding=\"async\" width=\"1024\" height=\"868\" src=\"http:\/\/anders.no\/wp3\/wp-content\/uploads\/2021\/02\/Randi-og-Torbjorn-Danielsen-pa-skolen-17_mai-scaled-e1612379703863-1024x868.jpg\" alt=\"\" data-id=\"686\" data-full-url=\"http:\/\/anders.no\/wp3\/wp-content\/uploads\/2021\/02\/Randi-og-Torbjorn-Danielsen-pa-skolen-17_mai-scaled-e1612379703863.jpg\" data-link=\"http:\/\/anders.no\/wp3\/randi-og-torbjorn-danielsen-pa-skolen-17_mai\/\" class=\"wp-image-686\" srcset=\"https:\/\/anders.no\/wp3\/wp-content\/uploads\/2021\/02\/Randi-og-Torbjorn-Danielsen-pa-skolen-17_mai-scaled-e1612379703863-1024x868.jpg 1024w, https:\/\/anders.no\/wp3\/wp-content\/uploads\/2021\/02\/Randi-og-Torbjorn-Danielsen-pa-skolen-17_mai-scaled-e1612379703863-300x254.jpg 300w, https:\/\/anders.no\/wp3\/wp-content\/uploads\/2021\/02\/Randi-og-Torbjorn-Danielsen-pa-skolen-17_mai-scaled-e1612379703863-768x651.jpg 768w, https:\/\/anders.no\/wp3\/wp-content\/uploads\/2021\/02\/Randi-og-Torbjorn-Danielsen-pa-skolen-17_mai-scaled-e1612379703863-1536x1302.jpg 1536w, https:\/\/anders.no\/wp3\/wp-content\/uploads\/2021\/02\/Randi-og-Torbjorn-Danielsen-pa-skolen-17_mai-scaled-e1612379703863.jpg 1555w\" sizes=\"auto, (max-width: 1024px) 100vw, 1024px\" \/><figcaption class=\"blocks-gallery-item__caption\">Randi Johnsen, Randi Danielsen, Torbj\u00f8rn Danielsen, Tonstad ?? og \u00d8yvind Danielsen<\/figcaption><\/figure><\/li><li class=\"blocks-gallery-item\"><figure><img loading=\"lazy\" decoding=\"async\" width=\"1024\" height=\"698\" src=\"http:\/\/anders.no\/wp3\/wp-content\/uploads\/2021\/02\/Kristian-Hakonsen_Olav-G-Andersen_-Brauti-scaled-e1612380859367-1024x698.jpg\" alt=\"\" data-id=\"685\" data-full-url=\"http:\/\/anders.no\/wp3\/wp-content\/uploads\/2021\/02\/Kristian-Hakonsen_Olav-G-Andersen_-Brauti-scaled-e1612380859367.jpg\" data-link=\"http:\/\/anders.no\/wp3\/kristian-hakonsen_olav-g-andersen_-brauti\/\" class=\"wp-image-685\" srcset=\"https:\/\/anders.no\/wp3\/wp-content\/uploads\/2021\/02\/Kristian-Hakonsen_Olav-G-Andersen_-Brauti-scaled-e1612380859367-1024x698.jpg 1024w, https:\/\/anders.no\/wp3\/wp-content\/uploads\/2021\/02\/Kristian-Hakonsen_Olav-G-Andersen_-Brauti-scaled-e1612380859367-300x204.jpg 300w, https:\/\/anders.no\/wp3\/wp-content\/uploads\/2021\/02\/Kristian-Hakonsen_Olav-G-Andersen_-Brauti-scaled-e1612380859367-768x523.jpg 768w, https:\/\/anders.no\/wp3\/wp-content\/uploads\/2021\/02\/Kristian-Hakonsen_Olav-G-Andersen_-Brauti-scaled-e1612380859367-1536x1046.jpg 1536w, https:\/\/anders.no\/wp3\/wp-content\/uploads\/2021\/02\/Kristian-Hakonsen_Olav-G-Andersen_-Brauti-scaled-e1612380859367.jpg 1907w\" sizes=\"auto, (max-width: 1024px) 100vw, 1024px\" \/><figcaption class=\"blocks-gallery-item__caption\">Kristian H\u00e5konsen, Olav G. Andersen, Brauti<\/figcaption><\/figure><\/li><li class=\"blocks-gallery-item\"><figure><img loading=\"lazy\" decoding=\"async\" width=\"1024\" height=\"683\" src=\"http:\/\/anders.no\/wp3\/wp-content\/uploads\/2021\/02\/Gerd-Johansen-_-Randi-Johnsen-_-Ellen-Hynne-_-Grethe-Fikse-1024x683.jpg\" alt=\"\" data-id=\"662\" data-full-url=\"http:\/\/anders.no\/wp3\/wp-content\/uploads\/2021\/02\/Gerd-Johansen-_-Randi-Johnsen-_-Ellen-Hynne-_-Grethe-Fikse-scaled.jpg\" data-link=\"http:\/\/anders.no\/wp3\/gerd-johansen-_-randi-johnsen-_-ellen-hynne-_-grethe-fikse\/\" class=\"wp-image-662\" srcset=\"https:\/\/anders.no\/wp3\/wp-content\/uploads\/2021\/02\/Gerd-Johansen-_-Randi-Johnsen-_-Ellen-Hynne-_-Grethe-Fikse-1024x683.jpg 1024w, https:\/\/anders.no\/wp3\/wp-content\/uploads\/2021\/02\/Gerd-Johansen-_-Randi-Johnsen-_-Ellen-Hynne-_-Grethe-Fikse-300x200.jpg 300w, https:\/\/anders.no\/wp3\/wp-content\/uploads\/2021\/02\/Gerd-Johansen-_-Randi-Johnsen-_-Ellen-Hynne-_-Grethe-Fikse-768x512.jpg 768w, https:\/\/anders.no\/wp3\/wp-content\/uploads\/2021\/02\/Gerd-Johansen-_-Randi-Johnsen-_-Ellen-Hynne-_-Grethe-Fikse-1536x1024.jpg 1536w, https:\/\/anders.no\/wp3\/wp-content\/uploads\/2021\/02\/Gerd-Johansen-_-Randi-Johnsen-_-Ellen-Hynne-_-Grethe-Fikse-2048x1365.jpg 2048w\" sizes=\"auto, (max-width: 1024px) 100vw, 1024px\" \/><figcaption class=\"blocks-gallery-item__caption\">Gerd Johansen-Randi Johnsen-Ellen Hynne-Grethe Fikse . Bak: Isabell Skontorp<\/figcaption><\/figure><\/li><li class=\"blocks-gallery-item\"><figure><img loading=\"lazy\" decoding=\"async\" width=\"683\" height=\"1024\" src=\"http:\/\/anders.no\/wp3\/wp-content\/uploads\/2021\/02\/Bergljot-Sorensen-Terje-og-Erik-Haugen-bak-683x1024.jpg\" alt=\"\" data-id=\"659\" data-full-url=\"http:\/\/anders.no\/wp3\/wp-content\/uploads\/2021\/02\/Bergljot-Sorensen-Terje-og-Erik-Haugen-bak-scaled.jpg\" data-link=\"http:\/\/anders.no\/wp3\/bergljot-sorensen-terje-og-erik-haugen-bak\/\" class=\"wp-image-659\" srcset=\"https:\/\/anders.no\/wp3\/wp-content\/uploads\/2021\/02\/Bergljot-Sorensen-Terje-og-Erik-Haugen-bak-683x1024.jpg 683w, https:\/\/anders.no\/wp3\/wp-content\/uploads\/2021\/02\/Bergljot-Sorensen-Terje-og-Erik-Haugen-bak-200x300.jpg 200w, https:\/\/anders.no\/wp3\/wp-content\/uploads\/2021\/02\/Bergljot-Sorensen-Terje-og-Erik-Haugen-bak-768x1152.jpg 768w, https:\/\/anders.no\/wp3\/wp-content\/uploads\/2021\/02\/Bergljot-Sorensen-Terje-og-Erik-Haugen-bak-1024x1536.jpg 1024w, https:\/\/anders.no\/wp3\/wp-content\/uploads\/2021\/02\/Bergljot-Sorensen-Terje-og-Erik-Haugen-bak-1365x2048.jpg 1365w, https:\/\/anders.no\/wp3\/wp-content\/uploads\/2021\/02\/Bergljot-Sorensen-Terje-og-Erik-Haugen-bak-scaled.jpg 1707w\" sizes=\"auto, (max-width: 683px) 100vw, 683px\" \/><figcaption class=\"blocks-gallery-item__caption\">Terje og Erik Haugen. Bergljot S\u00f8rensen foran<\/figcaption><\/figure><\/li><\/ul><\/figure>\n\n\n\n<p><\/p>\n\n\n\n<p><strong><a href=\"http:\/\/anders.no\/wp3\/osteroya\/osteroy-vellag\/50-arsjubileum\/\" data-type=\"page\" data-id=\"691\">Bilder fra 50-\u00e5rsjubileet<\/a><\/strong><\/p>\n\n\n\n<h2 class=\"wp-block-heading\">Tur til Flautangen,  1974-75 ?<\/h2>\n\n\n\n<figure class=\"wp-block-gallery columns-1 is-cropped wp-block-gallery-2 is-layout-flex wp-block-gallery-is-layout-flex\"><ul class=\"blocks-gallery-grid\"><li class=\"blocks-gallery-item\"><figure><img loading=\"lazy\" decoding=\"async\" width=\"683\" height=\"1024\" src=\"http:\/\/anders.no\/wp3\/wp-content\/uploads\/2021\/02\/Ann-Kristin-Hynne-683x1024.jpg\" alt=\"\" data-id=\"658\" data-full-url=\"http:\/\/anders.no\/wp3\/wp-content\/uploads\/2021\/02\/Ann-Kristin-Hynne-scaled.jpg\" data-link=\"http:\/\/anders.no\/wp3\/ann-kristin-hynne\/\" class=\"wp-image-658\" srcset=\"https:\/\/anders.no\/wp3\/wp-content\/uploads\/2021\/02\/Ann-Kristin-Hynne-683x1024.jpg 683w, https:\/\/anders.no\/wp3\/wp-content\/uploads\/2021\/02\/Ann-Kristin-Hynne-200x300.jpg 200w, https:\/\/anders.no\/wp3\/wp-content\/uploads\/2021\/02\/Ann-Kristin-Hynne-768x1152.jpg 768w, https:\/\/anders.no\/wp3\/wp-content\/uploads\/2021\/02\/Ann-Kristin-Hynne-1024x1536.jpg 1024w, https:\/\/anders.no\/wp3\/wp-content\/uploads\/2021\/02\/Ann-Kristin-Hynne-1365x2048.jpg 1365w, https:\/\/anders.no\/wp3\/wp-content\/uploads\/2021\/02\/Ann-Kristin-Hynne-scaled.jpg 1707w\" sizes=\"auto, (max-width: 683px) 100vw, 683px\" \/><figcaption class=\"blocks-gallery-item__caption\">Ann Kristin Hynne<\/figcaption><\/figure><\/li><li class=\"blocks-gallery-item\"><figure><img loading=\"lazy\" decoding=\"async\" width=\"1024\" height=\"683\" src=\"http:\/\/anders.no\/wp3\/wp-content\/uploads\/2021\/02\/Ase-Fon-og-Laila-Damsgard-pa-Flautangen-1024x683.jpg\" alt=\"\" data-id=\"688\" data-full-url=\"http:\/\/anders.no\/wp3\/wp-content\/uploads\/2021\/02\/Ase-Fon-og-Laila-Damsgard-pa-Flautangen-scaled.jpg\" data-link=\"http:\/\/anders.no\/wp3\/ase-fon-og-laila-damsgard-pa-flautangen\/\" class=\"wp-image-688\" srcset=\"https:\/\/anders.no\/wp3\/wp-content\/uploads\/2021\/02\/Ase-Fon-og-Laila-Damsgard-pa-Flautangen-1024x683.jpg 1024w, https:\/\/anders.no\/wp3\/wp-content\/uploads\/2021\/02\/Ase-Fon-og-Laila-Damsgard-pa-Flautangen-300x200.jpg 300w, https:\/\/anders.no\/wp3\/wp-content\/uploads\/2021\/02\/Ase-Fon-og-Laila-Damsgard-pa-Flautangen-768x512.jpg 768w, https:\/\/anders.no\/wp3\/wp-content\/uploads\/2021\/02\/Ase-Fon-og-Laila-Damsgard-pa-Flautangen-1536x1024.jpg 1536w, https:\/\/anders.no\/wp3\/wp-content\/uploads\/2021\/02\/Ase-Fon-og-Laila-Damsgard-pa-Flautangen-2048x1365.jpg 2048w\" sizes=\"auto, (max-width: 1024px) 100vw, 1024px\" \/><figcaption class=\"blocks-gallery-item__caption\">\u00c5se Fon og Laila Damsg\u00e5rd<\/figcaption><\/figure><\/li><li class=\"blocks-gallery-item\"><figure><img loading=\"lazy\" decoding=\"async\" width=\"1024\" height=\"683\" src=\"http:\/\/anders.no\/wp3\/wp-content\/uploads\/2021\/02\/Carl-Fon_Hakon-Thuresson_Bjorn-Tore-Danielsen-pa-Flautangen-19xx-1024x683.jpg\" alt=\"\" data-id=\"661\" data-full-url=\"http:\/\/anders.no\/wp3\/wp-content\/uploads\/2021\/02\/Carl-Fon_Hakon-Thuresson_Bjorn-Tore-Danielsen-pa-Flautangen-19xx-scaled.jpg\" data-link=\"http:\/\/anders.no\/wp3\/carl-fon_hakon-thuresson_bjorn-tore-danielsen-pa-flautangen-19xx\/\" class=\"wp-image-661\" srcset=\"https:\/\/anders.no\/wp3\/wp-content\/uploads\/2021\/02\/Carl-Fon_Hakon-Thuresson_Bjorn-Tore-Danielsen-pa-Flautangen-19xx-1024x683.jpg 1024w, https:\/\/anders.no\/wp3\/wp-content\/uploads\/2021\/02\/Carl-Fon_Hakon-Thuresson_Bjorn-Tore-Danielsen-pa-Flautangen-19xx-300x200.jpg 300w, https:\/\/anders.no\/wp3\/wp-content\/uploads\/2021\/02\/Carl-Fon_Hakon-Thuresson_Bjorn-Tore-Danielsen-pa-Flautangen-19xx-768x512.jpg 768w, https:\/\/anders.no\/wp3\/wp-content\/uploads\/2021\/02\/Carl-Fon_Hakon-Thuresson_Bjorn-Tore-Danielsen-pa-Flautangen-19xx-1536x1024.jpg 1536w, https:\/\/anders.no\/wp3\/wp-content\/uploads\/2021\/02\/Carl-Fon_Hakon-Thuresson_Bjorn-Tore-Danielsen-pa-Flautangen-19xx-2048x1365.jpg 2048w\" sizes=\"auto, (max-width: 1024px) 100vw, 1024px\" \/><figcaption class=\"blocks-gallery-item__caption\">Carl Fon, H\u00e5kon Thuresson, Bj\u00f8rn Tore Danielsen med ryggen til<\/figcaption><\/figure><\/li><\/ul><\/figure>\n","protected":false},"excerpt":{"rendered":"<p>Stiftet i 1964 F\u00f8rste formann var Olav G. Andersen Bilder fra 17.maifeiring p\u00e5 skolen Bilder fra 50-\u00e5rsjubileet Tur til Flautangen, 1974-75 ?<\/p>\n","protected":false},"author":1,"featured_media":0,"parent":251,"menu_order":0,"comment_status":"open","ping_status":"closed","template":"","meta":{"footnotes":"","advanced-sidebar-menu\/link-title":"","advanced-sidebar-menu\/exclude-page":false},"class_list":["post-689","page","type-page","status-publish","hentry"],"_links":{"self":[{"href":"https:\/\/anders.no\/wp3\/wp-json\/wp\/v2\/pages\/689","targetHints":{"allow":["GET"]}}],"collection":[{"href":"https:\/\/anders.no\/wp3\/wp-json\/wp\/v2\/pages"}],"about":[{"href":"https:\/\/anders.no\/wp3\/wp-json\/wp\/v2\/types\/page"}],"author":[{"embeddable":true,"href":"https:\/\/anders.no\/wp3\/wp-json\/wp\/v2\/users\/1"}],"replies":[{"embeddable":true,"href":"https:\/\/anders.no\/wp3\/wp-json\/wp\/v2\/comments?post=689"}],"version-history":[{"count":5,"href":"https:\/\/anders.no\/wp3\/wp-json\/wp\/v2\/pages\/689\/revisions"}],"predecessor-version":[{"id":703,"href":"https:\/\/anders.no\/wp3\/wp-json\/wp\/v2\/pages\/689\/revisions\/703"}],"up":[{"embeddable":true,"href":"https:\/\/anders.no\/wp3\/wp-json\/wp\/v2\/pages\/251"}],"wp:attachment":[{"href":"https:\/\/anders.no\/wp3\/wp-json\/wp\/v2\/media?parent=689"}],"curies":[{"name":"wp","href":"https:\/\/api.w.org\/{rel}","templated":true}]}}