{"id":632,"date":"2021-02-03T16:33:26","date_gmt":"2021-02-03T16:33:26","guid":{"rendered":"http:\/\/anders.no\/wp3\/?page_id=632"},"modified":"2025-04-13T09:22:16","modified_gmt":"2025-04-13T09:22:16","slug":"hjelmby","status":"publish","type":"page","link":"https:\/\/anders.no\/wp3\/osteroya\/gardshistorie\/hjelmby\/","title":{"rendered":"Hjelmby"},"content":{"rendered":"\n<p>Hjelmby er den g\u00e5rden med flest bruk i hele \u00d8ster\u00f8ya. <\/p>\n\n\n\n<div class=\"wp-block-group\"><div class=\"wp-block-group__inner-container is-layout-flow wp-block-group-is-layout-flow\">\n<p>Hjelmby-eie 96\/1 &#8211; Ruinen i skogen s\u00f8r for Skaul\u00f8kka . Kalles i noen folketellinger for<a href=\"https:\/\/anders.no\/wp3\/hjelmby-skovlokken\/\" data-type=\"page\" data-id=\"1763\"> Hjelmby-Skovl\u00f8kken<\/a><\/p>\n\n\n\n<p><a href=\"http:\/\/anders.no\/wp3\/osteroya\/gardshistroie\/hjelmby\/hvitstein\/\" data-type=\"page\" data-id=\"729\">Hjelmby- 97\/1 Hvitsteins bruk <\/a><\/p>\n\n\n\n<p>Solheim 97\/4,6 &#8211; Huset til Ragnar Sundby og Toril Formoe<\/p>\n\n\n\n<p><a href=\"http:\/\/anders.no\/wp3\/osteroya\/gardshistroie\/hauan\/\" data-type=\"page\" data-id=\"595\">Hauan<\/a>\/Fagerdal 96\/1,2- revet<\/p>\n\n\n\n<p>Hjelmby -97\/2 Nalum <\/p>\n\n\n\n<p>L\u00f8kka \/ Gr\u00f8nli &#8211; 97\/5<\/p>\n\n\n\n<p>Barbru 97\/3<\/p>\n\n\n\n<p>\u00d8ster\u00f8y skole<\/p>\n<\/div><\/div>\n\n\n\n<p><\/p>\n","protected":false},"excerpt":{"rendered":"<p>Hjelmby er den g\u00e5rden med flest bruk i hele \u00d8ster\u00f8ya. Hjelmby-eie 96\/1 &#8211; Ruinen i skogen s\u00f8r for Skaul\u00f8kka . Kalles i noen folketellinger for Hjelmby-Skovl\u00f8kken Hjelmby- 97\/1 Hvitsteins bruk<a class=\"moretag\" href=\"https:\/\/anders.no\/wp3\/osteroya\/gardshistorie\/hjelmby\/\"> &#8230;<\/a><\/p>\n","protected":false},"author":1,"featured_media":0,"parent":260,"menu_order":0,"comment_status":"closed","ping_status":"closed","template":"","meta":{"footnotes":"","advanced-sidebar-menu\/link-title":"","advanced-sidebar-menu\/exclude-page":false},"class_list":["post-632","page","type-page","status-publish","hentry"],"_links":{"self":[{"href":"https:\/\/anders.no\/wp3\/wp-json\/wp\/v2\/pages\/632","targetHints":{"allow":["GET"]}}],"collection":[{"href":"https:\/\/anders.no\/wp3\/wp-json\/wp\/v2\/pages"}],"about":[{"href":"https:\/\/anders.no\/wp3\/wp-json\/wp\/v2\/types\/page"}],"author":[{"embeddable":true,"href":"https:\/\/anders.no\/wp3\/wp-json\/wp\/v2\/users\/1"}],"replies":[{"embeddable":true,"href":"https:\/\/anders.no\/wp3\/wp-json\/wp\/v2\/comments?post=632"}],"version-history":[{"count":4,"href":"https:\/\/anders.no\/wp3\/wp-json\/wp\/v2\/pages\/632\/revisions"}],"predecessor-version":[{"id":1778,"href":"https:\/\/anders.no\/wp3\/wp-json\/wp\/v2\/pages\/632\/revisions\/1778"}],"up":[{"embeddable":true,"href":"https:\/\/anders.no\/wp3\/wp-json\/wp\/v2\/pages\/260"}],"wp:attachment":[{"href":"https:\/\/anders.no\/wp3\/wp-json\/wp\/v2\/media?parent=632"}],"curies":[{"name":"wp","href":"https:\/\/api.w.org\/{rel}","templated":true}]}}