{"id":595,"date":"2021-02-03T06:43:35","date_gmt":"2021-02-03T06:43:35","guid":{"rendered":"http:\/\/anders.no\/wp3\/?page_id=595"},"modified":"2021-02-03T16:45:52","modified_gmt":"2021-02-03T16:45:52","slug":"hauan","status":"publish","type":"page","link":"https:\/\/anders.no\/wp3\/osteroya\/gardshistorie\/hauan\/","title":{"rendered":"Hauan\/Fagerdal"},"content":{"rendered":"\n<p>Hauan er en liten eiendom som ligger sammen med Nalums Hjelmby. I alle folketellinger er eiendommen oppf\u00f8rt som et eget bruk. Der sto det gule huset som ble revet og gjennoppsto som bakstehus p\u00e5 Breidablikk ungdomsskole. Her bodde blant annet Hans og Barbara. Hans Hauan het egentlig  Hans Hansen og var f\u00f8dt i 1842.I folktellingen for 1900  er han b\u00e5tsmann og selfanger. Hans Hauan d\u00f8de i 1929.<\/p>\n\n\n\n<p> <a href=\"http:\/\/anders.no\/wp3\/osteroya\/personer\/hans-karlsen\/\" data-type=\"page\" data-id=\"426\">Hans Karlsen <\/a>bodde ogs\u00e5 her i en periode. Det samme gjorde Anders J\u00f8rgen Sand og hans familie etter at de hadde v\u00e6rt tilbake p\u00e5 Sand et \u00e5r 1930\/31 og m\u00e5tte vente til leieboerne p\u00e5 Strand hadde flyttet. I nyere tid bodde Magni Pedersen med barna Bj\u00f8rn og Solveig ogs\u00e5 her. De flyttet senere til \u00d8stenbys hus. <\/p>\n\n\n\n<p>Mina og Arne Nalum bodde her p\u00e5 sine gamle dager .<\/p>\n\n\n\n<figure class=\"wp-block-image size-large is-style-default\"><img loading=\"lazy\" decoding=\"async\" width=\"538\" height=\"394\" src=\"http:\/\/anders.no\/wp3\/wp-content\/uploads\/2021\/02\/image-6.png\" alt=\"\" class=\"wp-image-598\" srcset=\"https:\/\/anders.no\/wp3\/wp-content\/uploads\/2021\/02\/image-6.png 538w, https:\/\/anders.no\/wp3\/wp-content\/uploads\/2021\/02\/image-6-300x220.png 300w\" sizes=\"auto, (max-width: 538px) 100vw, 538px\" \/><\/figure>\n\n\n\n<p><\/p>\n","protected":false},"excerpt":{"rendered":"<p>Hauan er en liten eiendom som ligger sammen med Nalums Hjelmby. I alle folketellinger er eiendommen oppf\u00f8rt som et eget bruk. Der sto det gule huset som ble revet og<a class=\"moretag\" href=\"https:\/\/anders.no\/wp3\/osteroya\/gardshistorie\/hauan\/\"> &#8230;<\/a><\/p>\n","protected":false},"author":1,"featured_media":0,"parent":260,"menu_order":0,"comment_status":"open","ping_status":"closed","template":"","meta":{"footnotes":"","advanced-sidebar-menu\/link-title":"Hauan","advanced-sidebar-menu\/exclude-page":false},"class_list":["post-595","page","type-page","status-publish","hentry"],"_links":{"self":[{"href":"https:\/\/anders.no\/wp3\/wp-json\/wp\/v2\/pages\/595","targetHints":{"allow":["GET"]}}],"collection":[{"href":"https:\/\/anders.no\/wp3\/wp-json\/wp\/v2\/pages"}],"about":[{"href":"https:\/\/anders.no\/wp3\/wp-json\/wp\/v2\/types\/page"}],"author":[{"embeddable":true,"href":"https:\/\/anders.no\/wp3\/wp-json\/wp\/v2\/users\/1"}],"replies":[{"embeddable":true,"href":"https:\/\/anders.no\/wp3\/wp-json\/wp\/v2\/comments?post=595"}],"version-history":[{"count":4,"href":"https:\/\/anders.no\/wp3\/wp-json\/wp\/v2\/pages\/595\/revisions"}],"predecessor-version":[{"id":638,"href":"https:\/\/anders.no\/wp3\/wp-json\/wp\/v2\/pages\/595\/revisions\/638"}],"up":[{"embeddable":true,"href":"https:\/\/anders.no\/wp3\/wp-json\/wp\/v2\/pages\/260"}],"wp:attachment":[{"href":"https:\/\/anders.no\/wp3\/wp-json\/wp\/v2\/media?parent=595"}],"curies":[{"name":"wp","href":"https:\/\/api.w.org\/{rel}","templated":true}]}}