{"id":571,"date":"2021-02-02T23:02:52","date_gmt":"2021-02-02T23:02:52","guid":{"rendered":"http:\/\/anders.no\/wp3\/?page_id=571"},"modified":"2022-03-22T07:49:09","modified_gmt":"2022-03-22T07:49:09","slug":"strand-94-3-fam-sand","status":"publish","type":"page","link":"https:\/\/anders.no\/wp3\/osteroya\/gardshistorie\/strand-94-3-fam-sand\/","title":{"rendered":"Strand 94\/3 (fam Sand)"},"content":{"rendered":"\n<figure class=\"wp-block-image size-large\"><img loading=\"lazy\" decoding=\"async\" width=\"1024\" height=\"679\" src=\"http:\/\/anders.no\/wp3\/wp-content\/uploads\/2020\/01\/Framhus-1024x679.jpg\" alt=\"\" class=\"wp-image-323\" srcset=\"https:\/\/anders.no\/wp3\/wp-content\/uploads\/2020\/01\/Framhus-1024x679.jpg 1024w, https:\/\/anders.no\/wp3\/wp-content\/uploads\/2020\/01\/Framhus-300x199.jpg 300w, https:\/\/anders.no\/wp3\/wp-content\/uploads\/2020\/01\/Framhus-768x509.jpg 768w, https:\/\/anders.no\/wp3\/wp-content\/uploads\/2020\/01\/Framhus.jpg 1424w\" sizes=\"auto, (max-width: 1024px) 100vw, 1024px\" \/><\/figure>\n\n\n\n<figure class=\"wp-block-image size-large is-style-default\"><img loading=\"lazy\" decoding=\"async\" width=\"561\" height=\"434\" src=\"http:\/\/anders.no\/wp3\/wp-content\/uploads\/2021\/02\/image-5.png\" alt=\"\" class=\"wp-image-584\" srcset=\"https:\/\/anders.no\/wp3\/wp-content\/uploads\/2021\/02\/image-5.png 561w, https:\/\/anders.no\/wp3\/wp-content\/uploads\/2021\/02\/image-5-300x232.png 300w\" sizes=\"auto, (max-width: 561px) 100vw, 561px\" \/><\/figure>\n\n\n\n<p>Anders J\u00f8rgen Sand kj\u00f8pte g\u00e5rden i 1924. Han og familien flyttet fra Sand p\u00e5 grensen mellom Sandar og Stokke. S\u00f8nnen Finn var 4 \u00e5r da han kom til Strand. Randi ble f\u00f8dt i 1927. Hun d\u00f8de i 1950 av Addisons sykdom.<\/p>\n\n\n\n<p>Anders J\u00f8rgen var gift med <a rel=\"noreferrer noopener\" href=\"http:\/\/anders.no\/historie\/photos\/Sanna%20_%20Andreas%20med%2011%20barn.jpg\" target=\"_blank\">Gunvor Sanna<\/a>, s\u00f8ster til Kristen Sanna p\u00e5 R\u00e5stad og til Gunnar Sanna p\u00e5 Strand 94\/4. Gunvor hadde v\u00e6rt pike hos sin onkel Gunder Gundersen p\u00e5 Lang\u00f8. Gunder Gundersen ble ogs\u00e5 kalt &laquo;Gubben&raquo;<\/p>\n\n\n\n<figure class=\"wp-block-image size-large is-resized\"><img loading=\"lazy\" decoding=\"async\" src=\"http:\/\/anders.no\/wp3\/wp-content\/uploads\/2021\/02\/Anders-Finn-og-Gunvor-utenfor-huset-pa-Strand-720x1024.jpg\" alt=\"\" class=\"wp-image-572\" width=\"330\" height=\"468\" srcset=\"https:\/\/anders.no\/wp3\/wp-content\/uploads\/2021\/02\/Anders-Finn-og-Gunvor-utenfor-huset-pa-Strand-720x1024.jpg 720w, https:\/\/anders.no\/wp3\/wp-content\/uploads\/2021\/02\/Anders-Finn-og-Gunvor-utenfor-huset-pa-Strand-211x300.jpg 211w, https:\/\/anders.no\/wp3\/wp-content\/uploads\/2021\/02\/Anders-Finn-og-Gunvor-utenfor-huset-pa-Strand-768x1092.jpg 768w, https:\/\/anders.no\/wp3\/wp-content\/uploads\/2021\/02\/Anders-Finn-og-Gunvor-utenfor-huset-pa-Strand-1080x1536.jpg 1080w, https:\/\/anders.no\/wp3\/wp-content\/uploads\/2021\/02\/Anders-Finn-og-Gunvor-utenfor-huset-pa-Strand.jpg 1440w\" sizes=\"auto, (max-width: 330px) 100vw, 330px\" \/><\/figure>\n\n\n\n<p>Finn Sand overtok g\u00e5rden i 1950. Da bygde han ogs\u00e5 det f\u00f8rste veksthuset inkludert det arbeidsrommet som i dag er spiserom\/pub. <\/p>\n\n\n\n<p>Finn d\u00f8de i 1984 og Anders overtok formelt den 1.1.1986. Gartneridriften fortsatte i nye 22 \u00e5r, men 14.mars 2008 ble de siste plantene kastet og driften avsluttet.<\/p>\n\n\n\n<figure class=\"wp-block-image size-large\"><img loading=\"lazy\" decoding=\"async\" width=\"1024\" height=\"684\" src=\"https:\/\/anders.no\/wp3\/wp-content\/uploads\/2022\/03\/20080314_1320-1024x684.jpg\" alt=\"\" class=\"wp-image-1450\" srcset=\"https:\/\/anders.no\/wp3\/wp-content\/uploads\/2022\/03\/20080314_1320-1024x684.jpg 1024w, https:\/\/anders.no\/wp3\/wp-content\/uploads\/2022\/03\/20080314_1320-300x200.jpg 300w, https:\/\/anders.no\/wp3\/wp-content\/uploads\/2022\/03\/20080314_1320-768x513.jpg 768w, https:\/\/anders.no\/wp3\/wp-content\/uploads\/2022\/03\/20080314_1320-1536x1025.jpg 1536w, https:\/\/anders.no\/wp3\/wp-content\/uploads\/2022\/03\/20080314_1320-2048x1367.jpg 2048w\" sizes=\"auto, (max-width: 1024px) 100vw, 1024px\" \/><figcaption>Christina, Anders og Agnes kaster de siste orkideene<\/figcaption><\/figure>\n\n\n\n<figure class=\"wp-block-image size-large\"><img loading=\"lazy\" decoding=\"async\" width=\"684\" height=\"1024\" src=\"https:\/\/anders.no\/wp3\/wp-content\/uploads\/2022\/03\/20080314_1322-684x1024.jpg\" alt=\"\" class=\"wp-image-1451\" srcset=\"https:\/\/anders.no\/wp3\/wp-content\/uploads\/2022\/03\/20080314_1322-684x1024.jpg 684w, https:\/\/anders.no\/wp3\/wp-content\/uploads\/2022\/03\/20080314_1322-200x300.jpg 200w, https:\/\/anders.no\/wp3\/wp-content\/uploads\/2022\/03\/20080314_1322-768x1150.jpg 768w, https:\/\/anders.no\/wp3\/wp-content\/uploads\/2022\/03\/20080314_1322-1025x1536.jpg 1025w, https:\/\/anders.no\/wp3\/wp-content\/uploads\/2022\/03\/20080314_1322-1367x2048.jpg 1367w, https:\/\/anders.no\/wp3\/wp-content\/uploads\/2022\/03\/20080314_1322-scaled.jpg 1709w\" sizes=\"auto, (max-width: 684px) 100vw, 684px\" \/><\/figure>\n\n\n\n<figure class=\"wp-block-image size-large is-resized\"><img loading=\"lazy\" decoding=\"async\" src=\"http:\/\/anders.no\/wp3\/wp-content\/uploads\/2021\/02\/Slekt0110-1024x1016.jpg\" alt=\"\" class=\"wp-image-573\" width=\"343\" height=\"340\" srcset=\"https:\/\/anders.no\/wp3\/wp-content\/uploads\/2021\/02\/Slekt0110-1024x1016.jpg 1024w, https:\/\/anders.no\/wp3\/wp-content\/uploads\/2021\/02\/Slekt0110-300x298.jpg 300w, https:\/\/anders.no\/wp3\/wp-content\/uploads\/2021\/02\/Slekt0110-150x150.jpg 150w, https:\/\/anders.no\/wp3\/wp-content\/uploads\/2021\/02\/Slekt0110-768x762.jpg 768w, https:\/\/anders.no\/wp3\/wp-content\/uploads\/2021\/02\/Slekt0110-1536x1524.jpg 1536w, https:\/\/anders.no\/wp3\/wp-content\/uploads\/2021\/02\/Slekt0110-2048x2032.jpg 2048w\" sizes=\"auto, (max-width: 343px) 100vw, 343px\" \/><\/figure>\n\n\n\n<p>G\u00e5rden besto opprinnelig av snaue f\u00f8rti m\u00e5l dyrka mark. Anders J\u00f8rgen drev med gr\u00f8nnsaker, frukt og b\u00e6r. Han var tidlig ute med nye vekster. Blant annet dyrket han sukkermais f\u00f8r krigen. Fr\u00f8 hadde han antagelig f\u00e5tt av sine to s\u00f8stre som levde i USA. <\/p>\n\n\n\n<figure class=\"wp-block-gallery has-nested-images columns-default is-cropped wp-block-gallery-1 is-layout-flex wp-block-gallery-is-layout-flex\">\n<figure class=\"wp-block-image size-large\"><img loading=\"lazy\" decoding=\"async\" width=\"1024\" height=\"626\" data-id=\"1454\" src=\"https:\/\/anders.no\/wp3\/wp-content\/uploads\/2022\/03\/IMG_20220116_0006_NEW-1024x626.jpg\" alt=\"\" class=\"wp-image-1454\" srcset=\"https:\/\/anders.no\/wp3\/wp-content\/uploads\/2022\/03\/IMG_20220116_0006_NEW-1024x626.jpg 1024w, https:\/\/anders.no\/wp3\/wp-content\/uploads\/2022\/03\/IMG_20220116_0006_NEW-300x183.jpg 300w, https:\/\/anders.no\/wp3\/wp-content\/uploads\/2022\/03\/IMG_20220116_0006_NEW-768x469.jpg 768w, https:\/\/anders.no\/wp3\/wp-content\/uploads\/2022\/03\/IMG_20220116_0006_NEW-1536x938.jpg 1536w, https:\/\/anders.no\/wp3\/wp-content\/uploads\/2022\/03\/IMG_20220116_0006_NEW-2048x1251.jpg 2048w\" sizes=\"auto, (max-width: 1024px) 100vw, 1024px\" \/><\/figure>\n\n\n\n<figure class=\"wp-block-image size-large\"><img loading=\"lazy\" decoding=\"async\" width=\"1024\" height=\"677\" data-id=\"1456\" src=\"https:\/\/anders.no\/wp3\/wp-content\/uploads\/2022\/03\/IMG_20220116_0007_NEW-1024x677.jpg\" alt=\"\" class=\"wp-image-1456\" srcset=\"https:\/\/anders.no\/wp3\/wp-content\/uploads\/2022\/03\/IMG_20220116_0007_NEW-1024x677.jpg 1024w, https:\/\/anders.no\/wp3\/wp-content\/uploads\/2022\/03\/IMG_20220116_0007_NEW-300x198.jpg 300w, https:\/\/anders.no\/wp3\/wp-content\/uploads\/2022\/03\/IMG_20220116_0007_NEW-768x508.jpg 768w, https:\/\/anders.no\/wp3\/wp-content\/uploads\/2022\/03\/IMG_20220116_0007_NEW-1536x1016.jpg 1536w, https:\/\/anders.no\/wp3\/wp-content\/uploads\/2022\/03\/IMG_20220116_0007_NEW-2048x1354.jpg 2048w\" sizes=\"auto, (max-width: 1024px) 100vw, 1024px\" \/><\/figure>\n\n\n\n<figure class=\"wp-block-image size-large\"><img loading=\"lazy\" decoding=\"async\" width=\"1024\" height=\"696\" data-id=\"1455\" src=\"https:\/\/anders.no\/wp3\/wp-content\/uploads\/2022\/03\/IMG_20220116_0007_NEWc-1024x696.jpg\" alt=\"\" class=\"wp-image-1455\" srcset=\"https:\/\/anders.no\/wp3\/wp-content\/uploads\/2022\/03\/IMG_20220116_0007_NEWc-1024x696.jpg 1024w, https:\/\/anders.no\/wp3\/wp-content\/uploads\/2022\/03\/IMG_20220116_0007_NEWc-300x204.jpg 300w, https:\/\/anders.no\/wp3\/wp-content\/uploads\/2022\/03\/IMG_20220116_0007_NEWc-768x522.jpg 768w, https:\/\/anders.no\/wp3\/wp-content\/uploads\/2022\/03\/IMG_20220116_0007_NEWc-1536x1044.jpg 1536w, https:\/\/anders.no\/wp3\/wp-content\/uploads\/2022\/03\/IMG_20220116_0007_NEWc.jpg 1860w\" sizes=\"auto, (max-width: 1024px) 100vw, 1024px\" \/><figcaption>Ertedyrking<\/figcaption><\/figure>\n<\/figure>\n\n\n\n<p>\u00a0I 1988 kj\u00f8pte Anders (d.y.) til 32,5 dekar av den jorda som til da hadde v\u00e6rt forpaktet av Strand Leirsted.<\/p>\n\n\n\n<p>Det ble bygd nye veksthus i 1966, 1968, 1973 og 1982 og p\u00e5 det meste sto det 2500 m2 veksthus p\u00e5 eiendommen.<\/p>\n\n\n\n<p>Det r\u00f8de huset (\u00d8ster\u00f8yveien 244) &nbsp;ble bygd som fruktkjeller i 1946 og kalles derfor den dag i dag for &laquo;Kjell\u00e6r&#8217;n&raquo;. <\/p>\n\n\n\n<figure class=\"wp-block-image size-large is-resized\"><img loading=\"lazy\" decoding=\"async\" src=\"http:\/\/anders.no\/wp3\/wp-content\/uploads\/2021\/02\/IMG_20201026_0003.jpg\" alt=\"\" class=\"wp-image-574\" width=\"389\" height=\"599\" srcset=\"https:\/\/anders.no\/wp3\/wp-content\/uploads\/2021\/02\/IMG_20201026_0003.jpg 644w, https:\/\/anders.no\/wp3\/wp-content\/uploads\/2021\/02\/IMG_20201026_0003-195x300.jpg 195w\" sizes=\"auto, (max-width: 389px) 100vw, 389px\" \/><\/figure>\n\n\n\n<p>P\u00e5 grunn av boligmangel etter krigen og at en hjemvendt nev\u00f8, (Einar Hotvedt) trengte et sted \u00e5 bo ble det s\u00f8kt om og gitt tillatelse til \u00e5 innrede en leilighet.<\/p>\n\n\n\n<figure class=\"wp-block-image size-large\"><img loading=\"lazy\" decoding=\"async\" width=\"1024\" height=\"702\" src=\"http:\/\/anders.no\/wp3\/wp-content\/uploads\/2021\/02\/Godkjent-leilighet-pa-kjelleren-1024x702.jpg\" alt=\"\" class=\"wp-image-575\" srcset=\"https:\/\/anders.no\/wp3\/wp-content\/uploads\/2021\/02\/Godkjent-leilighet-pa-kjelleren-1024x702.jpg 1024w, https:\/\/anders.no\/wp3\/wp-content\/uploads\/2021\/02\/Godkjent-leilighet-pa-kjelleren-300x206.jpg 300w, https:\/\/anders.no\/wp3\/wp-content\/uploads\/2021\/02\/Godkjent-leilighet-pa-kjelleren-768x526.jpg 768w, https:\/\/anders.no\/wp3\/wp-content\/uploads\/2021\/02\/Godkjent-leilighet-pa-kjelleren-1536x1053.jpg 1536w, https:\/\/anders.no\/wp3\/wp-content\/uploads\/2021\/02\/Godkjent-leilighet-pa-kjelleren-2048x1404.jpg 2048w\" sizes=\"auto, (max-width: 1024px) 100vw, 1024px\" \/><\/figure>\n\n\n\n<p>L\u00e5ven tror vi er bygd i 1900.<\/p>\n\n\n\n<p><\/p>\n\n\n\n<figure class=\"wp-block-image size-large\"><img loading=\"lazy\" decoding=\"async\" width=\"1024\" height=\"624\" src=\"https:\/\/anders.no\/wp3\/wp-content\/uploads\/2022\/03\/IMG_20220116_0005_NEW-1024x624.jpg\" alt=\"\" class=\"wp-image-1443\" srcset=\"https:\/\/anders.no\/wp3\/wp-content\/uploads\/2022\/03\/IMG_20220116_0005_NEW-1024x624.jpg 1024w, https:\/\/anders.no\/wp3\/wp-content\/uploads\/2022\/03\/IMG_20220116_0005_NEW-300x183.jpg 300w, https:\/\/anders.no\/wp3\/wp-content\/uploads\/2022\/03\/IMG_20220116_0005_NEW-768x468.jpg 768w, https:\/\/anders.no\/wp3\/wp-content\/uploads\/2022\/03\/IMG_20220116_0005_NEW-1536x936.jpg 1536w, https:\/\/anders.no\/wp3\/wp-content\/uploads\/2022\/03\/IMG_20220116_0005_NEW.jpg 2025w\" sizes=\"auto, (max-width: 1024px) 100vw, 1024px\" \/><figcaption>Her er et bilde fra 50-\u00e5ra. Fra venstre: NN, Finn Sand, Bj\u00f8rn S\u00f8nsthagen og Anders J\u00f8rgen Sand i benkeg\u00e5rden. Legg merke til reveg\u00e5rden i bakgrunnen. Olsen Bast begynte med rev i 1929 og andre \u00f8ster\u00f8yinger fulgte etter.<\/figcaption><\/figure>\n\n\n\n<p>Nytt stort veksthus ble bygd i 1973<\/p>\n\n\n\n<figure class=\"wp-block-gallery has-nested-images columns-default is-cropped wp-block-gallery-2 is-layout-flex wp-block-gallery-is-layout-flex\">\n<figure class=\"wp-block-image size-large\"><img loading=\"lazy\" decoding=\"async\" width=\"1024\" height=\"702\" data-id=\"992\" src=\"http:\/\/anders.no\/wp3\/wp-content\/uploads\/2022\/01\/IMG_-bildet-tatt-i-1976--1024x702.jpg\" alt=\"\" class=\"wp-image-992\" srcset=\"https:\/\/anders.no\/wp3\/wp-content\/uploads\/2022\/01\/IMG_-bildet-tatt-i-1976--1024x702.jpg 1024w, https:\/\/anders.no\/wp3\/wp-content\/uploads\/2022\/01\/IMG_-bildet-tatt-i-1976--300x206.jpg 300w, https:\/\/anders.no\/wp3\/wp-content\/uploads\/2022\/01\/IMG_-bildet-tatt-i-1976--768x527.jpg 768w, https:\/\/anders.no\/wp3\/wp-content\/uploads\/2022\/01\/IMG_-bildet-tatt-i-1976--1536x1054.jpg 1536w, https:\/\/anders.no\/wp3\/wp-content\/uploads\/2022\/01\/IMG_-bildet-tatt-i-1976--2048x1405.jpg 2048w\" sizes=\"auto, (max-width: 1024px) 100vw, 1024px\" \/><figcaption>hus 1( 1950),2 (1964) og Plasthus fra 1968<\/figcaption><\/figure>\n\n\n\n<figure class=\"wp-block-image size-large\"><img loading=\"lazy\" decoding=\"async\" width=\"1024\" height=\"690\" data-id=\"1000\" src=\"http:\/\/anders.no\/wp3\/wp-content\/uploads\/2022\/01\/IMG_20190116_0019-1024x690.jpg\" alt=\"\" class=\"wp-image-1000\" srcset=\"https:\/\/anders.no\/wp3\/wp-content\/uploads\/2022\/01\/IMG_20190116_0019-1024x690.jpg 1024w, https:\/\/anders.no\/wp3\/wp-content\/uploads\/2022\/01\/IMG_20190116_0019-300x202.jpg 300w, https:\/\/anders.no\/wp3\/wp-content\/uploads\/2022\/01\/IMG_20190116_0019-768x517.jpg 768w, https:\/\/anders.no\/wp3\/wp-content\/uploads\/2022\/01\/IMG_20190116_0019-1536x1035.jpg 1536w, https:\/\/anders.no\/wp3\/wp-content\/uploads\/2022\/01\/IMG_20190116_0019-2048x1380.jpg 2048w\" sizes=\"auto, (max-width: 1024px) 100vw, 1024px\" \/><\/figure>\n\n\n\n<figure class=\"wp-block-image size-large\"><img loading=\"lazy\" decoding=\"async\" width=\"1024\" height=\"692\" data-id=\"996\" src=\"http:\/\/anders.no\/wp3\/wp-content\/uploads\/2022\/01\/IMG_20190116_0009-1024x692.jpg\" alt=\"\" class=\"wp-image-996\" srcset=\"https:\/\/anders.no\/wp3\/wp-content\/uploads\/2022\/01\/IMG_20190116_0009-1024x692.jpg 1024w, https:\/\/anders.no\/wp3\/wp-content\/uploads\/2022\/01\/IMG_20190116_0009-300x203.jpg 300w, https:\/\/anders.no\/wp3\/wp-content\/uploads\/2022\/01\/IMG_20190116_0009-768x519.jpg 768w, https:\/\/anders.no\/wp3\/wp-content\/uploads\/2022\/01\/IMG_20190116_0009-1536x1039.jpg 1536w, https:\/\/anders.no\/wp3\/wp-content\/uploads\/2022\/01\/IMG_20190116_0009-2048x1385.jpg 2048w\" sizes=\"auto, (max-width: 1024px) 100vw, 1024px\" \/><\/figure>\n\n\n\n<figure class=\"wp-block-image size-large\"><img loading=\"lazy\" decoding=\"async\" width=\"727\" height=\"1024\" data-id=\"994\" src=\"http:\/\/anders.no\/wp3\/wp-content\/uploads\/2022\/01\/IMG_20190116_0006-727x1024.jpg\" alt=\"\" class=\"wp-image-994\" srcset=\"https:\/\/anders.no\/wp3\/wp-content\/uploads\/2022\/01\/IMG_20190116_0006-727x1024.jpg 727w, https:\/\/anders.no\/wp3\/wp-content\/uploads\/2022\/01\/IMG_20190116_0006-213x300.jpg 213w, https:\/\/anders.no\/wp3\/wp-content\/uploads\/2022\/01\/IMG_20190116_0006-768x1081.jpg 768w, https:\/\/anders.no\/wp3\/wp-content\/uploads\/2022\/01\/IMG_20190116_0006-1091x1536.jpg 1091w, https:\/\/anders.no\/wp3\/wp-content\/uploads\/2022\/01\/IMG_20190116_0006-1455x2048.jpg 1455w, https:\/\/anders.no\/wp3\/wp-content\/uploads\/2022\/01\/IMG_20190116_0006-scaled.jpg 1818w\" sizes=\"auto, (max-width: 727px) 100vw, 727px\" \/><figcaption>H\u00e5kon Thuresson pusset murene og Aage Hynne hjelper til. <\/figcaption><\/figure>\n\n\n\n<figure class=\"wp-block-image size-large\"><img loading=\"lazy\" decoding=\"async\" width=\"686\" height=\"1024\" data-id=\"995\" src=\"http:\/\/anders.no\/wp3\/wp-content\/uploads\/2022\/01\/IMG_20190116_0008-686x1024.jpg\" alt=\"\" class=\"wp-image-995\" srcset=\"https:\/\/anders.no\/wp3\/wp-content\/uploads\/2022\/01\/IMG_20190116_0008-686x1024.jpg 686w, https:\/\/anders.no\/wp3\/wp-content\/uploads\/2022\/01\/IMG_20190116_0008-201x300.jpg 201w, https:\/\/anders.no\/wp3\/wp-content\/uploads\/2022\/01\/IMG_20190116_0008-768x1147.jpg 768w, https:\/\/anders.no\/wp3\/wp-content\/uploads\/2022\/01\/IMG_20190116_0008-1029x1536.jpg 1029w, https:\/\/anders.no\/wp3\/wp-content\/uploads\/2022\/01\/IMG_20190116_0008-1372x2048.jpg 1372w, https:\/\/anders.no\/wp3\/wp-content\/uploads\/2022\/01\/IMG_20190116_0008-scaled.jpg 1715w\" sizes=\"auto, (max-width: 686px) 100vw, 686px\" \/><\/figure>\n\n\n\n<figure class=\"wp-block-image size-large\"><img loading=\"lazy\" decoding=\"async\" width=\"1024\" height=\"664\" data-id=\"993\" src=\"http:\/\/anders.no\/wp3\/wp-content\/uploads\/2022\/01\/IMG_20190116_0005-1024x664.jpg\" alt=\"\" class=\"wp-image-993\" srcset=\"https:\/\/anders.no\/wp3\/wp-content\/uploads\/2022\/01\/IMG_20190116_0005-1024x664.jpg 1024w, https:\/\/anders.no\/wp3\/wp-content\/uploads\/2022\/01\/IMG_20190116_0005-300x195.jpg 300w, https:\/\/anders.no\/wp3\/wp-content\/uploads\/2022\/01\/IMG_20190116_0005-768x498.jpg 768w, https:\/\/anders.no\/wp3\/wp-content\/uploads\/2022\/01\/IMG_20190116_0005-1536x996.jpg 1536w, https:\/\/anders.no\/wp3\/wp-content\/uploads\/2022\/01\/IMG_20190116_0005-2048x1328.jpg 2048w\" sizes=\"auto, (max-width: 1024px) 100vw, 1024px\" \/><\/figure>\n\n\n\n<figure class=\"wp-block-image size-large\"><img loading=\"lazy\" decoding=\"async\" width=\"1024\" height=\"679\" data-id=\"997\" src=\"http:\/\/anders.no\/wp3\/wp-content\/uploads\/2022\/01\/IMG_20190116_0010-1024x679.jpg\" alt=\"\" class=\"wp-image-997\" srcset=\"https:\/\/anders.no\/wp3\/wp-content\/uploads\/2022\/01\/IMG_20190116_0010-1024x679.jpg 1024w, https:\/\/anders.no\/wp3\/wp-content\/uploads\/2022\/01\/IMG_20190116_0010-300x199.jpg 300w, https:\/\/anders.no\/wp3\/wp-content\/uploads\/2022\/01\/IMG_20190116_0010-768x509.jpg 768w, https:\/\/anders.no\/wp3\/wp-content\/uploads\/2022\/01\/IMG_20190116_0010-1536x1018.jpg 1536w, https:\/\/anders.no\/wp3\/wp-content\/uploads\/2022\/01\/IMG_20190116_0010-2048x1357.jpg 2048w\" sizes=\"auto, (max-width: 1024px) 100vw, 1024px\" \/><\/figure>\n\n\n\n<figure class=\"wp-block-image size-large\"><img loading=\"lazy\" decoding=\"async\" width=\"1024\" height=\"717\" data-id=\"998\" src=\"http:\/\/anders.no\/wp3\/wp-content\/uploads\/2022\/01\/IMG_20190116_0015-1024x717.jpg\" alt=\"\" class=\"wp-image-998\" srcset=\"https:\/\/anders.no\/wp3\/wp-content\/uploads\/2022\/01\/IMG_20190116_0015-1024x717.jpg 1024w, https:\/\/anders.no\/wp3\/wp-content\/uploads\/2022\/01\/IMG_20190116_0015-300x210.jpg 300w, https:\/\/anders.no\/wp3\/wp-content\/uploads\/2022\/01\/IMG_20190116_0015-768x538.jpg 768w, https:\/\/anders.no\/wp3\/wp-content\/uploads\/2022\/01\/IMG_20190116_0015-1536x1075.jpg 1536w, https:\/\/anders.no\/wp3\/wp-content\/uploads\/2022\/01\/IMG_20190116_0015-2048x1434.jpg 2048w\" sizes=\"auto, (max-width: 1024px) 100vw, 1024px\" \/><\/figure>\n\n\n\n<figure class=\"wp-block-image size-large\"><img loading=\"lazy\" decoding=\"async\" width=\"690\" height=\"1024\" data-id=\"999\" src=\"http:\/\/anders.no\/wp3\/wp-content\/uploads\/2022\/01\/IMG_20190116_0017-690x1024.jpg\" alt=\"\" class=\"wp-image-999\" srcset=\"https:\/\/anders.no\/wp3\/wp-content\/uploads\/2022\/01\/IMG_20190116_0017-690x1024.jpg 690w, https:\/\/anders.no\/wp3\/wp-content\/uploads\/2022\/01\/IMG_20190116_0017-202x300.jpg 202w, https:\/\/anders.no\/wp3\/wp-content\/uploads\/2022\/01\/IMG_20190116_0017-768x1140.jpg 768w, https:\/\/anders.no\/wp3\/wp-content\/uploads\/2022\/01\/IMG_20190116_0017-1035x1536.jpg 1035w, https:\/\/anders.no\/wp3\/wp-content\/uploads\/2022\/01\/IMG_20190116_0017-1380x2048.jpg 1380w, https:\/\/anders.no\/wp3\/wp-content\/uploads\/2022\/01\/IMG_20190116_0017-scaled.jpg 1725w\" sizes=\"auto, (max-width: 690px) 100vw, 690px\" \/><\/figure>\n\n\n\n<figure class=\"wp-block-image size-large\"><img loading=\"lazy\" decoding=\"async\" width=\"1024\" height=\"690\" data-id=\"1001\" src=\"http:\/\/anders.no\/wp3\/wp-content\/uploads\/2022\/01\/IMG_20190116_0021-1024x690.jpg\" alt=\"\" class=\"wp-image-1001\" srcset=\"https:\/\/anders.no\/wp3\/wp-content\/uploads\/2022\/01\/IMG_20190116_0021-1024x690.jpg 1024w, https:\/\/anders.no\/wp3\/wp-content\/uploads\/2022\/01\/IMG_20190116_0021-300x202.jpg 300w, https:\/\/anders.no\/wp3\/wp-content\/uploads\/2022\/01\/IMG_20190116_0021-768x517.jpg 768w, https:\/\/anders.no\/wp3\/wp-content\/uploads\/2022\/01\/IMG_20190116_0021-1536x1035.jpg 1536w, https:\/\/anders.no\/wp3\/wp-content\/uploads\/2022\/01\/IMG_20190116_0021-2048x1380.jpg 2048w\" sizes=\"auto, (max-width: 1024px) 100vw, 1024px\" \/><\/figure>\n\n\n\n<figure class=\"wp-block-image size-large\"><img loading=\"lazy\" decoding=\"async\" width=\"1024\" height=\"701\" data-id=\"1002\" src=\"http:\/\/anders.no\/wp3\/wp-content\/uploads\/2022\/01\/IMG_20190116_0023-1024x701.jpg\" alt=\"\" class=\"wp-image-1002\" srcset=\"https:\/\/anders.no\/wp3\/wp-content\/uploads\/2022\/01\/IMG_20190116_0023-1024x701.jpg 1024w, https:\/\/anders.no\/wp3\/wp-content\/uploads\/2022\/01\/IMG_20190116_0023-300x205.jpg 300w, https:\/\/anders.no\/wp3\/wp-content\/uploads\/2022\/01\/IMG_20190116_0023-768x525.jpg 768w, https:\/\/anders.no\/wp3\/wp-content\/uploads\/2022\/01\/IMG_20190116_0023-1536x1051.jpg 1536w, https:\/\/anders.no\/wp3\/wp-content\/uploads\/2022\/01\/IMG_20190116_0023-2048x1401.jpg 2048w\" sizes=\"auto, (max-width: 1024px) 100vw, 1024px\" \/><figcaption>Birger Thuresson sen. satte opp bordben<\/figcaption><\/figure>\n\n\n\n<figure class=\"wp-block-image size-large\"><img loading=\"lazy\" decoding=\"async\" width=\"1024\" height=\"705\" data-id=\"1003\" src=\"http:\/\/anders.no\/wp3\/wp-content\/uploads\/2022\/01\/IMG_20190116_0025-1024x705.jpg\" alt=\"\" class=\"wp-image-1003\" srcset=\"https:\/\/anders.no\/wp3\/wp-content\/uploads\/2022\/01\/IMG_20190116_0025-1024x705.jpg 1024w, https:\/\/anders.no\/wp3\/wp-content\/uploads\/2022\/01\/IMG_20190116_0025-300x206.jpg 300w, https:\/\/anders.no\/wp3\/wp-content\/uploads\/2022\/01\/IMG_20190116_0025-768x529.jpg 768w, https:\/\/anders.no\/wp3\/wp-content\/uploads\/2022\/01\/IMG_20190116_0025-1536x1057.jpg 1536w, https:\/\/anders.no\/wp3\/wp-content\/uploads\/2022\/01\/IMG_20190116_0025-2048x1410.jpg 2048w\" sizes=\"auto, (max-width: 1024px) 100vw, 1024px\" \/><figcaption>Green (far til Lars Petter) var elektriker <\/figcaption><\/figure>\n\n\n\n<figure class=\"wp-block-image size-large\"><img loading=\"lazy\" decoding=\"async\" width=\"1024\" height=\"693\" data-id=\"1004\" src=\"http:\/\/anders.no\/wp3\/wp-content\/uploads\/2022\/01\/IMG_20190116_0026-1024x693.jpg\" alt=\"\" class=\"wp-image-1004\" srcset=\"https:\/\/anders.no\/wp3\/wp-content\/uploads\/2022\/01\/IMG_20190116_0026-1024x693.jpg 1024w, https:\/\/anders.no\/wp3\/wp-content\/uploads\/2022\/01\/IMG_20190116_0026-300x203.jpg 300w, https:\/\/anders.no\/wp3\/wp-content\/uploads\/2022\/01\/IMG_20190116_0026-768x520.jpg 768w, https:\/\/anders.no\/wp3\/wp-content\/uploads\/2022\/01\/IMG_20190116_0026-1536x1040.jpg 1536w, https:\/\/anders.no\/wp3\/wp-content\/uploads\/2022\/01\/IMG_20190116_0026-2048x1387.jpg 2048w\" sizes=\"auto, (max-width: 1024px) 100vw, 1024px\" \/><figcaption>Aslaug Sanna setter ut isbegonia f\u00f8rste v\u00e5ren med produksjon<\/figcaption><\/figure>\n\n\n\n<figure class=\"wp-block-image size-large\"><img loading=\"lazy\" decoding=\"async\" width=\"691\" height=\"1024\" data-id=\"1005\" src=\"http:\/\/anders.no\/wp3\/wp-content\/uploads\/2022\/01\/IMG_20190116_0027-691x1024.jpg\" alt=\"\" class=\"wp-image-1005\" srcset=\"https:\/\/anders.no\/wp3\/wp-content\/uploads\/2022\/01\/IMG_20190116_0027-691x1024.jpg 691w, https:\/\/anders.no\/wp3\/wp-content\/uploads\/2022\/01\/IMG_20190116_0027-202x300.jpg 202w, https:\/\/anders.no\/wp3\/wp-content\/uploads\/2022\/01\/IMG_20190116_0027-768x1139.jpg 768w, https:\/\/anders.no\/wp3\/wp-content\/uploads\/2022\/01\/IMG_20190116_0027-1036x1536.jpg 1036w, https:\/\/anders.no\/wp3\/wp-content\/uploads\/2022\/01\/IMG_20190116_0027-1381x2048.jpg 1381w, https:\/\/anders.no\/wp3\/wp-content\/uploads\/2022\/01\/IMG_20190116_0027-scaled.jpg 1727w\" sizes=\"auto, (max-width: 691px) 100vw, 691px\" \/><figcaption>Reidar Eskedal , gift med Maria Thuresson, var ansvarlig r\u00f8rlegger<\/figcaption><\/figure>\n<\/figure>\n","protected":false},"excerpt":{"rendered":"<p>Anders J\u00f8rgen Sand kj\u00f8pte g\u00e5rden i 1924. Han og familien flyttet fra Sand p\u00e5 grensen mellom Sandar og Stokke. S\u00f8nnen Finn var 4 \u00e5r da han kom til Strand. Randi<a class=\"moretag\" href=\"https:\/\/anders.no\/wp3\/osteroya\/gardshistorie\/strand-94-3-fam-sand\/\"> &#8230;<\/a><\/p>\n","protected":false},"author":1,"featured_media":0,"parent":260,"menu_order":0,"comment_status":"closed","ping_status":"closed","template":"","meta":{"footnotes":"","advanced-sidebar-menu\/link-title":"","advanced-sidebar-menu\/exclude-page":false},"class_list":["post-571","page","type-page","status-publish","hentry"],"_links":{"self":[{"href":"https:\/\/anders.no\/wp3\/wp-json\/wp\/v2\/pages\/571","targetHints":{"allow":["GET"]}}],"collection":[{"href":"https:\/\/anders.no\/wp3\/wp-json\/wp\/v2\/pages"}],"about":[{"href":"https:\/\/anders.no\/wp3\/wp-json\/wp\/v2\/types\/page"}],"author":[{"embeddable":true,"href":"https:\/\/anders.no\/wp3\/wp-json\/wp\/v2\/users\/1"}],"replies":[{"embeddable":true,"href":"https:\/\/anders.no\/wp3\/wp-json\/wp\/v2\/comments?post=571"}],"version-history":[{"count":12,"href":"https:\/\/anders.no\/wp3\/wp-json\/wp\/v2\/pages\/571\/revisions"}],"predecessor-version":[{"id":1458,"href":"https:\/\/anders.no\/wp3\/wp-json\/wp\/v2\/pages\/571\/revisions\/1458"}],"up":[{"embeddable":true,"href":"https:\/\/anders.no\/wp3\/wp-json\/wp\/v2\/pages\/260"}],"wp:attachment":[{"href":"https:\/\/anders.no\/wp3\/wp-json\/wp\/v2\/media?parent=571"}],"curies":[{"name":"wp","href":"https:\/\/api.w.org\/{rel}","templated":true}]}}