{"id":564,"date":"2021-02-02T20:15:05","date_gmt":"2021-02-02T20:15:05","guid":{"rendered":"http:\/\/anders.no\/wp3\/?page_id=564"},"modified":"2021-02-02T22:09:53","modified_gmt":"2021-02-02T22:09:53","slug":"gustav-skomaker","status":"publish","type":"page","link":"https:\/\/anders.no\/wp3\/osteroya\/personer\/gustav-skomaker\/","title":{"rendered":"Gustav Skomaker"},"content":{"rendered":"\n<p>Tor Nicolaisen skriver : <\/p>\n\n\n\n<p>Gustav Skomaker. Gustav Evensen, f. 1867, d\u00f8d 1947. Bodde i Hafallbrekka, der Bj\u00f8rn Sunde (s\u00f8nn av Bergljot og Georg) n\u00e5 bor. Gustav var s\u00f8nn av Even Gunnarss\u00f8n og kona Line Marie Andersdatter (f.1845) fra Sunde. Even ble vekk med selfangeren\u201d Haabet\u201d i 1871, f\u00f8rt av skipper Nils Knudsen, Strand. Ved dette forliset ble\u00a0 det p\u00e5 en gang 9 enker i \u00d8ster\u00f8ya!! (Gravstedet til Gustav skomaker er p\u00e5 Sandar kirkeg\u00e5rd, helt ut mot \u201dHavnesporet\u201d og litt ovenfor \u201dFugleredet\u201d.)<\/p>\n\n\n\n<p><\/p>\n\n\n\n<p>Anders S: I 1891 bor Gustav og broren p\u00e5 Gjekstad, i huset til J<a href=\"http:\/\/anders.no\/historie\/getperson.php?personID=I505&amp;tree=tree1\">ohanne Katrine Olsen<\/a>, f\u00f8dt Erlandsen 1839 p\u00e5 Sunde (Grelland\/Welford-g\u00e5rden). Hennes familie var alts\u00e5 naboer med Gustav sin familie som bodde p\u00e5 g\u00e5rden som Hanne Mikkelsen Sunde n\u00e5 eier. <\/p>\n\n\n\n<p><a href=\"http:\/\/anders.no\/historie\/getperson.php?personID=I505&amp;tree=tree1\" target=\"_blank\" rel=\"noreferrer noopener\">Johanne Katrine <\/a>er Kristin Gjekstad sin oldemor og var blitt enke i 1886 <\/p>\n\n\n\n<p><\/p>\n","protected":false},"excerpt":{"rendered":"<p>Tor Nicolaisen skriver : Gustav Skomaker. Gustav Evensen, f. 1867, d\u00f8d 1947. Bodde i Hafallbrekka, der Bj\u00f8rn Sunde (s\u00f8nn av Bergljot og Georg) n\u00e5 bor. Gustav var s\u00f8nn av Even<a class=\"moretag\" href=\"https:\/\/anders.no\/wp3\/osteroya\/personer\/gustav-skomaker\/\"> &#8230;<\/a><\/p>\n","protected":false},"author":1,"featured_media":0,"parent":254,"menu_order":0,"comment_status":"closed","ping_status":"closed","template":"","meta":{"footnotes":"","advanced-sidebar-menu\/link-title":"","advanced-sidebar-menu\/exclude-page":false},"class_list":["post-564","page","type-page","status-publish","hentry"],"_links":{"self":[{"href":"https:\/\/anders.no\/wp3\/wp-json\/wp\/v2\/pages\/564","targetHints":{"allow":["GET"]}}],"collection":[{"href":"https:\/\/anders.no\/wp3\/wp-json\/wp\/v2\/pages"}],"about":[{"href":"https:\/\/anders.no\/wp3\/wp-json\/wp\/v2\/types\/page"}],"author":[{"embeddable":true,"href":"https:\/\/anders.no\/wp3\/wp-json\/wp\/v2\/users\/1"}],"replies":[{"embeddable":true,"href":"https:\/\/anders.no\/wp3\/wp-json\/wp\/v2\/comments?post=564"}],"version-history":[{"count":3,"href":"https:\/\/anders.no\/wp3\/wp-json\/wp\/v2\/pages\/564\/revisions"}],"predecessor-version":[{"id":569,"href":"https:\/\/anders.no\/wp3\/wp-json\/wp\/v2\/pages\/564\/revisions\/569"}],"up":[{"embeddable":true,"href":"https:\/\/anders.no\/wp3\/wp-json\/wp\/v2\/pages\/254"}],"wp:attachment":[{"href":"https:\/\/anders.no\/wp3\/wp-json\/wp\/v2\/media?parent=564"}],"curies":[{"name":"wp","href":"https:\/\/api.w.org\/{rel}","templated":true}]}}