{"id":477,"date":"2021-02-02T13:14:29","date_gmt":"2021-02-02T13:14:29","guid":{"rendered":"http:\/\/anders.no\/wp3\/?page_id=477"},"modified":"2021-02-02T13:14:30","modified_gmt":"2021-02-02T13:14:30","slug":"strand-n-93-4","status":"publish","type":"page","link":"https:\/\/anders.no\/wp3\/osteroya\/gardshistorie\/strand-n-93-4\/","title":{"rendered":"Strand N, 93\/4"},"content":{"rendered":"\n<p>Albert Andersen eide g\u00e5rden. Han var f\u00f8dt p\u00e5 Hjelmby i <\/p>\n\n\n\n<p><\/p>\n","protected":false},"excerpt":{"rendered":"<p>Albert Andersen eide g\u00e5rden. Han var f\u00f8dt p\u00e5 Hjelmby i<\/p>\n","protected":false},"author":1,"featured_media":0,"parent":260,"menu_order":0,"comment_status":"closed","ping_status":"closed","template":"","meta":{"footnotes":"","advanced-sidebar-menu\/link-title":"","advanced-sidebar-menu\/exclude-page":false},"class_list":["post-477","page","type-page","status-publish","hentry"],"_links":{"self":[{"href":"https:\/\/anders.no\/wp3\/wp-json\/wp\/v2\/pages\/477","targetHints":{"allow":["GET"]}}],"collection":[{"href":"https:\/\/anders.no\/wp3\/wp-json\/wp\/v2\/pages"}],"about":[{"href":"https:\/\/anders.no\/wp3\/wp-json\/wp\/v2\/types\/page"}],"author":[{"embeddable":true,"href":"https:\/\/anders.no\/wp3\/wp-json\/wp\/v2\/users\/1"}],"replies":[{"embeddable":true,"href":"https:\/\/anders.no\/wp3\/wp-json\/wp\/v2\/comments?post=477"}],"version-history":[{"count":1,"href":"https:\/\/anders.no\/wp3\/wp-json\/wp\/v2\/pages\/477\/revisions"}],"predecessor-version":[{"id":478,"href":"https:\/\/anders.no\/wp3\/wp-json\/wp\/v2\/pages\/477\/revisions\/478"}],"up":[{"embeddable":true,"href":"https:\/\/anders.no\/wp3\/wp-json\/wp\/v2\/pages\/260"}],"wp:attachment":[{"href":"https:\/\/anders.no\/wp3\/wp-json\/wp\/v2\/media?parent=477"}],"curies":[{"name":"wp","href":"https:\/\/api.w.org\/{rel}","templated":true}]}}