{"id":473,"date":"2021-02-02T12:49:07","date_gmt":"2021-02-02T12:49:07","guid":{"rendered":"http:\/\/anders.no\/wp3\/?page_id=473"},"modified":"2022-02-07T08:41:42","modified_gmt":"2022-02-07T08:41:42","slug":"strand-94-1","status":"publish","type":"page","link":"https:\/\/anders.no\/wp3\/osteroya\/gardshistorie\/strand-94-1\/","title":{"rendered":"Strand 94\/1"},"content":{"rendered":"\n<figure class=\"wp-block-image size-large\"><img loading=\"lazy\" decoding=\"async\" width=\"544\" height=\"432\" src=\"http:\/\/anders.no\/wp3\/wp-content\/uploads\/2021\/02\/image-2.png\" alt=\"\" class=\"wp-image-474\" srcset=\"https:\/\/anders.no\/wp3\/wp-content\/uploads\/2021\/02\/image-2.png 544w, https:\/\/anders.no\/wp3\/wp-content\/uploads\/2021\/02\/image-2-300x238.png 300w\" sizes=\"auto, (max-width: 544px) 100vw, 544px\" \/><\/figure>\n\n\n\n<p>Matias \u00d8stby som bor her i 1920 var far til Arne \u00d8stby, som mange husker som g\u00e5rdsgutt p\u00e5 Naml\u00f8s. En annen s\u00f8nn, Trygve, bodde i Grisetro, og Sverre bodde i Hagal\u00f8kka. Matias \u00d8stby kj\u00f8pte i 1929 G\u00e5rden Sunde 92\/3 som siden Welford og Grelland eide.<\/p>\n\n\n\n<p>Da Are d\u00f8de, eide Bente Lie Solberg stedet noe tid f\u00f8r hun solgte til Truls Lystad som etter kort tid solgte videre til Thomas Nielsen. Lystad bodde aldri her.<\/p>\n","protected":false},"excerpt":{"rendered":"<p>Matias \u00d8stby som bor her i 1920 var far til Arne \u00d8stby, som mange husker som g\u00e5rdsgutt p\u00e5 Naml\u00f8s. En annen s\u00f8nn, Trygve, bodde i Grisetro, og Sverre bodde i<a class=\"moretag\" href=\"https:\/\/anders.no\/wp3\/osteroya\/gardshistorie\/strand-94-1\/\"> &#8230;<\/a><\/p>\n","protected":false},"author":1,"featured_media":0,"parent":260,"menu_order":0,"comment_status":"closed","ping_status":"closed","template":"","meta":{"footnotes":"","advanced-sidebar-menu\/link-title":"","advanced-sidebar-menu\/exclude-page":false},"class_list":["post-473","page","type-page","status-publish","hentry"],"_links":{"self":[{"href":"https:\/\/anders.no\/wp3\/wp-json\/wp\/v2\/pages\/473","targetHints":{"allow":["GET"]}}],"collection":[{"href":"https:\/\/anders.no\/wp3\/wp-json\/wp\/v2\/pages"}],"about":[{"href":"https:\/\/anders.no\/wp3\/wp-json\/wp\/v2\/types\/page"}],"author":[{"embeddable":true,"href":"https:\/\/anders.no\/wp3\/wp-json\/wp\/v2\/users\/1"}],"replies":[{"embeddable":true,"href":"https:\/\/anders.no\/wp3\/wp-json\/wp\/v2\/comments?post=473"}],"version-history":[{"count":4,"href":"https:\/\/anders.no\/wp3\/wp-json\/wp\/v2\/pages\/473\/revisions"}],"predecessor-version":[{"id":1395,"href":"https:\/\/anders.no\/wp3\/wp-json\/wp\/v2\/pages\/473\/revisions\/1395"}],"up":[{"embeddable":true,"href":"https:\/\/anders.no\/wp3\/wp-json\/wp\/v2\/pages\/260"}],"wp:attachment":[{"href":"https:\/\/anders.no\/wp3\/wp-json\/wp\/v2\/media?parent=473"}],"curies":[{"name":"wp","href":"https:\/\/api.w.org\/{rel}","templated":true}]}}