{"id":464,"date":"2021-02-02T12:27:43","date_gmt":"2021-02-02T12:27:43","guid":{"rendered":"http:\/\/anders.no\/wp3\/?page_id=464"},"modified":"2023-09-17T12:40:52","modified_gmt":"2023-09-17T12:40:52","slug":"bast","status":"publish","type":"page","link":"https:\/\/anders.no\/wp3\/osteroya\/gardshistorie\/bast\/","title":{"rendered":"Bast 93\/9"},"content":{"rendered":"\n<figure class=\"wp-block-gallery has-nested-images columns-default is-cropped wp-block-gallery-1 is-layout-flex wp-block-gallery-is-layout-flex\">\n<figure class=\"wp-block-image size-large\"><img loading=\"lazy\" decoding=\"async\" width=\"1024\" height=\"683\" data-id=\"465\" src=\"https:\/\/anders.no\/wp3\/wp-content\/uploads\/2021\/02\/IMG_7866-1024x683.jpg\" alt=\"\" class=\"wp-image-465\" srcset=\"https:\/\/anders.no\/wp3\/wp-content\/uploads\/2021\/02\/IMG_7866-1024x683.jpg 1024w, https:\/\/anders.no\/wp3\/wp-content\/uploads\/2021\/02\/IMG_7866-300x200.jpg 300w, https:\/\/anders.no\/wp3\/wp-content\/uploads\/2021\/02\/IMG_7866-768x512.jpg 768w, https:\/\/anders.no\/wp3\/wp-content\/uploads\/2021\/02\/IMG_7866-1536x1024.jpg 1536w, https:\/\/anders.no\/wp3\/wp-content\/uploads\/2021\/02\/IMG_7866-2048x1365.jpg 2048w\" sizes=\"auto, (max-width: 1024px) 100vw, 1024px\" \/><\/figure>\n\n\n\n<figure class=\"wp-block-image size-large\"><img loading=\"lazy\" decoding=\"async\" width=\"1024\" height=\"683\" data-id=\"466\" src=\"https:\/\/anders.no\/wp3\/wp-content\/uploads\/2021\/02\/IMG_7875-1024x683.jpg\" alt=\"\" class=\"wp-image-466\" srcset=\"https:\/\/anders.no\/wp3\/wp-content\/uploads\/2021\/02\/IMG_7875-1024x683.jpg 1024w, https:\/\/anders.no\/wp3\/wp-content\/uploads\/2021\/02\/IMG_7875-300x200.jpg 300w, https:\/\/anders.no\/wp3\/wp-content\/uploads\/2021\/02\/IMG_7875-768x512.jpg 768w, https:\/\/anders.no\/wp3\/wp-content\/uploads\/2021\/02\/IMG_7875-1536x1024.jpg 1536w, https:\/\/anders.no\/wp3\/wp-content\/uploads\/2021\/02\/IMG_7875-2048x1365.jpg 2048w\" sizes=\"auto, (max-width: 1024px) 100vw, 1024px\" \/><\/figure>\n\n\n\n<figure class=\"wp-block-image size-large\"><img loading=\"lazy\" decoding=\"async\" width=\"1024\" height=\"683\" data-id=\"467\" src=\"https:\/\/anders.no\/wp3\/wp-content\/uploads\/2021\/02\/IMG_7892-1024x683.jpg\" alt=\"\" class=\"wp-image-467\" srcset=\"https:\/\/anders.no\/wp3\/wp-content\/uploads\/2021\/02\/IMG_7892-1024x683.jpg 1024w, https:\/\/anders.no\/wp3\/wp-content\/uploads\/2021\/02\/IMG_7892-300x200.jpg 300w, https:\/\/anders.no\/wp3\/wp-content\/uploads\/2021\/02\/IMG_7892-768x512.jpg 768w, https:\/\/anders.no\/wp3\/wp-content\/uploads\/2021\/02\/IMG_7892-1536x1024.jpg 1536w, https:\/\/anders.no\/wp3\/wp-content\/uploads\/2021\/02\/IMG_7892-2048x1365.jpg 2048w\" sizes=\"auto, (max-width: 1024px) 100vw, 1024px\" \/><\/figure>\n\n\n\n<figure class=\"wp-block-image size-large\"><img loading=\"lazy\" decoding=\"async\" width=\"1024\" height=\"683\" data-id=\"468\" src=\"https:\/\/anders.no\/wp3\/wp-content\/uploads\/2021\/02\/IMG_7895-1024x683.jpg\" alt=\"\" class=\"wp-image-468\" srcset=\"https:\/\/anders.no\/wp3\/wp-content\/uploads\/2021\/02\/IMG_7895-1024x683.jpg 1024w, https:\/\/anders.no\/wp3\/wp-content\/uploads\/2021\/02\/IMG_7895-300x200.jpg 300w, https:\/\/anders.no\/wp3\/wp-content\/uploads\/2021\/02\/IMG_7895-768x512.jpg 768w, https:\/\/anders.no\/wp3\/wp-content\/uploads\/2021\/02\/IMG_7895-1536x1024.jpg 1536w, https:\/\/anders.no\/wp3\/wp-content\/uploads\/2021\/02\/IMG_7895-2048x1365.jpg 2048w\" sizes=\"auto, (max-width: 1024px) 100vw, 1024px\" \/><\/figure>\n<figcaption class=\"blocks-gallery-caption wp-element-caption\">Foto:A.Sand 2018<\/figcaption><\/figure>\n\n\n\n<p>Eiendommen ble skilt ut fra 93\/1,2 i 1907.  I 1920 bor Theodor Hansen her.  Peder D. Olsen  kj\u00f8per \u00e5ret etter og flytter inn sommeren 1922.  Peder kom fra Nordre Sunde og var f\u00f8dt i 1869. Faren var Ditman Olsen. I folketellingen 1871 st\u00e5r det om han : <em>&laquo;R\u00f8mt som Matros i 1871&raquo;<\/em>. Kona, Anne, <em>&laquo;Ern\u00e6rer sig ved Skr\u00e6ders\u00f8m&raquo;<\/em>.<\/p>\n\n\n\n<p> I 1883 s\u00f8kte Peder om \u00e5 bli konfirmert tre m\u00e5neder f\u00f8r tiden s\u00e5 han kunne reise til Amerika. <\/p>\n\n\n\n<p><strong>En egen nettside om P.D. Olsen finner du her<\/strong> : <a href=\"https:\/\/sites.google.com\/view\/pederdolsenbast\/start?authuser=0\" data-type=\"link\" data-id=\"www.pdolsen.no\">https:\/\/sites.google.com\/view\/pederdolsenbast\/start?authuser=0<\/a><\/p>\n\n\n\n<p>Karen og Peder giftet seg i 1914. Familien bodde i byen f\u00f8r de flyttet til Bast.  Peder og Karen fikk 4 barn : Harald , Agnes, Arne og Per. Harald d\u00f8de tidlig .<\/p>\n\n\n\n<p><\/p>\n\n\n\n<p>1929: Konsul Christensen hadde planlagt \u00e5 sette ut rever p\u00e5 Buvet\u00f8ya, men ekspedisjonen gikk i vasken. Dermed hadde de rever til overs og Olsen Bast sa seg villig til \u00e5 ta dem. De sto i bur ved potetkjelleren f\u00f8rste sommeren mens de bygde reveg\u00e5rden.  Kristian H\u00e5konsen og Just Kristensen &laquo;\u00d8g\u00e5rn&raquo; var med og snekret. Det ble ogs\u00e5 satt opp et vaktt\u00e5rn. Murene st\u00e5r fremdeles.<\/p>\n","protected":false},"excerpt":{"rendered":"<p>Eiendommen ble skilt ut fra 93\/1,2 i 1907. I 1920 bor Theodor Hansen her. Peder D. Olsen kj\u00f8per \u00e5ret etter og flytter inn sommeren 1922. Peder kom fra Nordre Sunde<a class=\"moretag\" href=\"https:\/\/anders.no\/wp3\/osteroya\/gardshistorie\/bast\/\"> &#8230;<\/a><\/p>\n","protected":false},"author":1,"featured_media":0,"parent":260,"menu_order":0,"comment_status":"open","ping_status":"closed","template":"","meta":{"footnotes":"","advanced-sidebar-menu\/link-title":"","advanced-sidebar-menu\/exclude-page":false},"class_list":["post-464","page","type-page","status-publish","hentry"],"_links":{"self":[{"href":"https:\/\/anders.no\/wp3\/wp-json\/wp\/v2\/pages\/464","targetHints":{"allow":["GET"]}}],"collection":[{"href":"https:\/\/anders.no\/wp3\/wp-json\/wp\/v2\/pages"}],"about":[{"href":"https:\/\/anders.no\/wp3\/wp-json\/wp\/v2\/types\/page"}],"author":[{"embeddable":true,"href":"https:\/\/anders.no\/wp3\/wp-json\/wp\/v2\/users\/1"}],"replies":[{"embeddable":true,"href":"https:\/\/anders.no\/wp3\/wp-json\/wp\/v2\/comments?post=464"}],"version-history":[{"count":11,"href":"https:\/\/anders.no\/wp3\/wp-json\/wp\/v2\/pages\/464\/revisions"}],"predecessor-version":[{"id":1574,"href":"https:\/\/anders.no\/wp3\/wp-json\/wp\/v2\/pages\/464\/revisions\/1574"}],"up":[{"embeddable":true,"href":"https:\/\/anders.no\/wp3\/wp-json\/wp\/v2\/pages\/260"}],"wp:attachment":[{"href":"https:\/\/anders.no\/wp3\/wp-json\/wp\/v2\/media?parent=464"}],"curies":[{"name":"wp","href":"https:\/\/api.w.org\/{rel}","templated":true}]}}