{"id":451,"date":"2021-02-02T10:52:58","date_gmt":"2021-02-02T10:52:58","guid":{"rendered":"http:\/\/anders.no\/wp3\/?page_id=451"},"modified":"2022-01-11T07:46:49","modified_gmt":"2022-01-11T07:46:49","slug":"brev-til-albert-andersen","status":"publish","type":"page","link":"https:\/\/anders.no\/wp3\/osteroya\/personer\/brev-til-albert-andersen\/","title":{"rendered":"Brev til Albert Andersen"},"content":{"rendered":"\n<p><strong>F\u00f8r husene p\u00e5 Nordre Strand ble revet fant Tom Nalum og Jan Kristian Andersen en mengde gamle papirer som de overlot til Anders Sand. Blant disse er flere brev som d\u00f8trene og kona, Gina, skrev til Albert da han var p\u00e5 hvalfangst. De sitatene som vises nedenfor er fra 1929 og forteller mye om dagliglivet i \u00d8ster\u00f8ya<\/strong>. Albert Andersens etterkommere har gitt meg tillatelse til \u00e5 publisere dette. <\/p>\n\n\n\n<p>Kj\u00e6re far     Strand 11\/9-1929 ( 1929 er usikker men det passer med at brevene senere forteller at Hans Hauan er d\u00f8d)<\/p>\n\n\n\n<p><br> Takk for brevet. Vi har snart oppgitt h\u00e5pet men endelig s\u00e5 kom det. \u2026.. Her er det som det pleier. Masse \u00e5 gj\u00f8re forresten. I dag har Peder Nilsen vert her og hjulpet med \u00e5 treske fr\u00f8et og litt hvete\u2026\u2026\u2026\u2026.  Nytt blekk ;brevet er skrevet i sekvenser)<br> Lars Sunde var p\u00e5 s\u00f8ndagsskolestevne i Kvelle. Det er det verste jeg har sett. Jeg er s\u00e5 oplagt til \u00e5 skrive i kveld ogs\u00e5 n\u00e5r jeg f\u00e5r begynt har jeg ikke noe \u00e5 skrive alikevel. Jeg f\u00e5r likes\u00e5 godt vente til i morgen s\u00e5 kanskje det blir bedre. <\/p>\n\n\n\n<p><br>   God kveld igjen far. En hel dag er g\u00e5tt igjen og klokka er over 11- Jeg har v\u00e6rt av g\u00e5rde og krevd rikstelefon. Skulde hilse s\u00e5 meget fra Anders Sand og frua, ogs\u00e5 skulde jeg si at de hadde vunnet potetm\u00f8lle-saken. Jeg vet ikke om mor har skrevet at vi skulle hilse fra Just og Jenny. De \u2026.. ute og fisket l\u00f8rdag og mandagskvelden. Om l\u00f8rdagen fikk de nesten ikke noe, men mandagskvelden var det litt bedre. De fisket visst etter makrell, men de fikk ikke mer enn en bitte-liten ogs\u00e5 m\u00e5tte de n\u00f8ie seg med hvitting forresten. Fru Schwenke hadde f\u00e5tt 6 makreller p\u00e5 en kveld for en tid siden, og det var jo ikke verst. I morgen skulde Schwenke komme hjem fra sykehuset ogs\u00e5. Hans Hauan er vist syk ogs\u00e5. Han har ikke lov \u00e5 g\u00e5 ut av d\u00f8ren engang. Peder Nilsen var her og l\u00e5nte h\u00f8isleden idag for \u00e5 kj\u00f8re hjem noe ved som de hadde f\u00e5tt av dig. Jamen er det rart her iverden. Tenk n\u00e5 er Malia s\u00e5 syk at hun m\u00e5 ligge. Det var jo ikke s\u00e5 rart, men det rare er at Lindgren er oppe og steller. Han er s\u00e5 frisk at han har kunnet g\u00e5 etter melka, og syklet har han gjort. Erling fortalte at Lindgren hadde spurt om han ikke kunde kj\u00f8re ham til byen en dag. De skulde vel efter avisene. Vi har snakket om at vi skulde se \u00e5 f\u00e5 sendt. Men det er likesom s\u00e5 vondt. Vi har ikke hatt noe greie p\u00e5 adresser eller noe. Ja s\u00e5 f\u00e5r du ha det s\u00e5 bra da.<\/p>\n\n\n\n<p>Hjertelig hilsen Doris.<\/p>\n\n\n\n<p><a href=\"http:\/\/anders.no\/wp3\/telefonsentralen\/\" data-type=\"page\" data-id=\"605\">Se Doris sin artikkel om livet som telefondame i \u00d8ster\u00f8ya<\/a><\/p>\n\n\n\n<p>I dag har vi skj\u00e6rt nesten hele hvetestykket bortp\u00e5 jordet ved Bast<br> Nu kan du tro de gj\u00f8r fin revegard p\u00e5 Bast. Kristian Eian og Just \u00d8g\u00e5rn er der og arbeider. <br> Borghild Lysnes har f\u00e5tt post i Oslo hun reiste i dag<\/p>\n\n\n\n<p>Har du set no mer til Harald og liamann nu da. \u2026. N\u00e5r tid gikk dere fra Kardiff da. <br>\n\u2026 kj\u00e6rlig hilsen fra Anna<\/p>\n\n\n\n<hr class=\"wp-block-separator\"\/>\n\n\n\n<div class=\"wp-block-image is-style-default\"><figure class=\"aligncenter size-large is-resized\"><img loading=\"lazy\" decoding=\"async\" src=\"http:\/\/anders.no\/wp3\/wp-content\/uploads\/2021\/02\/Albert-Andersen-brev-3-732x1024.jpg\" alt=\"\" class=\"wp-image-587\" width=\"454\" height=\"635\" srcset=\"https:\/\/anders.no\/wp3\/wp-content\/uploads\/2021\/02\/Albert-Andersen-brev-3-732x1024.jpg 732w, https:\/\/anders.no\/wp3\/wp-content\/uploads\/2021\/02\/Albert-Andersen-brev-3-215x300.jpg 215w, https:\/\/anders.no\/wp3\/wp-content\/uploads\/2021\/02\/Albert-Andersen-brev-3-768x1074.jpg 768w, https:\/\/anders.no\/wp3\/wp-content\/uploads\/2021\/02\/Albert-Andersen-brev-3-1098x1536.jpg 1098w, https:\/\/anders.no\/wp3\/wp-content\/uploads\/2021\/02\/Albert-Andersen-brev-3-1465x2048.jpg 1465w, https:\/\/anders.no\/wp3\/wp-content\/uploads\/2021\/02\/Albert-Andersen-brev-3-scaled.jpg 1831w\" sizes=\"auto, (max-width: 454px) 100vw, 454px\" \/><\/figure><\/div>\n\n\n\n<ol class=\"wp-block-list\" start=\"11\"><li>Des 1929:<br> &#8230; Nu skal Jensen p\u00e5 pensjonatet (<em>Arthur Eian mens han drev Strand Pensjonat<\/em>) begynne kolonialforretning. De bygger inat p\u00e5 bryggerhuset og over til veien&#8230;..Du kan tro det er nydelig i byen nu. De har satt sammen noe de kaller for \u201cjulegate\u201d.  Der er kristorn som er hengt p\u00e5 tr\u00e5der tvers over gatene og inne i kristornene er det hvite, bl\u00e5 og r\u00f8de p\u00e6rer som lyser om kvelden. Det g\u00e5r helt fra Hvits plass og ned til farvehandelen. Nu er gamle <a href=\"http:\/\/anders.no\/wp3\/osteroya\/gardshistroie\/hauan\/\" data-type=\"page\" data-id=\"595\">Hans Hauan<\/a> d\u00f8d ogs\u00e5. Han d\u00f8de p\u00e5 Mj\u00f8l\u00f8st pleiehjem. <a href=\"http:\/\/anders.no\/wp3\/osteroya\/gardshistroie\/skaulokka\/\" data-type=\"page\" data-id=\"408\">Malia<\/a> skal vist komme p\u00e5 Solvang sykehus eller Mj\u00f8l\u00f8st hun ogs\u00e5.<\/li><\/ol>\n\n\n\n<hr class=\"wp-block-separator\"\/>\n\n\n\n<p>December 1929: <br> Tenk nu siger di at Anders Sand kommer til at ta Sand i gjen. Hxxx kan ikke klare mer han har ikke betalt Hypoteken p\u00e5 et aar og ikke har Anders Sand faat renter i h\u00f8st han heller han strever saa med \u2026nene ( L\u00e5nene ?) han har faat saa fint hus saa han vil v\u00e6re paa Strand og selge Sand men han kommer nok til \u00e5 tape<br> \u2026.<br> Jeg skal ogs\u00e5 hilse fra <a href=\"http:\/\/anders.no\/wp3\/osteroya\/personer\/gustav-skomaker\/\" data-type=\"page\" data-id=\"564\">Gustav( Gustav Skomaker ?) <\/a>han kom herned i gaar kveld han hadde v\u00e6rt p\u00e5 skolen og i kveld har jeg gjort krans til Hans Hauan jeg vil pr\u00f8ve og sende den med Peder Nilsen<br> Hj\u00e6rtelig hilsen fra din hustru Gina<\/p>\n\n\n\n<p>Kj\u00e6re far!<br> Tusen takk for brevet som vi fikk av dig. H\u00e5per du er frisk. Du har vel like meget \u00e5 gj\u00f8re nu ogs\u00e5. Her er det ogs\u00e5 meget \u00e5 gj\u00f8re. Ikveld er Doris oppe p\u00e5 skolen med nogen rikstelefonlapper og hun klarer det fint. \u2026\u2026 Har du snakket med mange kjente da <strong>Harald Julia <\/strong>liker sig vist ordentlig godt han ogs\u00e5 <\/p>\n\n\n\n<p><em>(<span class=\"has-inline-color has-vivid-cyan-blue-color\">Anders sin kommentar: &laquo;Harald Julia&raquo; mener jeg er Harald Kristiansen Nyg\u00e5rd , s\u00f8nnen til Julia eller Julie som det st\u00e5r i folktellingen 1920  nedenfor<\/span><\/em><\/p>\n\n\n\n<figure class=\"wp-block-image size-large is-resized\"><img loading=\"lazy\" decoding=\"async\" src=\"http:\/\/anders.no\/wp3\/wp-content\/uploads\/2021\/02\/image-1024x391.png\" alt=\"\" class=\"wp-image-452\" width=\"378\" height=\"144\" srcset=\"https:\/\/anders.no\/wp3\/wp-content\/uploads\/2021\/02\/image-1024x391.png 1024w, https:\/\/anders.no\/wp3\/wp-content\/uploads\/2021\/02\/image-300x115.png 300w, https:\/\/anders.no\/wp3\/wp-content\/uploads\/2021\/02\/image-768x293.png 768w, https:\/\/anders.no\/wp3\/wp-content\/uploads\/2021\/02\/image-1536x587.png 1536w, https:\/\/anders.no\/wp3\/wp-content\/uploads\/2021\/02\/image.png 1725w\" sizes=\"auto, (max-width: 378px) 100vw, 378px\" \/><\/figure>\n\n\n\n<p><em><span class=\"has-inline-color has-vivid-cyan-blue-color\">De bodde i &laquo;Juliasvingen&raquo; i det huset som vi husker tilh\u00f8rte Falkensten. Trygve Falkensten var gift med Gudrun, datter til Julia og J\u00f8rgen Nyg\u00e5rd Kristiansen. De bodde tidligere i Hagal\u00f8kka)<\/span><\/em><\/p>\n","protected":false},"excerpt":{"rendered":"<p>F\u00f8r husene p\u00e5 Nordre Strand ble revet fant Tom Nalum og Jan Kristian Andersen en mengde gamle papirer som de overlot til Anders Sand. Blant disse er flere brev som<a class=\"moretag\" href=\"https:\/\/anders.no\/wp3\/osteroya\/personer\/brev-til-albert-andersen\/\"> &#8230;<\/a><\/p>\n","protected":false},"author":1,"featured_media":0,"parent":254,"menu_order":0,"comment_status":"open","ping_status":"closed","template":"","meta":{"footnotes":"","advanced-sidebar-menu\/link-title":"","advanced-sidebar-menu\/exclude-page":false},"class_list":["post-451","page","type-page","status-publish","hentry"],"_links":{"self":[{"href":"https:\/\/anders.no\/wp3\/wp-json\/wp\/v2\/pages\/451","targetHints":{"allow":["GET"]}}],"collection":[{"href":"https:\/\/anders.no\/wp3\/wp-json\/wp\/v2\/pages"}],"about":[{"href":"https:\/\/anders.no\/wp3\/wp-json\/wp\/v2\/types\/page"}],"author":[{"embeddable":true,"href":"https:\/\/anders.no\/wp3\/wp-json\/wp\/v2\/users\/1"}],"replies":[{"embeddable":true,"href":"https:\/\/anders.no\/wp3\/wp-json\/wp\/v2\/comments?post=451"}],"version-history":[{"count":10,"href":"https:\/\/anders.no\/wp3\/wp-json\/wp\/v2\/pages\/451\/revisions"}],"predecessor-version":[{"id":608,"href":"https:\/\/anders.no\/wp3\/wp-json\/wp\/v2\/pages\/451\/revisions\/608"}],"up":[{"embeddable":true,"href":"https:\/\/anders.no\/wp3\/wp-json\/wp\/v2\/pages\/254"}],"wp:attachment":[{"href":"https:\/\/anders.no\/wp3\/wp-json\/wp\/v2\/media?parent=451"}],"curies":[{"name":"wp","href":"https:\/\/api.w.org\/{rel}","templated":true}]}}