{"id":426,"date":"2021-02-02T06:26:36","date_gmt":"2021-02-02T06:26:36","guid":{"rendered":"http:\/\/anders.no\/wp3\/?page_id=426"},"modified":"2024-09-21T13:12:14","modified_gmt":"2024-09-21T13:12:14","slug":"hans-karlsen","status":"publish","type":"page","link":"https:\/\/anders.no\/wp3\/osteroya\/personer\/hans-karlsen\/","title":{"rendered":"Hans Karlsen"},"content":{"rendered":"\n<p>Hans Karlsen var tidligere g\u00e5rdsarbeider p\u00e5 Eian, og en litt mystisk og fjern person som bodde i skogen da jeg vokste opp.<\/p>\n\n\n\n<p>En tid bodde han i Hauanhuset ( som n\u00e5 er revet) p\u00e5 Hjelmby. H\u00e5kon Thuresson husker at de var inne der og da s\u00e5 de at han l\u00e5 i halm som l\u00e5 rett p\u00e5 gulvet.&nbsp;Han viste seg sjelden utend\u00f8rs og han hadde lite \u00e5 leve av. Olav G. Andersen br\u00f8ytet veien til Stiger med traktor og en treplog og guttene i nabolaget hang bakp\u00e5 den lette plogen som &laquo;ballast&raquo;. Da de kj\u00f8rte forbi Hauan, kom Hans Karlsen ut og lurte p\u00e5 om han kunne hjelpe til. Det fikk han, og Olav forsto straks at n\u00e5 var det d\u00e5rlig stelt, siden han tok kontakt. Olav var snill og ga han fem kroner.<\/p>\n\n\n\n<p>Hans Karlsen var i ordets rette forstand en eneboer. H\u00e5kon Thuresson forteller ogs\u00e5 at han gikk ut i sj\u00f8en med kl\u00e6rne p\u00e5 for \u00e5 vaske seg og kl\u00e6rne. Han tok sand fra bunnen og gned p\u00e5 kl\u00e6rne. Hans Karlsen hadde motorsykkel i de dager og det var veldig popul\u00e6rt hos guttene i nabolaget.<\/p>\n\n\n\n<p>Han bodde siste del av livet i en liten hytte i skogen til Bj\u00f8rg Deinboll. Rester av hytta er flyttet noen meter og er i dag anneks til en av hyttene i Strandskogen. Det var f\u00e5 mennesker han snakket med, &nbsp;men en av dem var Astrid Schwenche som bodde i Skaul\u00f8kka. En iskald vinterdag p\u00e5 midten av 60-tallet hadde frk. Schwenche invitert Hans Karlsen p\u00e5 s\u00f8ndagsmiddag, men han dukket ikke opp. Hun hadde tatt seg fram til hytta hans gjennom skogen og banket p\u00e5, men han lukket ikke opp. Frk Schwenche forsto at noe var galt og gikk ned til far, Finn Sand, for \u00e5 f\u00e5 hjelp. Han igjen ringte til Ingemar i Stiger og avtalte at de skulle g\u00e5 opp fra hver sin kant og m\u00f8tes hos Hans Karlsen. Ingemar var den f\u00f8rste som kom fram og da sto Hans Karlsen ute i sn\u00f8en, barbent og i bare undert\u00f8yet. Han sto stiv av frost og holdt rundt et bjerketre og Ingemar m\u00e5tte brekke fingrene l\u00f8s fra treet og b\u00e6re ham inn i hytta.<\/p>\n\n\n\n<p>R\u00f8de Kors ble tilkalt og mens far og Ingemar var hos Hans Karlsen, ble jeg satt p\u00e5 p\u00e5 post i svingen ved huset til Falkensten ( Juliasvingen) for \u00e5 vise Hjelpekorpset veien. Det var etter hvert blitt en iskald, m\u00e5neklar kveld og vi gikk p\u00e5 ski langs skogsveien &nbsp;og Hjelpekorpset hadde med skikjelke til \u00e5 frakte pasienten. Da vi kom fram sto Ingemar og far utenfor hytta og da Hjelpekorpset gikk inn pr\u00f8vde far \u00e5 hindre meg i \u00e5 se inn fordi synet av mannen som l\u00e5 der inne var for sterkt for en gutt p\u00e5 12-13 \u00e5r. Hans Karlsen hadde brent opp det lille han hadde av inventar for \u00e5 holde varmen. Han hadde brukt blikkbokser og annet som avtrede og han l\u00e5 bare i en fillehaug. Hjelpkorpset fikk Karlsen lagt p\u00e5 skikjelken og transporten gikk i lys av m\u00e5neskinnet tilbake til \u00d8ster\u00f8yveien. Karlsen endte p\u00e5 sykehuset og m\u00e5tte amputere flere t\u00e6r p\u00e5 grunn av koldbrann.<\/p>\n\n\n\n<figure class=\"wp-block-image\"><a href=\"http:\/\/sandpaastrand.files.wordpress.com\/2013\/10\/2013-10-28-12-43-51.jpg\"><img decoding=\"async\" src=\"http:\/\/sandpaastrand.files.wordpress.com\/2013\/10\/2013-10-28-12-43-51.jpg?w=300\" alt=\"2013-10-28 12.43.51\" class=\"wp-image-168\"\/><\/a><\/figure>\n\n\n\n<p><em>Dette annekset som bildet over viser, kan v\u00e6re en videref\u00f8ring av Karlsens hytte, men den er snudd og flyttet noen meter.<\/em><\/p>\n\n\n\n<p>Han kom tilbake til hytta si i Strandskogen, men n\u00e5 fikk sosialkontoret ordnet det slik at kj\u00f8pmann Rove kj\u00f8rte ut en eske med mat hver fredag. Esken ble satt p\u00e5 knausen ved veien opp til Skaul\u00f8kka og bak huset v\u00e5rt p\u00e5 Strand. Hans Karlsen hentet varene selv, men han ville sjelden st\u00e5 og vente ved veien. Han satt opp i bakken og fulgte med, og da Rove kj\u00f8rte videre utover, kom han ned og hentet matvarene.<\/p>\n\n\n\n<p>Et par \u00e5r senere ble han syk igjen og jeg mener at han da d\u00f8de p\u00e5 sykehuset, antagelig i perioden 1966-1968. ??<\/p>\n\n\n\n<p>Av Anders Sand<\/p>\n","protected":false},"excerpt":{"rendered":"<p>Hans Karlsen var tidligere g\u00e5rdsarbeider p\u00e5 Eian, og en litt mystisk og fjern person som bodde i skogen da jeg vokste opp. En tid bodde han i Hauanhuset ( som<a class=\"moretag\" href=\"https:\/\/anders.no\/wp3\/osteroya\/personer\/hans-karlsen\/\"> &#8230;<\/a><\/p>\n","protected":false},"author":1,"featured_media":0,"parent":254,"menu_order":10,"comment_status":"open","ping_status":"closed","template":"","meta":{"footnotes":"","advanced-sidebar-menu\/link-title":"","advanced-sidebar-menu\/exclude-page":false},"class_list":["post-426","page","type-page","status-publish","hentry"],"_links":{"self":[{"href":"https:\/\/anders.no\/wp3\/wp-json\/wp\/v2\/pages\/426","targetHints":{"allow":["GET"]}}],"collection":[{"href":"https:\/\/anders.no\/wp3\/wp-json\/wp\/v2\/pages"}],"about":[{"href":"https:\/\/anders.no\/wp3\/wp-json\/wp\/v2\/types\/page"}],"author":[{"embeddable":true,"href":"https:\/\/anders.no\/wp3\/wp-json\/wp\/v2\/users\/1"}],"replies":[{"embeddable":true,"href":"https:\/\/anders.no\/wp3\/wp-json\/wp\/v2\/comments?post=426"}],"version-history":[{"count":3,"href":"https:\/\/anders.no\/wp3\/wp-json\/wp\/v2\/pages\/426\/revisions"}],"predecessor-version":[{"id":1758,"href":"https:\/\/anders.no\/wp3\/wp-json\/wp\/v2\/pages\/426\/revisions\/1758"}],"up":[{"embeddable":true,"href":"https:\/\/anders.no\/wp3\/wp-json\/wp\/v2\/pages\/254"}],"wp:attachment":[{"href":"https:\/\/anders.no\/wp3\/wp-json\/wp\/v2\/media?parent=426"}],"curies":[{"name":"wp","href":"https:\/\/api.w.org\/{rel}","templated":true}]}}