{"id":419,"date":"2021-02-01T15:34:13","date_gmt":"2021-02-01T15:34:13","guid":{"rendered":"http:\/\/anders.no\/wp3\/?page_id=419"},"modified":"2024-06-16T09:02:58","modified_gmt":"2024-06-16T09:02:58","slug":"batopplag","status":"publish","type":"page","link":"https:\/\/anders.no\/wp3\/batopplag\/","title":{"rendered":"B\u00e5topplag"},"content":{"rendered":"\n<p><br>Strand Gartneri AS lagrer fritidsb\u00e5ter (mindre enn 21 fot) i veksthuset. Veksthuset er en l\u00e5st bygning med brannvarsling. B\u00e5ten og tilhenger m\u00e5 likevel v\u00e6re forsikret (kasko) p\u00e5 eiers h\u00e5nd. Det er dessverre ikke mulig for oss \u00e5 forsikre lagringsobjekter vi har i v\u00e5r forvaring.<br>Alle b\u00e5ter m\u00e5 leveres p\u00e5 henger. Eier m\u00e5 gi beskjed minst 7 dager f\u00f8r b\u00e5ten skal ut om v\u00e5ren!<br>Normal lagringsperiode er 15. august til 1.juli. Lagring ut over dette avtales spesielt.<\/p>\n\n\n\n<p>Vi kan ikke ta ansvar for skade p\u00e5 puter og kalesjer som f\u00f8lge av fuktighet og b\u00e5teier b\u00f8r vurdere \u00e5 fjerne slike f\u00f8r vinteren. Hvis hjul p\u00e5 tilhenger l\u00e5ser seg i l\u00f8pet av lagringsperioden, er dette ogs\u00e5 b\u00e5teiers ansvar.<br>Alle som har lagret b\u00e5ten en sesong, f\u00e5r automatisk plass p\u00e5f\u00f8lgende sesong. Vennligst gi beskjed senest 15. august hvis plassen ikke skal benyttes!<\/p>\n\n\n\n<p>Ved senere beskjed forbeholder vi oss retten til \u00e5 fakturere normal leie for en sesong.<\/p>\n\n\n\n<p>Vi ber om at batteriet fjernes eller i det minste koples fra f\u00f8r opplag.<\/p>\n\n\n\n<h2 class=\"wp-block-heading\">Betingelser<\/h2>\n\n\n\n<p>Faktura for opplaget sendes ut pr 15. August med forfall 5.10.<br>Sommeropplag av tilhenger koster 800,- og betales umiddelbart etter levering.<\/p>\n\n\n\n<p>Du m\u00e5 selv s\u00f8rge for \u00e5 ta n\u00f8dvendig motorservice f\u00f8r b\u00e5ten plasseres hos oss.<\/p>\n\n\n\n<h2 class=\"wp-block-heading\">Priser<\/h2>\n\n\n\n<p>Opplaget koster kr 325 pr fot.<br>B\u00e5ter under 15 fot f\u00e5r 10% rabatt og b\u00e5ter st\u00f8rre enn 20 fot f\u00e5r et tillegg p\u00e5 15%.<\/p>\n\n\n\n<figure class=\"wp-block-image size-large\"><img loading=\"lazy\" decoding=\"async\" width=\"1024\" height=\"683\" src=\"https:\/\/anders.no\/wp3\/wp-content\/uploads\/2021\/02\/2014-03-29-09.36.53-1024x683.jpg\" alt=\"\" class=\"wp-image-1099\" srcset=\"https:\/\/anders.no\/wp3\/wp-content\/uploads\/2021\/02\/2014-03-29-09.36.53-1024x683.jpg 1024w, https:\/\/anders.no\/wp3\/wp-content\/uploads\/2021\/02\/2014-03-29-09.36.53-300x200.jpg 300w, https:\/\/anders.no\/wp3\/wp-content\/uploads\/2021\/02\/2014-03-29-09.36.53-768x512.jpg 768w, https:\/\/anders.no\/wp3\/wp-content\/uploads\/2021\/02\/2014-03-29-09.36.53-1536x1024.jpg 1536w, https:\/\/anders.no\/wp3\/wp-content\/uploads\/2021\/02\/2014-03-29-09.36.53-2048x1365.jpg 2048w\" sizes=\"auto, (max-width: 1024px) 100vw, 1024px\" \/><\/figure>\n","protected":false},"excerpt":{"rendered":"<p>Strand Gartneri AS lagrer fritidsb\u00e5ter (mindre enn 21 fot) i veksthuset. Veksthuset er en l\u00e5st bygning med brannvarsling. B\u00e5ten og tilhenger m\u00e5 likevel v\u00e6re forsikret (kasko) p\u00e5 eiers h\u00e5nd. Det<a class=\"moretag\" href=\"https:\/\/anders.no\/wp3\/batopplag\/\"> &#8230;<\/a><\/p>\n","protected":false},"author":1,"featured_media":0,"parent":0,"menu_order":0,"comment_status":"closed","ping_status":"closed","template":"","meta":{"footnotes":"","advanced-sidebar-menu\/link-title":"","advanced-sidebar-menu\/exclude-page":false},"class_list":["post-419","page","type-page","status-publish","hentry"],"_links":{"self":[{"href":"https:\/\/anders.no\/wp3\/wp-json\/wp\/v2\/pages\/419","targetHints":{"allow":["GET"]}}],"collection":[{"href":"https:\/\/anders.no\/wp3\/wp-json\/wp\/v2\/pages"}],"about":[{"href":"https:\/\/anders.no\/wp3\/wp-json\/wp\/v2\/types\/page"}],"author":[{"embeddable":true,"href":"https:\/\/anders.no\/wp3\/wp-json\/wp\/v2\/users\/1"}],"replies":[{"embeddable":true,"href":"https:\/\/anders.no\/wp3\/wp-json\/wp\/v2\/comments?post=419"}],"version-history":[{"count":8,"href":"https:\/\/anders.no\/wp3\/wp-json\/wp\/v2\/pages\/419\/revisions"}],"predecessor-version":[{"id":1656,"href":"https:\/\/anders.no\/wp3\/wp-json\/wp\/v2\/pages\/419\/revisions\/1656"}],"wp:attachment":[{"href":"https:\/\/anders.no\/wp3\/wp-json\/wp\/v2\/media?parent=419"}],"curies":[{"name":"wp","href":"https:\/\/api.w.org\/{rel}","templated":true}]}}