{"id":401,"date":"2021-01-31T08:30:04","date_gmt":"2021-01-31T08:30:04","guid":{"rendered":"http:\/\/anders.no\/wp3\/?page_id=401"},"modified":"2022-01-09T10:56:36","modified_gmt":"2022-01-09T10:56:36","slug":"slektshistorie","status":"publish","type":"page","link":"https:\/\/anders.no\/wp3\/slektshistorie\/","title":{"rendered":"Slektshistorie"},"content":{"rendered":"\n<figure class=\"wp-block-image size-large\"><img loading=\"lazy\" decoding=\"async\" width=\"1024\" height=\"774\" src=\"http:\/\/anders.no\/wp3\/wp-content\/uploads\/2020\/01\/Fam-Lind-Endre-NN-Helga-Aase-Inger_Lise-Vesla-i-Ula-eller...-1024x774.jpg\" alt=\"\" class=\"wp-image-322\" srcset=\"https:\/\/anders.no\/wp3\/wp-content\/uploads\/2020\/01\/Fam-Lind-Endre-NN-Helga-Aase-Inger_Lise-Vesla-i-Ula-eller...-1024x774.jpg 1024w, https:\/\/anders.no\/wp3\/wp-content\/uploads\/2020\/01\/Fam-Lind-Endre-NN-Helga-Aase-Inger_Lise-Vesla-i-Ula-eller...-300x227.jpg 300w, https:\/\/anders.no\/wp3\/wp-content\/uploads\/2020\/01\/Fam-Lind-Endre-NN-Helga-Aase-Inger_Lise-Vesla-i-Ula-eller...-768x580.jpg 768w, https:\/\/anders.no\/wp3\/wp-content\/uploads\/2020\/01\/Fam-Lind-Endre-NN-Helga-Aase-Inger_Lise-Vesla-i-Ula-eller...-1536x1161.jpg 1536w, https:\/\/anders.no\/wp3\/wp-content\/uploads\/2020\/01\/Fam-Lind-Endre-NN-Helga-Aase-Inger_Lise-Vesla-i-Ula-eller...-2048x1548.jpg 2048w\" sizes=\"auto, (max-width: 1024px) 100vw, 1024px\" \/><\/figure>\n\n\n\n<p>Bildet viser familien Lind p\u00e5 sommerferie. Fra venstre Endre, NN, Helga Br\u00f8nnum, Aase, Inger Lise og Vesla<\/p>\n\n\n\n<p><strong>Kristin sine aner<\/strong><\/p>\n\n\n\n<p>Endre Lind var urmaker fra T\u00f8nsberg og kom til Sandefjord 18\/5-1897 og begynte i urmakerl\u00e6re i MA Br\u00f8nnums urmakerforretnig. I 1900 bor han i Steinsholt-g\u00e5rden p\u00e5 Torvet. Han giftet seg med Helga Br\u00f8nnum, datteren til sin f\u00f8rste sjef,  i 1904. Deres datter Aase ble Kristins mor. <\/p>\n\n\n\n<p>M.A.Br\u00f8nnum var urmaker og startet butikken i 1879. I dag driver Urmaker N\u00e6ss samme bedrift. I 1885 bor familien i Langgaden. M.A.Br\u00f8nnum startet etterhvert manufakturforretning. Br\u00f8nnum bygde villaen &laquo;Frogner&raquo; i 1896. <\/p>\n\n\n\n<figure class=\"wp-block-image size-large\"><img loading=\"lazy\" decoding=\"async\" width=\"150\" height=\"84\" src=\"http:\/\/anders.no\/wp3\/wp-content\/uploads\/2020\/01\/Frogner.png\" alt=\"\" class=\"wp-image-393\"\/><figcaption>Frogner i Moveien<\/figcaption><\/figure>\n\n\n\n<p>P\u00e5 Frogner bodde i 1910 svigers\u00f8nnen Endre Lind med sin Helga og deres barn, Men ogs\u00e5 M.A. Bt\u00f8nnum sin far, Andreas Br\u00f8nnum, f. 1833 bodde her. <\/p>\n\n\n\n<p>I Sandefjord sentrum bygde han ogs\u00e5 Kongensgate 9 og 10. <\/p>\n\n\n\n<figure class=\"wp-block-gallery aligncenter columns-2 is-cropped wp-block-gallery-1 is-layout-flex wp-block-gallery-is-layout-flex\"><ul class=\"blocks-gallery-grid\"><li class=\"blocks-gallery-item\"><figure><img loading=\"lazy\" decoding=\"async\" width=\"255\" height=\"189\" src=\"http:\/\/anders.no\/wp3\/wp-content\/uploads\/2021\/01\/Kongensgate-10.png\" alt=\"\" data-id=\"398\" data-full-url=\"http:\/\/anders.no\/wp3\/wp-content\/uploads\/2021\/01\/Kongensgate-10.png\" data-link=\"http:\/\/anders.no\/wp3\/kongensgate-10\/\" class=\"wp-image-398\"\/><\/figure><\/li><li class=\"blocks-gallery-item\"><figure><img loading=\"lazy\" decoding=\"async\" width=\"193\" height=\"290\" src=\"http:\/\/anders.no\/wp3\/wp-content\/uploads\/2021\/01\/Kongensgate-9.png\" alt=\"\" data-id=\"395\" data-full-url=\"http:\/\/anders.no\/wp3\/wp-content\/uploads\/2021\/01\/Kongensgate-9.png\" data-link=\"http:\/\/anders.no\/wp3\/2020\/01\/13\/hello-world-2\/kongensgate-9\/\" class=\"wp-image-395\"\/><\/figure><\/li><\/ul><\/figure>\n\n\n\n<h2 class=\"wp-block-heading\">\u00d8ster\u00f8y-folk<\/h2>\n\n\n\n<p><a href=\"http:\/\/anders.no\/historie\/descendtext.php?personID=I756&amp;tree=tree1&amp;generations=12\" target=\"_blank\" rel=\"noreferrer noopener\">Klikk her for \u00e5 komme til personer med aner til Naml\u00f8s<\/a><\/p>\n\n\n\n<h2 class=\"wp-block-heading\">Anders sin slekt <\/h2>\n\n\n\n<p><a href=\"http:\/\/anders.no\/wp3\/slektshistorie\/anders-sin-slekt\/\" data-type=\"URL\">finner du her <\/a><br><\/p>\n","protected":false},"excerpt":{"rendered":"<p>Bildet viser familien Lind p\u00e5 sommerferie. Fra venstre Endre, NN, Helga Br\u00f8nnum, Aase, Inger Lise og Vesla Kristin sine aner Endre Lind var urmaker fra T\u00f8nsberg og kom til Sandefjord<a class=\"moretag\" href=\"https:\/\/anders.no\/wp3\/slektshistorie\/\"> &#8230;<\/a><\/p>\n","protected":false},"author":1,"featured_media":0,"parent":0,"menu_order":0,"comment_status":"open","ping_status":"closed","template":"","meta":{"footnotes":"","advanced-sidebar-menu\/link-title":"","advanced-sidebar-menu\/exclude-page":false},"class_list":["post-401","page","type-page","status-publish","hentry"],"_links":{"self":[{"href":"https:\/\/anders.no\/wp3\/wp-json\/wp\/v2\/pages\/401","targetHints":{"allow":["GET"]}}],"collection":[{"href":"https:\/\/anders.no\/wp3\/wp-json\/wp\/v2\/pages"}],"about":[{"href":"https:\/\/anders.no\/wp3\/wp-json\/wp\/v2\/types\/page"}],"author":[{"embeddable":true,"href":"https:\/\/anders.no\/wp3\/wp-json\/wp\/v2\/users\/1"}],"replies":[{"embeddable":true,"href":"https:\/\/anders.no\/wp3\/wp-json\/wp\/v2\/comments?post=401"}],"version-history":[{"count":5,"href":"https:\/\/anders.no\/wp3\/wp-json\/wp\/v2\/pages\/401\/revisions"}],"predecessor-version":[{"id":975,"href":"https:\/\/anders.no\/wp3\/wp-json\/wp\/v2\/pages\/401\/revisions\/975"}],"wp:attachment":[{"href":"https:\/\/anders.no\/wp3\/wp-json\/wp\/v2\/media?parent=401"}],"curies":[{"name":"wp","href":"https:\/\/api.w.org\/{rel}","templated":true}]}}