{"id":262,"date":"2021-01-30T14:09:17","date_gmt":"2021-01-30T14:09:17","guid":{"rendered":"http:\/\/anders.no\/wp3\/?page_id=262"},"modified":"2023-09-17T15:26:22","modified_gmt":"2023-09-17T15:26:22","slug":"hafallen","status":"publish","type":"page","link":"https:\/\/anders.no\/wp3\/osteroya\/gardshistorie\/hafallen\/","title":{"rendered":"Hafallen"},"content":{"rendered":"\n<figure class=\"wp-block-image size-large\"><img loading=\"lazy\" decoding=\"async\" width=\"301\" height=\"429\" src=\"http:\/\/anders.no\/wp3\/wp-content\/uploads\/2021\/02\/image-4.png\" alt=\"\" class=\"wp-image-542\" srcset=\"https:\/\/anders.no\/wp3\/wp-content\/uploads\/2021\/02\/image-4.png 301w, https:\/\/anders.no\/wp3\/wp-content\/uploads\/2021\/02\/image-4-210x300.png 210w\" sizes=\"auto, (max-width: 301px) 100vw, 301px\" \/><\/figure>\n\n\n\n<p>I 1900 bor Abraham Andersen Heimdal (f. 1846) her&nbsp; og det er han som bygger isdammen<\/p>\n\n\n\n<p><\/p>\n\n\n\n<p><em><span class=\"has-inline-color has-vivid-red-color\">Av Tor Nicolaisen<\/span><\/em><\/p>\n\n\n\n<p><strong>OVERSIKT OVER SKUTER BYGGET HER.<\/strong><\/p>\n\n\n\n<p>G\u00e5rdbrukere\/eiere p\u00e5 Hafalden G\u00e5rd, G.nr. 90. Br.nr.1 i \u00d8ster\u00f8ya i det aktuelle tidsrom for virksomhet p\u00e5 Hafaldverven er f\u00f8lgende:<\/p>\n\n\n\n<p>LARS LARSS\u00d8N (1)&nbsp; f. 1747. D\u00f8d 1807. Eide Hafalden 1782-1807. Dennes s\u00f8nn:<\/p>\n\n\n\n<p>LARS LARSS\u00d8N (2)&nbsp; f. 1787. D\u00f8d 1869, overtok g\u00e5rden i 1813. Dennes s\u00f8nn :<\/p>\n\n\n\n<p>LARS LARSS\u00d8N (3) f. 1817. D\u00f8d 1902, overtok ved farens d\u00f8d i 1869. G\u00e5rden ble solgt ut av slekten i 1894.<\/p>\n\n\n\n<p>Det er alts\u00e5 tre generasjoner&nbsp; etter hverandre med Lars Larss\u00f8n-navnet. Alle tre var skippere og redere. Det finnes&nbsp; kilder som skriver <strong>Larsen<\/strong> p\u00e5 de to yngste generasjoner. Hva som er korrekt vet jeg ikke.<\/p>\n\n\n\n<p>Skutenes st\u00f8rrelse er angitt i KL. Dette st\u00e5r for \u201d Kommerse-l\u00e6st\u201d. Dette var en vanlig betegnelse f\u00f8r i tiden og forklares slik:&nbsp; 1 kl = 2 registertonn. (1 registertonn = 2,83 m3 )<\/p>\n\n\n\n<p>S\u00e5 til skutene:<\/p>\n\n\n\n<p>Bygge\u00e5r 1806. \u201d<strong>Marthe Louise<\/strong>\u201d. Brigg. Bygget for Lars Larss\u00f8n, Hafalden. 61.5 KL.Skrives<\/p>\n\n\n\n<p>ogs\u00e5 \u201dMarte Lovise.\u201d&nbsp; Solgt 1812 til J\u00f8rgen Gjers\u00f8e, T\u00f8nsberg. Taksert i 1807<\/p>\n\n\n\n<p>til 7000 daler.<\/p>\n\n\n\n<p>Bygge\u00e5r 1817. \u201d<strong>Fortuna<\/strong>\u201d. (Hafald-fortuna)&nbsp; Brigg. Bygget for Lars Larss\u00f8n, Hafalden.<\/p>\n\n\n\n<p>86,5 KL.&nbsp; Fra 1870 forlenget til 92,5 KL. Skiftet eiere flere ganger, slik:<\/p>\n\n\n\n<p>Anders Larsen, Strand, st\u00e5r oppf\u00f8rt i 1837 og 1840. Lars Larss\u00f8n og Anders<\/p>\n\n\n\n<p>Larsen st\u00e5r sammen i 1846, Lars Larss\u00f8n 1855 \u2013 1869. Deretter Mathias Bolt,<\/p>\n\n\n\n<p>Strand, 1870 \u2013 1878. 60\/115 del av skuta forsikret i 1848 for 6000 spdlr. Skuta<\/p>\n\n\n\n<p>strandet&nbsp; ved Port Rinuder i Russland i juni 1878.&nbsp; (Mathias Bolt var gift med<\/p>\n\n\n\n<p>Lars Larss\u00f8ns (3) s\u00f8ster Maren Andrea.) I boken om skipsverver i Sandar og<\/p>\n\n\n\n<p>Sandefjord viser en fotnote til en \u201dFortuna\u201d p\u00e5 78 kl. bygget for Anders Larsen,<\/p>\n\n\n\n<p>Strand, i 1830. Denne skuta er neppe bygget ved Hafaldverven. Knut Hougens<\/p>\n\n\n\n<p>bok, side 264, bind 1, viser her kun til bygging i Sandeherred. En Fortuna p\u00e5<\/p>\n\n\n\n<p>denne&nbsp; st\u00f8rrelse og bygge\u00e5r 1830, fremg\u00e5r heller ikke i oversikt over \u201dSeilskip i<\/p>\n\n\n\n<p>Sandar og Sandefjord.\u201d utgitt 1962.<\/p>\n\n\n\n<p>Bygge\u00e5r 1836.<strong>\u201dAdmiral Peter Tordenskiold\u201d. <\/strong>Brigg. 110 kl. Eid av Lars Larss\u00f8n til 1863.<\/p>\n\n\n\n<p>Solgt til P.A. Gr\u00f8n og C.M. Gr\u00f8n. Forliste ved Str\u00f8mstad 9.des. 1865. Denne<\/p>\n\n\n\n<p>skuta&nbsp; er trolig ikke bygget ved Hafaldverven, men p\u00e5 Torstrand i Larvik. Dette<\/p>\n\n\n\n<p>fremg\u00e5r av oversikten i \u201dSeilskip i Sandar og Sandefjord\u201d. I boka \u201dSkipsverver<\/p>\n\n\n\n<p>i Sandar og Sandefjord\u201d er denne skuta oppf\u00f8rt som&nbsp; \u201di alle fall bygget ved<\/p>\n\n\n\n<p>Hafaldverven!&nbsp; S\u00e5ledes er begge skutene som er oppgitt i boken om skipsverver<\/p>\n\n\n\n<p>ikke bygget her p\u00e5 Hafaldverven, men isteden viser denne oversikten 4 andre<\/p>\n\n\n\n<p>skuter som meget sannsynlig er bygget her. I alle fall i f\u00f8lge de kilder jeg har<\/p>\n\n\n\n<p>bygget dette p\u00e5.<\/p>\n\n\n\n<p>Bygge\u00e5r 1840.<strong>\u201dFreya\u201d. <\/strong>Brigg. (Ogs\u00e5 kalt&nbsp; \u201dskute\u201d.) 103,5 KL. Solgt til Wilhelm Hvidt i<\/p>\n\n\n\n<p>Sandefjord i 1841.<\/p>\n\n\n\n<p>Bygge\u00e5r 1843.<strong>\u201dFreia\u201d, <\/strong>Fullrigger. 114 KL. Solgt til T\u00f8nsberg i 1854. \u00bd part forsikret i<\/p>\n\n\n\n<p>1848 for 3500 spd.<\/p>\n\n\n\n<p>KILDER:<\/p>\n\n\n\n<p>\u201dSeilskip i Sandar og Sandefjord\u201d. Hvalfangernes Assuranceforening, Sandefjord 1961.<\/p>\n\n\n\n<p>Knut Hougen: Sandefjords historie, bind 1. Utgitt 1928.<\/p>\n\n\n\n<p>Vilhelm M\u00f8ller: Sandar, Grend og g\u00e5rd. Bind 3. Utgitt 1985.<\/p>\n\n\n\n<p>\u201dSkipsverver i Sandar og Sandefjord\u201d. Hvalfangernes Assuranceforening, Sandefjord 1961.<\/p>\n\n\n\n<p>Jeg har i hele beskrivelsen valgt \u00e5 bruke den gamle skrivem\u00e5ten for Hafalden. I dag benyttes offisielt Hafallen.<\/p>\n\n\n\n<p>Hafallen i oktober 2002<\/p>\n\n\n\n<p>Tor Nicolaysen<\/p>\n\n\n\n<p><strong>Markvandring i \u00d8ster\u00f8y Vellag, s\u00f8ndag 13. oktober 2002 .<\/strong><\/p>\n\n\n\n<p>Malenes hule. Ligger aller innerst i Kastet, (Hafallkastet)omtrent rett over for den&nbsp; gamle fyllplassen. Liten glove vest-\u00f8st f\u00f8rer fra vannet opp til hula&nbsp; som ligger ca. 20 meter over havflaten.&nbsp; Her skal ei kone, Malene,&nbsp; ha bodd fram til ca. 1860. Kanskje folk har bodd her i bronse-alderen og eldre jernalder? Neppe i steinalderen. Da sto vel hula under vann? Kilde: Avisartikkel av l\u00e6rer Lars Os, Sandefjords blad 21. oktober 1961.<\/p>\n\n\n\n<p>Solbergshytte. Litt lenger ut i Kastet p\u00e5 samme side ligger murene etter ei hytte som i sin tid tilh\u00f8rte familien Solberg. Brant en gang p\u00e5 60- tallet.<\/p>\n\n\n\n<p>P\u00e5 \u00e5sen rett opp for disse murene l\u00e5 en gang ei speiderhytte.<\/p>\n\n\n\n<p>Denne ble brukt til illegalt arbeid under krigen. Da en av brukerne sprakk under et avh\u00f8r av<\/p>\n\n\n\n<p>tyskerne, ble hytta brent&nbsp; ned for \u00e5 slette mulige spor i 1942-43. Flaggstangfestet og noen murer synlig.<\/p>\n\n\n\n<p>Kullmile. Ligger rett vest for jordekanten i s\u00f8rvestre hj\u00f8rne av \u201dl\u00f8kka\u201d tilh\u00f8rende Hafallen.<\/p>\n\n\n\n<p>Stor gjettegryte. Ligger inntil fjellkanten i \u00f8stkanten av \u201dl\u00f8kka\u201d, ca. midt p\u00e5 jordets langside.<\/p>\n\n\n\n<p>Hafallen. Hafallbrekka.&nbsp; Navnet Hafallen kommer fra gammelnorsk \u201dHagfalli\u201d, og betyr risgjerde, eller rettere:&nbsp; jord innhegnet av risgjerde.<\/p>\n\n\n\n<p>Gustav Skomaker. Gustav Evensen, f. 1867, d\u00f8d 1947. Bodde i Hafallbrekka, der Bj\u00f8rn Sunde (s\u00f8nn av Bergljot og Georg) n\u00e5 bor. Gustav var s\u00f8nn av Even Gunnarss\u00f8n og kona Line Marie Andersdatter (f.1845) fra Sunde. Even ble vekk med selfangeren\u201d Haabet\u201d i 1871, f\u00f8rt av skipper Nils Knudsen, Strand. Ved dette forliset ble&nbsp; det p\u00e5 en gang 9 enker i \u00d8ster\u00f8ya!! (Gravstedet til Gustav skomaker er p\u00e5 Sandar kirkeg\u00e5rd, helt ut mot \u201dHavnesporet\u201d og litt ovenfor \u201dFugleredet\u201d.)<\/p>\n\n\n\n<p>Bergljot og Georg Sunde (Georg f\u00f8dt p\u00e5 N.Sunde, g.nr.91. br.nr.3.) kj\u00f8pte<\/p>\n\n\n\n<p>plassen etter Gustav skomakers bortgang. Georg drev i mange \u00e5r med Merino-sauer. Ellers mange \u00e5r med bier. Georg arbeidet i mange \u00e5r som baker hos Halvorsen.<\/p>\n\n\n\n<p>\u201dS\u00d8RLI\u201d nederst i Hafallbrekka. g.nr.48. b.nr.32. Skilt ut fra Gogstad-\u00d8deg\u00e5rden. Gammelt hus brant i 1936.(Etter brannen bodde Jenny og hennes 2 gutter Edvard f. 1922 og Odd f.1924 i hele byggepeioden for nytt hus, hos B\u00f8e, Hafallen. Just seilte ute.) \u00a0Dagens hus\u00a0 bygget som moderne funkishus etter brannen, men betydelig ombygget etter 1975. Jenny og Just Nicolaysen bodde her i mer enn 50 \u00e5r fra de kj\u00f8pte plassen som d\u00f8dsbo etter Elise Alette Erlandsen i 1920. I det gamle uthuset var det b\u00e5ser for 2 kuer + h\u00f8nseg\u00e5rd og grisehus. Tor N. eier fra 1973. Just seilte som styrmann og skipper. Under krigen var han ute i mer enn 6 \u00e5r i strekk, han seilte ut i 1939 og kom ikke hjem f\u00f8r langt p\u00e5 h\u00f8sten i 45. I det gamle huset leide Helene Marie Andersen et v\u00e6relse i mange \u00e5r. Bedre kjent som \u201dHella p\u00e5 Torvet\u201d. Hun sto p\u00e5 torget i Sandefjord med ei barnevogn hvor hun hadde frukt, b\u00e6r og blomster for salg. Hella hadde et barn, visstnok med en \u201dt\u00f8mrer fra Holmestrand!?\u201d.\u00a0 Barnet var Margit, gift med Hellmann Kristoffersen, Busk.\u00a0 Jenny var kjent for en utrolig blomsterrik og velstelt hage og ble i en konkurranse gjennom Sandefjords blad en gang utpekt som byens vakreste blomsterhage. (1972).<\/p>\n\n\n\n<p>Gogstad-\u00d8deg\u00e5rden. Ligger p\u00e5 andre siden av \u00d8ster\u00f8yveien. I dag betegnelsen \u00d8ster\u00f8yveien 160 b.&nbsp; Her var det omgangsskole fram til 1860. Her bodde Kristine og Just Kristensen, s\u00f8sken. D\u00f8de tidlig p\u00e5 60-tallet(?). Dagens eier er Hvitstein, (Hjelmby.)<\/p>\n\n\n\n<p>Sch\u00e6ffer i \u201d\u00c5sen\u201d. I dag&nbsp; \u00d8ster\u00f8yveien 150. I det gamle huset \u00f8verst, bodde fengselsbetjent Sch\u00e6ffer og senere hans datter \u201dfrk. Sch\u00e6ffer\u201d. De hadde i mange \u00e5r en sch\u00e6ferhund som et \u201dNero\u201d, mulig at det var flere Neroer p\u00e5 rad!?<\/p>\n\n\n\n<p>\u201dSteinheim\u201d,&nbsp; plass under Brekka\u00e5sen. Siste fastboende Gerd og Henry Sunde fra Gjekstad. En gang skal en \u201dMads \u201d ha bodd her. Han ga navnet til \u201dMassebekken\u201d eller \u201dMadsebekken\u201d. Det fortelles at han en gang falt i bekken. Derav navnet. Bekken som g\u00e5r s\u00f8rover fra R\u00f8ysebekk-kilen og som krysses n\u00e5r en g\u00e5r ned veien mot Hagal\u00f8kka.<\/p>\n\n\n\n<p>G.nr. 90. br.nr.1. Hafallen. Dagens eier Ingeborg B\u00f8e.<\/p>\n\n\n\n<p>Om Hafallen og eiere\/brukere vises til M\u00f8ller, bind 3, side 210. og til vedlagte beskrivelse av \u201dskuter bygget p\u00e5 Hafaldverven\u201d.\u00a0 S\u00f8ren Nilsen B\u00f8e kj\u00f8pte bruket i 1919. Han kom fra B\u00f8 ved Gogsj\u00f8. Bygget ny l\u00e5ve 1932. S\u00f8ren var gift med Ingeborg f. Alsaker. S\u00f8nnen Svein f. 1922, skj\u00f8te fra 1954, gift med Ruth Margot f. Larsen, Ormestadvika.<\/p>\n\n\n\n<p>G\u00e5rden har gammel smie med inntakt bl\u00e5sebelg. Sandar historielag har restaurert taket p\u00e5 smia, ellers i d\u00e5rlig forfatning. S\u00f8ren B\u00f8e hadde visstnok med seg deler av smia fra B\u00f8e\/Gogsj\u00f8 da han kom i 1919.<\/p>\n\n\n\n<p>Isdammen ligger vest for g\u00e5rden. Jordet kalles i dag for \u201ddammen\u201d. En stor jordvoll ble gravet opp som demning i 1899 \u20131901. Dav\u00e6rende eier var Abraham Andersen Heimdal. Arbeidet utf\u00f8rt av Bohuslen-svensker. Se M\u00f8ller bind 3, side 38\/39. Rester etter transportrenna fra dammen til ishuset er blitt nesten borte de senere \u00e5r, men kan fortsatt antydes ut fra vestre side av dammen. Murer etter ishuset godt synlig ned mot Hafallskj\u00e6ret.<\/p>\n\n\n\n<p>V\u00e5ren 1902 kom f\u00f8rste skute for \u00e5 laste is. Det var barken \u201dWarden Low.\u201d&nbsp; Isdammen&nbsp; \u201dr\u00f8yk\u201d ei uv\u00e6rsnatt&nbsp; p\u00e5 1920 (?) -tallet, med et kjempesmell som ble h\u00f8rt av mange. Ikke bygget opp igjen, men dammens sider er fortsatt meget godt inntakt og synlige.<\/p>\n\n\n\n<p>Hafallskj\u00e6ret med fort\u00f8yningsringer. Her ble skuter kj\u00f8lhalt, og skuter kom inn hit for \u00e5 laste is fra ishuset. \u201dUtskipningshavn\u201d for iseksporten. Fortsatt inntakt stor fort\u00f8yningsring i fjellet p\u00e5 selve skj\u00e6ret.<\/p>\n\n\n\n<p>Hafaldverven. Nesten lengst syd mot Strandskilen.( I noen avisartikler er denne kilen kalt for B\u00f8e \u2013 kilen. Navnemessig er nok dette feil, for B\u00f8e \u2013 navnet kom ikke til Hafallen f\u00f8r i 1919 ). Lita glove&nbsp; som fortsatt tydelig har v\u00e6rt en skipsbedding. (ligger \u00f8st-vest.) Oversikt over hvilke skuter som er bygget her, vises til eget notat.<\/p>\n\n\n\n<p>Hafallen i oktober 2002<\/p>\n\n\n\n<p>Tor Nicolaysen<\/p>\n","protected":false},"excerpt":{"rendered":"<p>I 1900 bor Abraham Andersen Heimdal (f. 1846) her&nbsp; og det er han som bygger isdammen Av Tor Nicolaisen OVERSIKT OVER SKUTER BYGGET HER. G\u00e5rdbrukere\/eiere p\u00e5 Hafalden G\u00e5rd, G.nr. 90.<a class=\"moretag\" href=\"https:\/\/anders.no\/wp3\/osteroya\/gardshistorie\/hafallen\/\"> &#8230;<\/a><\/p>\n","protected":false},"author":1,"featured_media":0,"parent":260,"menu_order":0,"comment_status":"closed","ping_status":"closed","template":"","meta":{"footnotes":"","advanced-sidebar-menu\/link-title":"","advanced-sidebar-menu\/exclude-page":false},"class_list":["post-262","page","type-page","status-publish","hentry"],"_links":{"self":[{"href":"https:\/\/anders.no\/wp3\/wp-json\/wp\/v2\/pages\/262","targetHints":{"allow":["GET"]}}],"collection":[{"href":"https:\/\/anders.no\/wp3\/wp-json\/wp\/v2\/pages"}],"about":[{"href":"https:\/\/anders.no\/wp3\/wp-json\/wp\/v2\/types\/page"}],"author":[{"embeddable":true,"href":"https:\/\/anders.no\/wp3\/wp-json\/wp\/v2\/users\/1"}],"replies":[{"embeddable":true,"href":"https:\/\/anders.no\/wp3\/wp-json\/wp\/v2\/comments?post=262"}],"version-history":[{"count":8,"href":"https:\/\/anders.no\/wp3\/wp-json\/wp\/v2\/pages\/262\/revisions"}],"predecessor-version":[{"id":1577,"href":"https:\/\/anders.no\/wp3\/wp-json\/wp\/v2\/pages\/262\/revisions\/1577"}],"up":[{"embeddable":true,"href":"https:\/\/anders.no\/wp3\/wp-json\/wp\/v2\/pages\/260"}],"wp:attachment":[{"href":"https:\/\/anders.no\/wp3\/wp-json\/wp\/v2\/media?parent=262"}],"curies":[{"name":"wp","href":"https:\/\/api.w.org\/{rel}","templated":true}]}}