{"id":251,"date":"2021-01-30T13:46:05","date_gmt":"2021-01-30T13:46:05","guid":{"rendered":"http:\/\/anders.no\/wp3\/?page_id=251"},"modified":"2022-01-10T19:03:53","modified_gmt":"2022-01-10T19:03:53","slug":"osteroya","status":"publish","type":"page","link":"https:\/\/anders.no\/wp3\/osteroya\/","title":{"rendered":"\u00d8ster\u00f8ya"},"content":{"rendered":"\n<p>Her kan du lese om \u00d8ster\u00f8ya historie. Det er ogs\u00e5 \u00f8nskelig at flest mulig bidrar med sine fakta og historier ved \u00e5 skrive innlegg og kommentarer. Her kan alt fra gode historier, bilder, fakta om kulturminner eller bygninger p\u00e5 en g\u00e5rd legges inn<\/p>\n\n\n\n<p>For den som er interessert i slektskap mellom \u00d8ster\u00f8yfolk, kan&nbsp;<a href=\"http:\/\/anders.no\/historie\/descendtext.php?personID=I756&amp;tree=tree1&amp;generations=12\" target=\"_blank\" rel=\"noreferrer noopener\">denne linken<\/a>&nbsp;pr\u00f8ves<\/p>\n\n\n\n<p>Vi innleder med et bilde fra 1932 som viser Randi Sand, Birger ( Thuresson, antar jeg ) og Else Marie Himberg p\u00e5 b\u00e6rtur.<\/p>\n\n\n\n<figure class=\"wp-block-image size-full is-style-default\"><img loading=\"lazy\" decoding=\"async\" width=\"525\" height=\"419\" src=\"http:\/\/anders.no\/wp3\/wp-content\/uploads\/2022\/01\/randi-sand-birger-thuresson-og-else-marie.jpg\" alt=\"\" class=\"wp-image-1013\" srcset=\"https:\/\/anders.no\/wp3\/wp-content\/uploads\/2022\/01\/randi-sand-birger-thuresson-og-else-marie.jpg 525w, https:\/\/anders.no\/wp3\/wp-content\/uploads\/2022\/01\/randi-sand-birger-thuresson-og-else-marie-300x239.jpg 300w\" sizes=\"auto, (max-width: 525px) 100vw, 525px\" \/><\/figure>\n\n\n\n<figure class=\"wp-block-embed is-type-video is-provider-vimeo wp-block-embed-vimeo wp-embed-aspect-4-3 wp-has-aspect-ratio\"><div class=\"wp-block-embed__wrapper\">\n<iframe loading=\"lazy\" title=\"Samtale kortversjon for test av lyd\" src=\"https:\/\/player.vimeo.com\/video\/526529101?h=503f208457&amp;dnt=1&amp;app_id=122963\" width=\"720\" height=\"540\" frameborder=\"0\" allow=\"autoplay; fullscreen; picture-in-picture\" allowfullscreen><\/iframe>\n<\/div><\/figure>\n\n\n<p><a href=\"http:\/\/anders.no\/wp3\/osteroya\/gardshistroie\/\">G\u00e5rdshistorie<\/a><\/p>\n\n\n<div class=\"wp-block-columns is-layout-flex wp-container-core-columns-is-layout-9d6595d7 wp-block-columns-is-layout-flex\">\n<div class=\"wp-block-column is-layout-flow wp-block-column-is-layout-flow\">\n<ul class=\"wp-block-list\">\n<li><a href=\"http:\/\/anders.no\/wp3\/osteroya\/gardshistroie\/hafallen\/\" data-type=\"page\" data-id=\"262\">Hafallen<\/a><\/li>\n\n\n\n<li>Hafalbrekka<\/li>\n\n\n\n<li>Sunde <\/li>\n\n\n\n<li>Sunde<\/li>\n\n\n\n<li><a href=\"http:\/\/anders.no\/wp3\/osteroya\/gardshistroie\/sunde-mikkelsen\/\" data-type=\"page\" data-id=\"920\">Sunde<\/a> -Mikkelsen<\/li>\n\n\n\n<li>Hagal\u00f8kka<\/li>\n\n\n\n<li><a href=\"http:\/\/anders.no\/wp3\/osteroya\/gardshistroie\/sunde-s\/\" data-type=\"page\" data-id=\"458\">Sunde S<\/a>kontorp<\/li>\n\n\n\n<li>Sunde S<\/li>\n\n\n\n<li><\/li>\n<\/ul>\n<\/div>\n\n\n\n<div class=\"wp-block-column is-layout-flow wp-block-column-is-layout-flow\">\n<ul class=\"wp-block-list\">\n<li><a href=\"https:\/\/anders.no\/wp3\/osteroya\/gardshistorie\/strand-n-93-12-deinboll\/\" data-type=\"page\" data-id=\"1592\">Strand N -Deinboll<\/a><\/li>\n\n\n\n<li>Strand N- Albert\/C.Fon<\/li>\n\n\n\n<li><a href=\"http:\/\/anders.no\/wp3\/osteroya\/gardshistroie\/bast\/\" data-type=\"page\" data-id=\"464\">Bast<\/a><\/li>\n\n\n\n<li>Fjeldh\u00f8j<\/li>\n\n\n\n<li><a href=\"http:\/\/anders.no\/wp3\/osteroya\/gardshistroie\/strand-94-1\/\" data-type=\"page\" data-id=\"473\">Strand S<\/a><\/li>\n\n\n\n<li><a href=\"http:\/\/anders.no\/wp3\/osteroya\/gardshistroie\/strand-leirsted\/\" data-type=\"URL\" target=\"_blank\" rel=\"noreferrer noopener\">Strand Leirsted<\/a><\/li>\n\n\n\n<li><a href=\"http:\/\/anders.no\/wp3\/strand-94-3-fam-sand\/\" data-type=\"page\" data-id=\"571\">Strand S &#8211; Sand<\/a><\/li>\n\n\n\n<li><a href=\"http:\/\/anders.no\/wp3\/lindoya\/\" data-type=\"page\" data-id=\"750\">Lind\u00f8ya<\/a><\/li>\n\n\n\n<li><a href=\"http:\/\/anders.no\/wp3\/osteroya\/gardshistroie\/strand-s-94-4-hynne\/\" data-type=\"page\" data-id=\"716\">Strand S-Hynne<\/a><\/li>\n\n\n\n<li>Lind\u00f8ya<\/li>\n\n\n\n<li><a href=\"http:\/\/anders.no\/wp3\/osteroya\/gardshistroie\/barbru\/\" data-type=\"page\" data-id=\"720\">Barbru<\/a><\/li>\n\n\n\n<li><a href=\"http:\/\/anders.no\/wp3\/osteroya\/gardshistroie\/skaulokka\/\" data-type=\"page\" data-id=\"408\">Skaul\u00f8kka<\/a><\/li>\n\n\n\n<li><a href=\"http:\/\/anders.no\/wp3\/osteroya\/gardshistroie\/hjelmby\/\" data-type=\"page\" data-id=\"632\">Hjelmby<\/a><\/li>\n\n\n\n<li><a href=\"http:\/\/anders.no\/wp3\/osteroya\/gardshistroie\/hauan\/\" data-type=\"page\" data-id=\"595\">Hauan<\/a><\/li>\n\n\n\n<li>Stiger1 -Christensen<\/li>\n\n\n\n<li>Stiger Pensjonat<\/li>\n\n\n\n<li><\/li>\n<\/ul>\n<\/div>\n\n\n\n<div class=\"wp-block-column is-layout-flow wp-block-column-is-layout-flow\">\n<ul class=\"wp-block-list\">\n<li>Exmark<\/li>\n\n\n\n<li><a href=\"http:\/\/anders.no\/wp3\/osteroya\/gardshistroie\/namlos\/\" data-type=\"page\" data-id=\"507\">Naml\u00f8s<\/a><\/li>\n\n\n\n<li>Naml\u00f8s-\u00d8ya<\/li>\n\n\n\n<li>St\u00f8kke<\/li>\n\n\n\n<li>Bergan -\u00d8de<\/li>\n\n\n\n<li>Flautangen<\/li>\n\n\n\n<li><a href=\"https:\/\/anders.no\/wp3\/eian-100-1\/\" data-type=\"page\" data-id=\"1793\">Eian 1<\/a><\/li>\n\n\n\n<li>Eian 2<\/li>\n\n\n\n<li><a href=\"http:\/\/anders.no\/wp3\/osteroya\/gardshistroie\/tallakshavn\/\" data-type=\"page\" data-id=\"536\">Tallakshavn<\/a><\/li>\n\n\n\n<li>Skogan<\/li>\n\n\n\n<li><\/li>\n<\/ul>\n<\/div>\n<\/div>\n\n\n\n<h2 class=\"wp-block-heading\"><a href=\"http:\/\/anders.no\/wp3\/osteroya\/osteroy-skole\/\" data-type=\"page\" data-id=\"737\">Om \u00d8ster\u00f8y skole<\/a><\/h2>\n\n\n\n<h2 class=\"wp-block-heading\"><a href=\"http:\/\/anders.no\/wp3\/telefonsentralen\/\" data-type=\"page\" data-id=\"605\">Telefonsentralen<\/a><\/h2>\n\n\n\n<p><\/p>\n\n\n\n<h2 class=\"wp-block-heading\"><a href=\"http:\/\/anders.no\/wp3\/osteroya\/osteroy-vellag\/\" data-type=\"page\" data-id=\"689\">\u00d8ster\u00f8y Vellag og \u00d8ster\u00f8ydagen<\/a><\/h2>\n\n\n\n<p><\/p>\n","protected":false},"excerpt":{"rendered":"<p>Her kan du lese om \u00d8ster\u00f8ya historie. Det er ogs\u00e5 \u00f8nskelig at flest mulig bidrar med sine fakta og historier ved \u00e5 skrive innlegg og kommentarer. Her kan alt fra<a class=\"moretag\" href=\"https:\/\/anders.no\/wp3\/osteroya\/\"> &#8230;<\/a><\/p>\n","protected":false},"author":1,"featured_media":332,"parent":0,"menu_order":0,"comment_status":"open","ping_status":"closed","template":"","meta":{"footnotes":"","advanced-sidebar-menu\/link-title":"","advanced-sidebar-menu\/exclude-page":false},"class_list":["post-251","page","type-page","status-publish","has-post-thumbnail","hentry"],"_links":{"self":[{"href":"https:\/\/anders.no\/wp3\/wp-json\/wp\/v2\/pages\/251","targetHints":{"allow":["GET"]}}],"collection":[{"href":"https:\/\/anders.no\/wp3\/wp-json\/wp\/v2\/pages"}],"about":[{"href":"https:\/\/anders.no\/wp3\/wp-json\/wp\/v2\/types\/page"}],"author":[{"embeddable":true,"href":"https:\/\/anders.no\/wp3\/wp-json\/wp\/v2\/users\/1"}],"replies":[{"embeddable":true,"href":"https:\/\/anders.no\/wp3\/wp-json\/wp\/v2\/comments?post=251"}],"version-history":[{"count":23,"href":"https:\/\/anders.no\/wp3\/wp-json\/wp\/v2\/pages\/251\/revisions"}],"predecessor-version":[{"id":1023,"href":"https:\/\/anders.no\/wp3\/wp-json\/wp\/v2\/pages\/251\/revisions\/1023"}],"wp:featuredmedia":[{"embeddable":true,"href":"https:\/\/anders.no\/wp3\/wp-json\/wp\/v2\/media\/332"}],"wp:attachment":[{"href":"https:\/\/anders.no\/wp3\/wp-json\/wp\/v2\/media?parent=251"}],"curies":[{"name":"wp","href":"https:\/\/api.w.org\/{rel}","templated":true}]}}