{"id":1793,"date":"2025-06-22T08:17:05","date_gmt":"2025-06-22T08:17:05","guid":{"rendered":"https:\/\/anders.no\/wp3\/?page_id=1793"},"modified":"2025-07-09T09:03:34","modified_gmt":"2025-07-09T09:03:34","slug":"eian-100-1","status":"publish","type":"page","link":"https:\/\/anders.no\/wp3\/eian-100-1\/","title":{"rendered":"Eian 100\/1"},"content":{"rendered":"\n<figure class=\"wp-block-image size-large\"><img loading=\"lazy\" decoding=\"async\" width=\"724\" height=\"1024\" src=\"https:\/\/anders.no\/wp3\/wp-content\/uploads\/2025\/06\/21062025bilde-724x1024.jpeg\" alt=\"\" class=\"wp-image-1794\" srcset=\"https:\/\/anders.no\/wp3\/wp-content\/uploads\/2025\/06\/21062025bilde-724x1024.jpeg 724w, https:\/\/anders.no\/wp3\/wp-content\/uploads\/2025\/06\/21062025bilde-212x300.jpeg 212w, https:\/\/anders.no\/wp3\/wp-content\/uploads\/2025\/06\/21062025bilde-768x1086.jpeg 768w, https:\/\/anders.no\/wp3\/wp-content\/uploads\/2025\/06\/21062025bilde-1086x1536.jpeg 1086w, https:\/\/anders.no\/wp3\/wp-content\/uploads\/2025\/06\/21062025bilde-1448x2048.jpeg 1448w, https:\/\/anders.no\/wp3\/wp-content\/uploads\/2025\/06\/21062025bilde-scaled.jpeg 1810w\" sizes=\"auto, (max-width: 724px) 100vw, 724px\" \/><\/figure>\n\n\n\n<p>Eier i 2025 er Carl Christian Fon <\/p>\n\n\n\n<p><strong>Her er Randi H\u00e5konsen sin s\u00e6roppgave om g\u00e5rden , skrevet 1966<\/strong>.<\/p>\n\n\n\n<p>Del 1:<\/p>\n\n\n<iframe loading=\"lazy\" class=\"embed-pdf-viewer\" src=\"https:\/\/anders.no\/wp3\/wp-content\/uploads\/2025\/06\/Eian-100_1-A.pdf\" height=\"600\" width=\"600\" title=\"Eian 100_1 A\"><\/iframe>\n\n\n<p>Del 2: <\/p>\n\n\n\n<div class=\"wp-block-columns is-layout-flex wp-container-core-columns-is-layout-9d6595d7 wp-block-columns-is-layout-flex\">\n<div class=\"wp-block-column is-layout-flow wp-block-column-is-layout-flow\" style=\"flex-basis:100%\"><iframe loading=\"lazy\" class=\"embed-pdf-viewer\" src=\"https:\/\/anders.no\/wp3\/wp-content\/uploads\/2025\/06\/Eian-100_1-B.pdf\" height=\"600\" width=\"600\" title=\"Eian 100_1 B\"><\/iframe><\/div>\n<\/div>\n","protected":false},"excerpt":{"rendered":"<p>Eier i 2025 er Carl Christian Fon Her er Randi H\u00e5konsen sin s\u00e6roppgave om g\u00e5rden , skrevet 1966. Del 1: Del 2:<\/p>\n","protected":false},"author":3,"featured_media":0,"parent":0,"menu_order":0,"comment_status":"closed","ping_status":"closed","template":"","meta":{"footnotes":"","advanced-sidebar-menu\/link-title":"","advanced-sidebar-menu\/exclude-page":false},"class_list":["post-1793","page","type-page","status-publish","hentry"],"_links":{"self":[{"href":"https:\/\/anders.no\/wp3\/wp-json\/wp\/v2\/pages\/1793","targetHints":{"allow":["GET"]}}],"collection":[{"href":"https:\/\/anders.no\/wp3\/wp-json\/wp\/v2\/pages"}],"about":[{"href":"https:\/\/anders.no\/wp3\/wp-json\/wp\/v2\/types\/page"}],"author":[{"embeddable":true,"href":"https:\/\/anders.no\/wp3\/wp-json\/wp\/v2\/users\/3"}],"replies":[{"embeddable":true,"href":"https:\/\/anders.no\/wp3\/wp-json\/wp\/v2\/comments?post=1793"}],"version-history":[{"count":5,"href":"https:\/\/anders.no\/wp3\/wp-json\/wp\/v2\/pages\/1793\/revisions"}],"predecessor-version":[{"id":1821,"href":"https:\/\/anders.no\/wp3\/wp-json\/wp\/v2\/pages\/1793\/revisions\/1821"}],"wp:attachment":[{"href":"https:\/\/anders.no\/wp3\/wp-json\/wp\/v2\/media?parent=1793"}],"curies":[{"name":"wp","href":"https:\/\/api.w.org\/{rel}","templated":true}]}}