{"id":1763,"date":"2025-04-13T08:20:36","date_gmt":"2025-04-13T08:20:36","guid":{"rendered":"https:\/\/anders.no\/wp3\/?page_id=1763"},"modified":"2025-07-09T09:01:14","modified_gmt":"2025-07-09T09:01:14","slug":"hjelmby-skovlokken","status":"publish","type":"page","link":"https:\/\/anders.no\/wp3\/hjelmby-skovlokken\/","title":{"rendered":"Hjelmby-Skovl\u00f8kken"},"content":{"rendered":"\n<p>Fram til midt p\u00e5 1920-tallet sto det et hus bak Gamlefjell rett over grensen til Hjelmby. I folketellingene har det noen ganger blitt registrert under Strand, andre ganger under Hjelmby. Vi velger \u00e5 kalle hustuftene for &laquo;Hjelmby-Skovl\u00f8kken&raquo;. Lorens Berg kaller stedet for Hjelmby-eie i sin bygdebok. Tilsvarende bruker han navnet Strand-eie om det vi i dag kaller <a href=\"https:\/\/anders.no\/wp3\/osteroya\/gardshistorie\/skaulokka\/\" data-type=\"page\" data-id=\"408\">Skaul\u00f8kka<\/a><\/p>\n\n\n\n<p>Det var folket p\u00e5 Hjelmby (Nalum -g\u00e5rden ?) som hadde bygd hus her. Det st\u00e5r p\u00e5 side 543 hos L-. Berg at Hans bodde p\u00e5 Hjelmby-eie. Hans Olss\u00f8n var antagelig gift ca 1838. <\/p>\n\n\n\n<p>I 1891 bor en svenske her, Johan Alexander Andersen. Han var f\u00f8dt i Svenneby i Sverige i 1839 og var en godt voksen mann p\u00e5 52 \u00e5r. <\/p>\n\n\n\n<p>P\u00e5 denne tida bodde det svensker p\u00e5 neste alle g\u00e5rder i omr\u00e5det. I Skaul\u00f8kka (Strand) bodde Amalie med mann og barn i det r\u00f8de huset og etter noen \u00e5r kom Lindgren og bosatte seg i det gule huset. P\u00e5 Sunde var Hilma Vilhelmine Karlsen tjenestepike hos Nils Hansen ( Oldefar til Hanne Mikkelsen Sunde) i 1891. Hilma var f\u00f8dt 1859 i Svarteborg i Sverige og er en voksen dame p\u00e5 34 \u00e5r. Hun blir tilsynelatende plutselig gravid og gifter seg 26.februar 1882 med den 18 \u00e5r eldre Johan Alexander i Hjelmby-Skovl\u00f8kken. Allerede 13. april samme \u00e5r blir s\u00f8nnen Gustav f\u00f8dt. \u00c5ret etter d\u00f8r Johan Alexander og Hilma blir enslig mor med en s\u00f8nn p\u00e5 et \u00e5r. De fortsetter \u00e5 bo i &laquo;Hilma-huset&raquo; som beboerne i Skaul\u00f8kka litt lenger nord, kalte det. I 1900 har de tatt inn en logerende &raquo; med formue&raquo;, Anne Marie Bolt, enken etter Johannes Bolt. Slik vokser s\u00f8nnen Gustav opp. I 1915 gifter han seg med Konstanse fra Stokke og de f\u00e5r en s\u00f8nn ved nytt\u00e5rstider. Asta B\u00f8e fortalte en gang at Konstanse hadde v\u00e6rt tjenestepike hos dem p\u00e5 Strand og at hun var en vanlig fornuftig dame. <\/p>\n\n\n\n<p>I 1920 finner vi ingen av dem i Hjemby-Skovl\u00f8kken; huset virker \u00e5 st\u00e5 tomt. Da Hilma jobbet p\u00e5 Sunde var det ogs\u00e5 en g\u00e5rdsgutt der fra L\u00e5gendalen som hette Peder Eliassen. Han giftet seg og fikk to jenter med konen Anna Olette. Hun d\u00f8r h\u00f8sten 1918 og da m\u00e5 Peder ha begynt \u00e5 tenke p\u00e5 sin gamle &laquo;kollega&raquo; fra Sunde, Hilma, som n\u00e5 bor ensom i Skovl\u00f8kken. Peder m\u00e5 ha reist p\u00e5 frierferd til \u00d8ster\u00f8ya og i mai 1919 gifter de seg,- 28 \u00e5r etter at de jobbet sammen p\u00e5 Sunde. Hilma flytter til Hvittingfoss og bor der sammen med Peder og d\u00f8trene hans.<\/p>\n\n\n\n<p>Gustav har flyttet fra huset i Skovl\u00f8kken og bor p\u00e5 Gogstad i 1920 med kone og barn. Gustav er stuert og er mye til sj\u00f8s, og det er da det skjer. Konstanse blir gravid med en annen og f\u00f8der et barn i skjul 30.mars 1923 i Skaul\u00f8kka. Har de flyttet tilbake etter at huset ble ledig da Hilma giftet seg? Eller har Konstanse bodd midlertidig i det lille huset bak Gamlefjell for \u00e5 skjule den upassende graviditeten for folk flest? Uansett, da f\u00f8dselen n\u00e6rmer seg g\u00e5r hun ned til Amalie i det r\u00f8de huset og f\u00f8der barnet p\u00e5 kammerset der. Amalie g\u00e5r ut til br\u00f8nnen for \u00e5 hente mer vann og da hun kommer inn har moren druknet barnet i en vannb\u00f8tte. Konstanse f\u00e5r en beskjeden fengselsstraff for \u00e5 ha tatt livet av det nyf\u00f8dte barnet. <\/p>\n\n\n\n<p>Der slutter historien. Vi vet ikke hvor det ble av den lille familien til Gustav. Hilma giftet seg med sin gamle flamme i en alder av 62 \u00e5r og vi h\u00e5per hun levde lykkelig resten av livet i i Hvittingfoss p\u00e5 behagelig avstand fra tragedien i Hjelmby-Skovl\u00f8kken.<\/p>\n\n\n\n<p>Huset i Hjelmby-Skovl\u00f8kken  ble kj\u00f8pt og revet av Peder Nilsen Naml\u00f8s\/\u00d8ya (kilde: Lydopptak av Albert Andersen) og det skulle ikke forundre meg om t\u00f8mmeret kan finnes igjen i huset til Helene Moe \u00d8ster\u00f8y.<\/p>\n\n\n\n<p><\/p>\n","protected":false},"excerpt":{"rendered":"<p>Fram til midt p\u00e5 1920-tallet sto det et hus bak Gamlefjell rett over grensen til Hjelmby. I folketellingene har det noen ganger blitt registrert under Strand, andre ganger under Hjelmby.<a class=\"moretag\" href=\"https:\/\/anders.no\/wp3\/hjelmby-skovlokken\/\"> &#8230;<\/a><\/p>\n","protected":false},"author":3,"featured_media":0,"parent":0,"menu_order":0,"comment_status":"closed","ping_status":"closed","template":"","meta":{"footnotes":"","advanced-sidebar-menu\/link-title":"","advanced-sidebar-menu\/exclude-page":false},"class_list":["post-1763","page","type-page","status-publish","hentry"],"_links":{"self":[{"href":"https:\/\/anders.no\/wp3\/wp-json\/wp\/v2\/pages\/1763","targetHints":{"allow":["GET"]}}],"collection":[{"href":"https:\/\/anders.no\/wp3\/wp-json\/wp\/v2\/pages"}],"about":[{"href":"https:\/\/anders.no\/wp3\/wp-json\/wp\/v2\/types\/page"}],"author":[{"embeddable":true,"href":"https:\/\/anders.no\/wp3\/wp-json\/wp\/v2\/users\/3"}],"replies":[{"embeddable":true,"href":"https:\/\/anders.no\/wp3\/wp-json\/wp\/v2\/comments?post=1763"}],"version-history":[{"count":12,"href":"https:\/\/anders.no\/wp3\/wp-json\/wp\/v2\/pages\/1763\/revisions"}],"predecessor-version":[{"id":1820,"href":"https:\/\/anders.no\/wp3\/wp-json\/wp\/v2\/pages\/1763\/revisions\/1820"}],"wp:attachment":[{"href":"https:\/\/anders.no\/wp3\/wp-json\/wp\/v2\/media?parent=1763"}],"curies":[{"name":"wp","href":"https:\/\/api.w.org\/{rel}","templated":true}]}}