{"id":1592,"date":"2024-01-13T09:16:37","date_gmt":"2024-01-13T09:16:37","guid":{"rendered":"https:\/\/anders.no\/wp3\/?page_id=1592"},"modified":"2024-01-13T14:05:49","modified_gmt":"2024-01-13T14:05:49","slug":"strand-n-93-12-deinboll","status":"publish","type":"page","link":"https:\/\/anders.no\/wp3\/osteroya\/gardshistorie\/strand-n-93-12-deinboll\/","title":{"rendered":"Strand N, 93\/1,2 -Deinboll"},"content":{"rendered":"\n<p>I M\u00f8llers bygdebok er denne g\u00e5rden d\u00e5rlig beskrevet. <\/p>\n\n\n\n<p>Svanborg eide g\u00e5rden og solgte til \u00d8stby ( Berit Stenvik sin morfar) . Deretter kj\u00f8pte Deinboll som solgte til Mikkelsen (Hytter og Hus A\/S) midt p\u00e5 1960-tallet<\/p>\n\n\n\n<p>Bryggerhuset ble delt fra og Terje Jensen-Eian bygde om huset. <\/p>\n\n\n\n<p>Hans Skontorp kj\u00f8pte g\u00e5rden og jorda ble lagt til Sunde-g\u00e5rden. Framhusene ble solgt og Sissel Gulbandsen og mann eide en periode.<\/p>\n\n\n\n<p>Bj\u00f8rg Deinboll kj\u00f8pte g\u00e5rden i 1946 og etablerte et Tweed-veveri her som ble drevet til ?? <\/p>\n\n\n\n<p>Om Bj\u00f8rg Deinboll  ( <a href=\"https:\/\/nkl.snl.no\/Bj%C3%B8rg_Deinboll\" target=\"_blank\" rel=\"noreferrer noopener\">https:\/\/nkl.snl.no\/Bj%C3%B8rg_Deinboll<\/a>)<\/p>\n\n\n\n<p>Om Tore Deinboll ( <a href=\"https:\/\/nkl.snl.no\/Tore_Eckhoff_Deinboll\">https:\/\/nkl.snl.no\/Tore_Eckhoff_Deinboll<\/a>)<\/p>\n\n\n\n<p>Bj\u00f8rg og Tore fikk to barn, Torbj\u00f8rg og Anne Beth. <\/p>\n\n\n\n<p>P\u00e5 veveriet arbeidet mange \u00d8ster\u00f8yinger ; vi nevner Ingrid g. Holtan og Maggi Eian, Randi Sand, Synn\u00f8ve Schwenke. Ellers var det flere jenter fra Ormestad som rodde over fjorden til jobben hos fru Deinboll i sommerhalv\u00e5ret. Vi vet ogs\u00e5 at mor til Lars Moe, Ingrid f. \u00d8vrum arbeidet her. <\/p>\n\n\n\n<p><a href=\"https:\/\/anders.no\/wp3\/osteroya\/personer\/rudolf-frantzen\/\" data-type=\"page\" data-id=\"422\" target=\"_blank\" rel=\"noreferrer noopener\">Rudolf Frantzen <\/a>kom hit som g\u00e5rdsarbeider og Bergljot S\u00f8rensen hadde jobb p\u00e5 kj\u00f8kkenet. <\/p>\n\n\n\n<p><\/p>\n\n\n\n<p>Ikke vanskelig \u00e5 forestille seg at dette var betydningsfull virksomhet p\u00e5 lille \u00d8ster\u00f8ya i \u00e5rene etter krigen<\/p>\n\n\n\n<p><strong>Sveinung Danielsen<\/strong> og familie opplevde denne perioden p\u00e5 n\u00e6rt hold og her er hans erindringer fra g\u00e5rden: <\/p>\n\n\n\n<blockquote class=\"wp-block-quote is-layout-flow wp-block-quote-is-layout-flow\">\n<p><em>3. mai 2014 ringte jeg Anne Elisabeth Deinbol Blystad, Kvam i Gudbrandsdalen (f\u00f8dt 1944. Gift 1970 med Per Jan Blystad f 1943) for \u00e5 h\u00f8re litt om bakgrunnen for saueimporten &#8211; Merinosauen &#8211; som ble innf\u00f8rt til Norge.<br><br>MOR: Bj\u00f8rg Deinboll (f\u00f8dt 20\/5-1909 &#8211; d\u00f8d 2000). FAR: Tore E. Deinboll, gift 1936 &#8211; skilt 1952. D\u00f8d 1988.<br>De kj\u00f8pte Strand nordre i 1946.<br><br>I 1949 kom v\u00e6ren \u00abDon Juang\u00bb. \u00c5ret etter &#8211; 1950 &#8211; kom sauene fra Portugal. P\u00e5 forh\u00e5nd ble hele eiendommen ( n\u00e5 Strandskogen) gjerdet inn. Jeg husker hvordan de strevde med \u00e5 gjerde inn fjellknausene. Sauene skulle v\u00e6re i karantene. Vi fikk ikke lov \u00e5 klappe sauene p\u00e5 en god stund. Det ble laget et sauefj\u00f8s &#8211; tak og tre vegger &#8211; borte ved den lille hytta som <a href=\"https:\/\/anders.no\/wp3\/osteroya\/personer\/hans-karlsen\/\" data-type=\"page\" data-id=\"426\" target=\"_blank\" rel=\"noreferrer noopener\">\u00abeneboer\u00bb Karlsen<\/a> bodde i . (Den lille hytta st\u00e5r fremdeles &#8211; eies av Alf Johan Andersen).<br><br>Den gamle l\u00e5ven brant ( \u00e5r ?) . Ny l\u00e5ve ble bygget for \u00e5 ta imot merinosauene. ( Den ble bygget alt for stor &#8211; den tok ogs\u00e5 knekken p\u00e5 driften.) De hadde ogs\u00e5 noen kuer, gris og h\u00f8ns. Flere l\u00f8kker ble dyrket opp &#8211; de er n\u00e5 igjengrodd &#8211; veier.<br><br>Bj\u00f8rg Deinboll var utdannet tekstildesigner. F\u00f8r de kom til Strand hadde hun bl.a. startet R\u00f8ros tweed. Den er fremdeles i drift.<br><br>Tore Deinboll var kunstner &#8211; tegning m.m. Han hadde ogs\u00e5 en kjeramikk-ovn i sidebygningen. Jeg har noen sm\u00e5 keramikk-holde i bl\u00e5leire som ble brent hos ham i 1950.<br>Han var l\u00e6rer p\u00e5 aftenskolen hvor min far &#8211; Thorbj\u00f8rn Danielsen &#8211; ogs\u00e5 var l\u00e6rer. Det var grunnen til at fam. Danielsen fikk sette opp ei lita hytte ved den f\u00f8rste l\u00f8kka i karantene-omr\u00e5det. Hytta var p\u00e5 2 x 3 m. Et rom med 2 dobbeltk\u00f8yer og ensittebenk med lokk som ble seng for meg om natten. Utekj\u00f8kken under et skr\u00e5tak og sitteplasser av steinheller rundt ildstedet. En stor opplevelse for oss 3 gutter.<br>(Bj\u00f8rn-Tore, f. 1938 -d. 2014, Sveinung f. 1944, Steinar f. 1946)<br><br>Vi var der i 3 somre. 1950, 1951, 1952. ( I 1952 ble hytta flyttet til Naml\u00f8s )<br>Etter karantenetiden var vi med \u00e5 klippe ned busker s\u00e5 sauene fikk spise l\u00f8v. Det var ogs\u00e5 en hest der &#8211; Monti Larsen &#8211; en snill fjording.<br>P\u00e5 hytta i Deinbollskauen ble ogs\u00e5 fars Lillegutt laget. Den st\u00e5r n\u00e5 i orginalst\u00f8rrelse i parken \u00f8verst i Jernbanealleen. Den ble laget etter at far s\u00e5 en gutt p\u00e5 Skjellvika satt og s\u00e5 p\u00e5 dryppene fra koppen sin. Vi guttene m\u00e5tte sitte modell for far p\u00e5 omgang husker jeg.<br><br>P\u00e5 Stand nordre startet Bj\u00f8rg \u00ab Deinboll tweed\u00bb der. Det var vevstue med mange vever i sidebygningen. Mange p\u00e5 \u00d8ster\u00f8ya jobbet der.<br>Men i 1950 ble importvernet fjernet. Etter hvert ble det da ikke l\u00f8nnsomt \u00e5 drive veveriet.<br>Sauene var et \u00e5r p\u00e5 sommerbeite p\u00e5 Store F\u00e6rder. V\u00e6ren Don Juang druknet der.<br>En sommer kj\u00f8rte Olav G. Andersen ogs\u00e5 sauene til fjellbeite p\u00e5 Vestlandet.<br><br>Da driften ble lagt ned og sauene ble flyttet til Kvam i Gudbrandsdalen. Der driver n\u00e5 barnebarnet til Bj\u00f8rg fremdeles med Merinosau og har bedriften <a href=\"https:\/\/www.leinemerino.no\/\" data-type=\"link\" data-id=\"https:\/\/www.leinemerino.no\/\" target=\"_blank\" rel=\"noreferrer noopener\">Leine Merino<\/a>. Anders D. Fortun jr produserer og selger garn og produkter av den fine merinoullen. Den er tynn og fin, kl\u00f8r ikke og passer godt til undert\u00f8y (Se op nettet).<br><br>G\u00e5rden ble solgt i 1966. Bj\u00f8rg ble formingsl\u00e6rer p\u00e5 Sandefjord videreg\u00e5ende skole i mange \u00e5r.<br><br>Dette er noen erindringer fra min barndom.<br>Naml\u00f8s 2022<br>Sveinung Danielsen<\/em><\/p>\n\n\n\n<figure class=\"wp-block-image size-full is-resized\"><img loading=\"lazy\" decoding=\"async\" width=\"359\" height=\"252\" src=\"https:\/\/anders.no\/wp3\/wp-content\/uploads\/2024\/01\/Deinboll-bBjorg-med-bukken-Don-Juan.jpg\" alt=\"\" class=\"wp-image-1593\" style=\"width:541px;height:auto\" srcset=\"https:\/\/anders.no\/wp3\/wp-content\/uploads\/2024\/01\/Deinboll-bBjorg-med-bukken-Don-Juan.jpg 359w, https:\/\/anders.no\/wp3\/wp-content\/uploads\/2024\/01\/Deinboll-bBjorg-med-bukken-Don-Juan-300x211.jpg 300w\" sizes=\"auto, (max-width: 359px) 100vw, 359px\" \/><\/figure>\n<cite>Bj\u00f8rg Deinboll med bukken Don Juan<\/cite><\/blockquote>\n","protected":false},"excerpt":{"rendered":"<p>I M\u00f8llers bygdebok er denne g\u00e5rden d\u00e5rlig beskrevet. Svanborg eide g\u00e5rden og solgte til \u00d8stby ( Berit Stenvik sin morfar) . Deretter kj\u00f8pte Deinboll som solgte til Mikkelsen (Hytter og<a class=\"moretag\" href=\"https:\/\/anders.no\/wp3\/osteroya\/gardshistorie\/strand-n-93-12-deinboll\/\"> &#8230;<\/a><\/p>\n","protected":false},"author":3,"featured_media":0,"parent":260,"menu_order":0,"comment_status":"open","ping_status":"closed","template":"","meta":{"footnotes":"","advanced-sidebar-menu\/link-title":"","advanced-sidebar-menu\/exclude-page":false},"class_list":["post-1592","page","type-page","status-publish","hentry"],"_links":{"self":[{"href":"https:\/\/anders.no\/wp3\/wp-json\/wp\/v2\/pages\/1592","targetHints":{"allow":["GET"]}}],"collection":[{"href":"https:\/\/anders.no\/wp3\/wp-json\/wp\/v2\/pages"}],"about":[{"href":"https:\/\/anders.no\/wp3\/wp-json\/wp\/v2\/types\/page"}],"author":[{"embeddable":true,"href":"https:\/\/anders.no\/wp3\/wp-json\/wp\/v2\/users\/3"}],"replies":[{"embeddable":true,"href":"https:\/\/anders.no\/wp3\/wp-json\/wp\/v2\/comments?post=1592"}],"version-history":[{"count":6,"href":"https:\/\/anders.no\/wp3\/wp-json\/wp\/v2\/pages\/1592\/revisions"}],"predecessor-version":[{"id":1602,"href":"https:\/\/anders.no\/wp3\/wp-json\/wp\/v2\/pages\/1592\/revisions\/1602"}],"up":[{"embeddable":true,"href":"https:\/\/anders.no\/wp3\/wp-json\/wp\/v2\/pages\/260"}],"wp:attachment":[{"href":"https:\/\/anders.no\/wp3\/wp-json\/wp\/v2\/media?parent=1592"}],"curies":[{"name":"wp","href":"https:\/\/api.w.org\/{rel}","templated":true}]}}