{"id":1339,"date":"2022-01-15T08:50:23","date_gmt":"2022-01-15T08:50:23","guid":{"rendered":"https:\/\/anders.no\/wp3\/?page_id=1339"},"modified":"2023-12-04T20:38:37","modified_gmt":"2023-12-04T20:38:37","slug":"sanna-slekt","status":"publish","type":"page","link":"https:\/\/anders.no\/wp3\/slektshistorie\/anders-sin-slekt\/sanna-slekt\/","title":{"rendered":"Sanna-slekt"},"content":{"rendered":"\n<p>G\u00e5rden Sanna R\u00f8nningen i Porsgrunn ble kj\u00f8pt av Gunder Kristensen i 1819 fra L\u00f8venskiold. Christen Gundersen Sanna overtar etter faren ved dennes d\u00f8d i 1841. Gunder og kone Karen f\u00e5r 8 barn og den nest yngste er<strong> Andreas Christensen<\/strong> <strong>Sanna<\/strong>. Han er Anders sin oldefar. S\u00e5 vidt jeg kan forst\u00e5 har han aldri eid g\u00e5rden Sanna. Han blir slakter av yrke. <\/p>\n\n\n\n<p> I 1897 eier Hans Anton Stribolt (gift med Ingeborg Kirstine Sanna) g\u00e5rden som han kj\u00f8pte av sin svigerfar. Enken Ingeborg Kristin Christensen Sanna blir hjemmelshaver i 1941 da Hans Anton d\u00f8r. Hun d\u00f8r i 1946 og tilbake p\u00e5 Sanna lever n\u00e5 hennes s\u00f8ster Andrea, f\u00f8dt 1864 og yngst av de 8 s\u00f8sknene. I 1955 overtar Eidanger kommune hjemmelen for 95 000 kroner. G\u00e5rden l\u00e5 der hvor Universitet i S\u00f8r\u00d8stNorge n\u00e5 ligger.<\/p>\n\n\n\n<p>Malla Gundersen begynte sin arbeidskarriere i Krager\u00f8 i 1880 som hushjelp i. Hun ankom med Dampskipet Lindetangen til Krager\u00f8 fra Brevik. Malla var f\u00f8dt i 1863 og datter av Gunder Halvorsen.<br>Malla var et fermt, arbeidsglad og godt menneske. Hun beskrives ogs\u00e5 som vakker rask og levende av datter i familien hvor hun skulle jobbe. Etter husposten i Krager\u00f8 fikk hun jobb hos broren sin, Gunnar Gundersen,  p\u00e5 g\u00e5rden <a href=\"https:\/\/gamlegjerpen.no\/Bygdebok\/Kjolnes\/Kjolnes.htm\" target=\"_blank\" rel=\"noreferrer noopener\">Kj\u00f8lnes<\/a> i Porsgrunn. Kj\u00f8lnes er nabog\u00e5rden til Sanna.<br>Ved et senere m\u00f8te da Malla var mellom 20 og 22, var hun &laquo;atskillig forandret, mer stille, ikke s\u00e5 \u00e5pen som f\u00f8r.&raquo;<br><\/p>\n\n\n\n<p>Andreas Christensen Sanna er f\u00f8dt p\u00e5 g\u00e5rden Sanna i 1862. I folketellingen 1881 er han oppf\u00f8rt under nabog\u00e5rden Kj\u00f8lnes. Andreas er 19 \u00e5r. P\u00e5 g\u00e5rden jobber ogs\u00e5 Gunnars s\u00f8ster, Malla fra Brevik. To \u00e5r etter gifter de seg . Da er Malla 20 \u00e5r.<br>I 1885 er hun fortsatte benevnt som tjenestepige, men n\u00e5 bor de i Storgaden i Porsgrunn. I 1887 f\u00e5r de sitt f\u00f8rste barn, Kristen. <br>Kristen Sanna ender opp som g\u00e5rdbruker p\u00e5 R\u00e5stad i Sandar.<br>Deres andre barn d\u00f8r. Deretter blir <strong>Gunvor<\/strong> f\u00f8dt i 1890. Hun blir Anders sin farmor.<\/p>\n\n\n\n<p><br>Malla og Andreas f\u00e5r 9 barn til og vi ser dem alle p\u00e5 bildet.<\/p>\n\n\n\n<figure class=\"wp-block-image size-large\"><img loading=\"lazy\" decoding=\"async\" width=\"1024\" height=\"741\" src=\"https:\/\/anders.no\/wp3\/wp-content\/uploads\/2022\/01\/Sanna-_-Andreas-med-11-barn-1024x741.jpg\" alt=\"\" class=\"wp-image-1336\" srcset=\"https:\/\/anders.no\/wp3\/wp-content\/uploads\/2022\/01\/Sanna-_-Andreas-med-11-barn-1024x741.jpg 1024w, https:\/\/anders.no\/wp3\/wp-content\/uploads\/2022\/01\/Sanna-_-Andreas-med-11-barn-300x217.jpg 300w, https:\/\/anders.no\/wp3\/wp-content\/uploads\/2022\/01\/Sanna-_-Andreas-med-11-barn-768x556.jpg 768w, https:\/\/anders.no\/wp3\/wp-content\/uploads\/2022\/01\/Sanna-_-Andreas-med-11-barn-1536x1112.jpg 1536w, https:\/\/anders.no\/wp3\/wp-content\/uploads\/2022\/01\/Sanna-_-Andreas-med-11-barn.jpg 1739w\" sizes=\"auto, (max-width: 1024px) 100vw, 1024px\" \/><figcaption class=\"wp-element-caption\"> Bak fra venstre : Reidar , Tasse (gift Vik), Bergljot (gift Thommesen), Gunvor (gift Sand), Mimmi, Ruth, Sigurd.<br>Foran: Birger, Kristen, far Andreas Christensen Sanna,Gunnar og Andreas. <\/figcaption><\/figure>\n\n\n\n<p>Gunnar &laquo;Gubben&raquo; Gundersen er en aktiv mann. Han kj\u00f8per Bj\u00f8rk\u00f8ya i Langsundsfjorden og i 1910 bor han der og b\u00e5de Gunvor og Kristen Sanna er med  som tjenestefolk. <\/p>\n\n\n\n<blockquote class=\"wp-block-quote is-layout-flow wp-block-quote-is-layout-flow\">\n<p>I G\u00e5rds og slektshistorie for Eidanger st\u00e5r det om Bj\u00f8rk\u00f8ya : <\/p>\n\n\n\n<p>I 1905 gikk skj\u00f8te p\u00e5 den resterende delen av bruket fra Isach Jacobsen Gr\u00f8nli til Gunnar Gunnarsen Kj\u00f8lnes for 18&nbsp;000 kroner. Det opplystes i forbindelse med salget at \u00f8ya var p\u00e5 1,4 km\u00b2.&nbsp;\u00abDen har 1000 m\u00e5l veksterlig skog, ca. 100 m\u00e5l innmark og er en sjelden vakker \u00f8y.\u00bb&nbsp;I handelen medfulgte ikke isanlegget med hus, men derimot en isdam&nbsp;\u00abhvorfra isskipning foreg\u00e5r\u00bb. <a>Gunnar Gunnarsen Kj\u00f8lnes<\/a>&nbsp;(f\u00f8dt 1859) satt med Bj\u00f8rk\u00f8ya i vel 10 \u00e5r. I 1916 solgte han eiendommen til agent Olaf R\u00f8d, disponent A. Usterud, skolebestyrer L. Larsen og ingeni\u00f8r Hans Abraham Kolle for 61&nbsp;500 kroner.<\/p>\n<\/blockquote>\n\n\n\n<p> Gunnar Gundersen kj\u00f8per s\u00e5 Lang\u00f8 i Sandar og niesen Gunvor f\u00f8lger med ogs\u00e5 denne gangen som tjenestepike.  For \u00e5 komme til Lang\u00f8 m\u00e5 du over brua ved Sand og der bor Anders J\u00f8rgen. Han og Gunvor gifter seg i 1919. De selger Sand i 1924 og kj\u00f8per g\u00e5rden Strand (94\/3) p\u00e5 \u00d8ster\u00f8ya.  <\/p>\n\n\n\n<figure class=\"wp-block-image size-large\"><img loading=\"lazy\" decoding=\"async\" width=\"1024\" height=\"613\" src=\"https:\/\/anders.no\/wp3\/wp-content\/uploads\/2022\/01\/Sand-pasken-1912-fra-Canon-1024x613.jpg\" alt=\"\" class=\"wp-image-1351\" srcset=\"https:\/\/anders.no\/wp3\/wp-content\/uploads\/2022\/01\/Sand-pasken-1912-fra-Canon-1024x613.jpg 1024w, https:\/\/anders.no\/wp3\/wp-content\/uploads\/2022\/01\/Sand-pasken-1912-fra-Canon-300x180.jpg 300w, https:\/\/anders.no\/wp3\/wp-content\/uploads\/2022\/01\/Sand-pasken-1912-fra-Canon-768x460.jpg 768w, https:\/\/anders.no\/wp3\/wp-content\/uploads\/2022\/01\/Sand-pasken-1912-fra-Canon-1536x920.jpg 1536w, https:\/\/anders.no\/wp3\/wp-content\/uploads\/2022\/01\/Sand-pasken-1912-fra-Canon-2048x1227.jpg 2048w\" sizes=\"auto, (max-width: 1024px) 100vw, 1024px\" \/><figcaption class=\"wp-element-caption\">P\u00e5ske 1912 p\u00e5 Sand; Ellen Sand, NN???, Anders J\u00f8rgen Sand, Sigrid Sand og Kirsten Sand<\/figcaption><\/figure>\n\n\n\n<p>Mye tyder p\u00e5 at Gubben kom til Lang\u00f8 i 1916, samme \u00e5ret som Kristen Sanna kj\u00f8per R\u00e5stad. <\/p>\n\n\n\n<p>P\u00e5 Lang\u00f8 i 1920 bor en annen av Gubben sine nev\u00f8er, Marius Gundersen sen. ( f 1882). Han er ansatt som agronom hos onkelen. Marius har familie og 4 barn; Einar, Hans Berhardt, Gunborg og Nicolai. Marius jr og Kari blir f\u00f8dt etter 1920.  Men jeg finner ogs\u00e5 at gamle Hans Bernhardt senior og kona Karen bor her. Han er forhenv\u00e6rende skibskaptein. Ikke nok med det s\u00e5 bor ogs\u00e5 deres datter her med sin mann , Georg Gabrielsen, og deres datter Astrid p\u00e5 Lang\u00f8. Alt i alt bor det i 1920 tolv personer med felles &laquo;Gundersen&raquo;-aner p\u00e5 Lang\u00f8. Det betyr at da Finn Sand blir f\u00f8dt i 1920 s\u00e5 har han 5 tremenninger p\u00e5 Lang\u00f8 og en onkel p\u00e5 R\u00e5stad. Og moren Gunvor har to onkler og 5 s\u00f8skenbarn som n\u00e6rmeste nabo. <\/p>\n\n\n\n<p>Du finner Folketellingen for Lang\u00f8 <a href=\"https:\/\/www.digitalarkivet.no\/census\/person\/pf01073814002675\" target=\"_blank\" rel=\"noreferrer noopener\">her. Gunnar har feilaktig f\u00e5tt navnet Kj\u00f8lner i den digital avskriften; det skal v\u00e6re Kj\u00f8lnes <\/a><\/p>\n\n\n\n<blockquote class=\"wp-block-quote is-layout-flow wp-block-quote-is-layout-flow\">\n<p><em><sup>Et lite sidesprang fra blodsb\u00e5nd og direkte slektskap: Vi kan nevne at Finn Sands tremenning p\u00e5 Lang\u00f8, Einar Gunnerius Gundersen, gifter seg med Elsa p\u00e5 nabog\u00e5rden like over grensen til Stokke. Elsas s\u00f8ster, Ruth, er mor til Ole Reidar Moe.<\/sup><\/em><\/p>\n<\/blockquote>\n\n\n\n<p>Kristen Sanna kj\u00f8per g\u00e5rd p\u00e5 R\u00e5stad i 1916.<\/p>\n\n\n\n<p> <br>Gunnar kommer ogs\u00e5 til Sandar\/Sandefjord da han gifter seg med Aslaug Hynne fra \u00d8ster\u00f8ya p\u00e5 sin 60\u00e5rsdag. Slik ender 3 av s\u00f8skenflokken opp her.<\/p>\n\n\n\n<figure class=\"wp-block-image size-large\"><img loading=\"lazy\" decoding=\"async\" width=\"1024\" height=\"836\" src=\"https:\/\/anders.no\/wp3\/wp-content\/uploads\/2022\/01\/Sanna-guttene-1024x836.jpg\" alt=\"\" class=\"wp-image-1337\" srcset=\"https:\/\/anders.no\/wp3\/wp-content\/uploads\/2022\/01\/Sanna-guttene-1024x836.jpg 1024w, https:\/\/anders.no\/wp3\/wp-content\/uploads\/2022\/01\/Sanna-guttene-300x245.jpg 300w, https:\/\/anders.no\/wp3\/wp-content\/uploads\/2022\/01\/Sanna-guttene-768x627.jpg 768w, https:\/\/anders.no\/wp3\/wp-content\/uploads\/2022\/01\/Sanna-guttene-1536x1254.jpg 1536w, https:\/\/anders.no\/wp3\/wp-content\/uploads\/2022\/01\/Sanna-guttene-2048x1671.jpg 2048w\" sizes=\"auto, (max-width: 1024px) 100vw, 1024px\" \/><figcaption class=\"wp-element-caption\">Sanna-guttene i yngre dager<\/figcaption><\/figure>\n\n\n\n<p>Etterkommere etter Malla og Andreas C. Sanna finner du <a rel=\"noreferrer noopener\" href=\"https:\/\/anders.no\/historie\/descend.php?personID=I12&amp;tree=tree1&amp;display=compact&amp;generations=4\" target=\"_blank\">her :<\/a><\/p>\n\n\n\n<figure class=\"wp-block-image size-full\"><img loading=\"lazy\" decoding=\"async\" width=\"713\" height=\"622\" src=\"https:\/\/anders.no\/wp3\/wp-content\/uploads\/2022\/01\/Porsgrunnsfolk.png\" alt=\"\" class=\"wp-image-1366\" srcset=\"https:\/\/anders.no\/wp3\/wp-content\/uploads\/2022\/01\/Porsgrunnsfolk.png 713w, https:\/\/anders.no\/wp3\/wp-content\/uploads\/2022\/01\/Porsgrunnsfolk-300x262.png 300w\" sizes=\"auto, (max-width: 713px) 100vw, 713px\" \/><\/figure>\n\n\n\n<p><\/p>\n","protected":false},"excerpt":{"rendered":"<p>G\u00e5rden Sanna R\u00f8nningen i Porsgrunn ble kj\u00f8pt av Gunder Kristensen i 1819 fra L\u00f8venskiold. Christen Gundersen Sanna overtar etter faren ved dennes d\u00f8d i 1841. Gunder og kone Karen f\u00e5r<a class=\"moretag\" href=\"https:\/\/anders.no\/wp3\/slektshistorie\/anders-sin-slekt\/sanna-slekt\/\"> &#8230;<\/a><\/p>\n","protected":false},"author":1,"featured_media":0,"parent":443,"menu_order":0,"comment_status":"open","ping_status":"closed","template":"","meta":{"footnotes":"","advanced-sidebar-menu\/link-title":"","advanced-sidebar-menu\/exclude-page":false},"class_list":["post-1339","page","type-page","status-publish","hentry"],"_links":{"self":[{"href":"https:\/\/anders.no\/wp3\/wp-json\/wp\/v2\/pages\/1339","targetHints":{"allow":["GET"]}}],"collection":[{"href":"https:\/\/anders.no\/wp3\/wp-json\/wp\/v2\/pages"}],"about":[{"href":"https:\/\/anders.no\/wp3\/wp-json\/wp\/v2\/types\/page"}],"author":[{"embeddable":true,"href":"https:\/\/anders.no\/wp3\/wp-json\/wp\/v2\/users\/1"}],"replies":[{"embeddable":true,"href":"https:\/\/anders.no\/wp3\/wp-json\/wp\/v2\/comments?post=1339"}],"version-history":[{"count":19,"href":"https:\/\/anders.no\/wp3\/wp-json\/wp\/v2\/pages\/1339\/revisions"}],"predecessor-version":[{"id":1590,"href":"https:\/\/anders.no\/wp3\/wp-json\/wp\/v2\/pages\/1339\/revisions\/1590"}],"up":[{"embeddable":true,"href":"https:\/\/anders.no\/wp3\/wp-json\/wp\/v2\/pages\/443"}],"wp:attachment":[{"href":"https:\/\/anders.no\/wp3\/wp-json\/wp\/v2\/media?parent=1339"}],"curies":[{"name":"wp","href":"https:\/\/api.w.org\/{rel}","templated":true}]}}