{"id":1107,"date":"2022-01-11T12:21:43","date_gmt":"2022-01-11T12:21:43","guid":{"rendered":"http:\/\/anders.no\/wp3\/?page_id=1107"},"modified":"2022-01-11T12:36:34","modified_gmt":"2022-01-11T12:36:34","slug":"100-ar","status":"publish","type":"page","link":"https:\/\/anders.no\/wp3\/osteroya\/osteroy-skole\/100-ar\/","title":{"rendered":"100 \u00e5r &#8211; fra Sandefjords Blad"},"content":{"rendered":"\n<figure class=\"wp-block-image size-large is-resized is-style-default\"><img loading=\"lazy\" decoding=\"async\" src=\"http:\/\/anders.no\/wp3\/wp-content\/uploads\/2022\/01\/Damsgard-og-Lise-Erdvik-edited-scaled.jpg\" alt=\"\" class=\"wp-image-1124\" width=\"640\" height=\"1912\"\/><\/figure>\n\n\n\n<figure class=\"wp-block-image size-large is-style-default\"><img loading=\"lazy\" decoding=\"async\" width=\"1921\" height=\"2560\" src=\"http:\/\/anders.no\/wp3\/wp-content\/uploads\/2022\/01\/Slekt0081-edited-scaled.jpg\" alt=\"\" class=\"wp-image-1119\" srcset=\"https:\/\/anders.no\/wp3\/wp-content\/uploads\/2022\/01\/Slekt0081-edited-scaled.jpg 1921w, https:\/\/anders.no\/wp3\/wp-content\/uploads\/2022\/01\/Slekt0081-edited-225x300.jpg 225w, https:\/\/anders.no\/wp3\/wp-content\/uploads\/2022\/01\/Slekt0081-edited-768x1024.jpg 768w, https:\/\/anders.no\/wp3\/wp-content\/uploads\/2022\/01\/Slekt0081-edited-1152x1536.jpg 1152w, https:\/\/anders.no\/wp3\/wp-content\/uploads\/2022\/01\/Slekt0081-edited-1536x2048.jpg 1536w\" sizes=\"auto, (max-width: 1921px) 100vw, 1921px\" \/><\/figure>\n\n\n\n<figure class=\"wp-block-image size-large is-style-default\"><img loading=\"lazy\" decoding=\"async\" width=\"1919\" height=\"2560\" src=\"http:\/\/anders.no\/wp3\/wp-content\/uploads\/2022\/01\/Slekt0134-edited-scaled.jpg\" alt=\"\" class=\"wp-image-1120\" srcset=\"https:\/\/anders.no\/wp3\/wp-content\/uploads\/2022\/01\/Slekt0134-edited-scaled.jpg 1919w, https:\/\/anders.no\/wp3\/wp-content\/uploads\/2022\/01\/Slekt0134-edited-225x300.jpg 225w, https:\/\/anders.no\/wp3\/wp-content\/uploads\/2022\/01\/Slekt0134-edited-768x1025.jpg 768w, https:\/\/anders.no\/wp3\/wp-content\/uploads\/2022\/01\/Slekt0134-edited-1151x1536.jpg 1151w, https:\/\/anders.no\/wp3\/wp-content\/uploads\/2022\/01\/Slekt0134-edited-1535x2048.jpg 1535w\" sizes=\"auto, (max-width: 1919px) 100vw, 1919px\" \/><\/figure>\n\n\n\n<figure class=\"wp-block-image size-large is-resized is-style-default\"><img loading=\"lazy\" decoding=\"async\" src=\"http:\/\/anders.no\/wp3\/wp-content\/uploads\/2022\/01\/Slekt0136-edited-scaled.jpg\" alt=\"\" class=\"wp-image-1121\" width=\"689\" height=\"460\" srcset=\"https:\/\/anders.no\/wp3\/wp-content\/uploads\/2022\/01\/Slekt0136-edited-scaled.jpg 2560w, https:\/\/anders.no\/wp3\/wp-content\/uploads\/2022\/01\/Slekt0136-edited-300x200.jpg 300w, https:\/\/anders.no\/wp3\/wp-content\/uploads\/2022\/01\/Slekt0136-edited-1024x683.jpg 1024w, https:\/\/anders.no\/wp3\/wp-content\/uploads\/2022\/01\/Slekt0136-edited-768x512.jpg 768w, https:\/\/anders.no\/wp3\/wp-content\/uploads\/2022\/01\/Slekt0136-edited-1536x1024.jpg 1536w, https:\/\/anders.no\/wp3\/wp-content\/uploads\/2022\/01\/Slekt0136-edited-2048x1366.jpg 2048w\" sizes=\"auto, (max-width: 689px) 100vw, 689px\" \/><\/figure>\n\n\n\n<figure class=\"wp-block-image size-large is-resized is-style-default\"><img loading=\"lazy\" decoding=\"async\" src=\"http:\/\/anders.no\/wp3\/wp-content\/uploads\/2022\/01\/Slekt0135-589x1024.jpg\" alt=\"\" class=\"wp-image-1112\" width=\"423\" height=\"736\" srcset=\"https:\/\/anders.no\/wp3\/wp-content\/uploads\/2022\/01\/Slekt0135-589x1024.jpg 589w, https:\/\/anders.no\/wp3\/wp-content\/uploads\/2022\/01\/Slekt0135-173x300.jpg 173w, https:\/\/anders.no\/wp3\/wp-content\/uploads\/2022\/01\/Slekt0135-768x1335.jpg 768w, https:\/\/anders.no\/wp3\/wp-content\/uploads\/2022\/01\/Slekt0135-884x1536.jpg 884w, https:\/\/anders.no\/wp3\/wp-content\/uploads\/2022\/01\/Slekt0135-1178x2048.jpg 1178w, https:\/\/anders.no\/wp3\/wp-content\/uploads\/2022\/01\/Slekt0135-scaled.jpg 1473w\" sizes=\"auto, (max-width: 423px) 100vw, 423px\" \/><figcaption>Arne Damsg\u00e5rd, Liv Damsg\u00e5rd, Lise Eidevik, Sigrid Sj\u00f8m\u00e6ling Andersen, \u00c5se Grethe Amundsen. Jan \u00d8stby, Gerd Johansen<\/figcaption><\/figure>\n","protected":false},"excerpt":{"rendered":"","protected":false},"author":1,"featured_media":0,"parent":737,"menu_order":0,"comment_status":"closed","ping_status":"closed","template":"","meta":{"footnotes":"","advanced-sidebar-menu\/link-title":"","advanced-sidebar-menu\/exclude-page":false},"class_list":["post-1107","page","type-page","status-publish","hentry"],"_links":{"self":[{"href":"https:\/\/anders.no\/wp3\/wp-json\/wp\/v2\/pages\/1107","targetHints":{"allow":["GET"]}}],"collection":[{"href":"https:\/\/anders.no\/wp3\/wp-json\/wp\/v2\/pages"}],"about":[{"href":"https:\/\/anders.no\/wp3\/wp-json\/wp\/v2\/types\/page"}],"author":[{"embeddable":true,"href":"https:\/\/anders.no\/wp3\/wp-json\/wp\/v2\/users\/1"}],"replies":[{"embeddable":true,"href":"https:\/\/anders.no\/wp3\/wp-json\/wp\/v2\/comments?post=1107"}],"version-history":[{"count":4,"href":"https:\/\/anders.no\/wp3\/wp-json\/wp\/v2\/pages\/1107\/revisions"}],"predecessor-version":[{"id":1127,"href":"https:\/\/anders.no\/wp3\/wp-json\/wp\/v2\/pages\/1107\/revisions\/1127"}],"up":[{"embeddable":true,"href":"https:\/\/anders.no\/wp3\/wp-json\/wp\/v2\/pages\/737"}],"wp:attachment":[{"href":"https:\/\/anders.no\/wp3\/wp-json\/wp\/v2\/media?parent=1107"}],"curies":[{"name":"wp","href":"https:\/\/api.w.org\/{rel}","templated":true}]}}