{"id":1033,"date":"2022-01-10T12:25:40","date_gmt":"2022-01-10T12:25:40","guid":{"rendered":"http:\/\/anders.no\/wp3\/?page_id=1033"},"modified":"2022-02-21T12:16:43","modified_gmt":"2022-02-21T12:16:43","slug":"strand-leirsted","status":"publish","type":"page","link":"https:\/\/anders.no\/wp3\/osteroya\/gardshistorie\/strand-leirsted\/","title":{"rendered":"Strand Leirsted"},"content":{"rendered":"\n<figure class=\"wp-block-gallery has-nested-images columns-1 is-cropped wp-block-gallery-1 is-layout-flex wp-block-gallery-is-layout-flex\">\n<figure class=\"wp-block-image size-large\"><img loading=\"lazy\" decoding=\"async\" width=\"1024\" height=\"640\" data-id=\"1034\" src=\"http:\/\/anders.no\/wp3\/wp-content\/uploads\/2022\/01\/Strand-bilde-1-1024x640.jpg\" alt=\"\" class=\"wp-image-1034\" srcset=\"https:\/\/anders.no\/wp3\/wp-content\/uploads\/2022\/01\/Strand-bilde-1-1024x640.jpg 1024w, https:\/\/anders.no\/wp3\/wp-content\/uploads\/2022\/01\/Strand-bilde-1-300x187.jpg 300w, https:\/\/anders.no\/wp3\/wp-content\/uploads\/2022\/01\/Strand-bilde-1-768x480.jpg 768w, https:\/\/anders.no\/wp3\/wp-content\/uploads\/2022\/01\/Strand-bilde-1-1536x959.jpg 1536w, https:\/\/anders.no\/wp3\/wp-content\/uploads\/2022\/01\/Strand-bilde-1-2048x1279.jpg 2048w\" sizes=\"auto, (max-width: 1024px) 100vw, 1024px\" \/><figcaption>Pastor Bolt p\u00e5 Gamlefjell<\/figcaption><\/figure>\n\n\n\n<figure class=\"wp-block-image size-large\"><img loading=\"lazy\" decoding=\"async\" width=\"1024\" height=\"663\" data-id=\"1035\" src=\"http:\/\/anders.no\/wp3\/wp-content\/uploads\/2022\/01\/Strand-bilde-2-1024x663.jpg\" alt=\"\" class=\"wp-image-1035\" srcset=\"https:\/\/anders.no\/wp3\/wp-content\/uploads\/2022\/01\/Strand-bilde-2-1024x663.jpg 1024w, https:\/\/anders.no\/wp3\/wp-content\/uploads\/2022\/01\/Strand-bilde-2-300x194.jpg 300w, https:\/\/anders.no\/wp3\/wp-content\/uploads\/2022\/01\/Strand-bilde-2-768x497.jpg 768w, https:\/\/anders.no\/wp3\/wp-content\/uploads\/2022\/01\/Strand-bilde-2-1536x994.jpg 1536w, https:\/\/anders.no\/wp3\/wp-content\/uploads\/2022\/01\/Strand-bilde-2.jpg 1644w\" sizes=\"auto, (max-width: 1024px) 100vw, 1024px\" \/><\/figure>\n\n\n\n<figure class=\"wp-block-image size-large\"><img loading=\"lazy\" decoding=\"async\" width=\"1024\" height=\"665\" data-id=\"1036\" src=\"http:\/\/anders.no\/wp3\/wp-content\/uploads\/2022\/01\/Strand-bilde-3-1-1024x665.jpg\" alt=\"\" class=\"wp-image-1036\" srcset=\"https:\/\/anders.no\/wp3\/wp-content\/uploads\/2022\/01\/Strand-bilde-3-1-1024x665.jpg 1024w, https:\/\/anders.no\/wp3\/wp-content\/uploads\/2022\/01\/Strand-bilde-3-1-300x195.jpg 300w, https:\/\/anders.no\/wp3\/wp-content\/uploads\/2022\/01\/Strand-bilde-3-1-768x498.jpg 768w, https:\/\/anders.no\/wp3\/wp-content\/uploads\/2022\/01\/Strand-bilde-3-1-1536x997.jpg 1536w, https:\/\/anders.no\/wp3\/wp-content\/uploads\/2022\/01\/Strand-bilde-3-1.jpg 1664w\" sizes=\"auto, (max-width: 1024px) 100vw, 1024px\" \/><\/figure>\n\n\n\n<figure class=\"wp-block-image size-large\"><img loading=\"lazy\" decoding=\"async\" width=\"1024\" height=\"653\" data-id=\"1037\" src=\"http:\/\/anders.no\/wp3\/wp-content\/uploads\/2022\/01\/Strand-bilde-4-1024x653.jpg\" alt=\"\" class=\"wp-image-1037\" srcset=\"https:\/\/anders.no\/wp3\/wp-content\/uploads\/2022\/01\/Strand-bilde-4-1024x653.jpg 1024w, https:\/\/anders.no\/wp3\/wp-content\/uploads\/2022\/01\/Strand-bilde-4-300x191.jpg 300w, https:\/\/anders.no\/wp3\/wp-content\/uploads\/2022\/01\/Strand-bilde-4-768x490.jpg 768w, https:\/\/anders.no\/wp3\/wp-content\/uploads\/2022\/01\/Strand-bilde-4-1536x979.jpg 1536w, https:\/\/anders.no\/wp3\/wp-content\/uploads\/2022\/01\/Strand-bilde-4.jpg 1644w\" sizes=\"auto, (max-width: 1024px) 100vw, 1024px\" \/><figcaption>Fra Storholmen<\/figcaption><\/figure>\n\n\n\n<figure class=\"wp-block-image size-large\"><img loading=\"lazy\" decoding=\"async\" width=\"1024\" height=\"656\" data-id=\"1038\" src=\"http:\/\/anders.no\/wp3\/wp-content\/uploads\/2022\/01\/Strand-bilde-5i-1024x656.jpg\" alt=\"\" class=\"wp-image-1038\" srcset=\"https:\/\/anders.no\/wp3\/wp-content\/uploads\/2022\/01\/Strand-bilde-5i-1024x656.jpg 1024w, https:\/\/anders.no\/wp3\/wp-content\/uploads\/2022\/01\/Strand-bilde-5i-300x192.jpg 300w, https:\/\/anders.no\/wp3\/wp-content\/uploads\/2022\/01\/Strand-bilde-5i-768x492.jpg 768w, https:\/\/anders.no\/wp3\/wp-content\/uploads\/2022\/01\/Strand-bilde-5i-1536x983.jpg 1536w, https:\/\/anders.no\/wp3\/wp-content\/uploads\/2022\/01\/Strand-bilde-5i.jpg 1668w\" sizes=\"auto, (max-width: 1024px) 100vw, 1024px\" \/><\/figure>\n<\/figure>\n\n\n\n<p>Familien Knutsen eide Strand  og datteren, Alice Marie,  giftet seg med Martinius Bolt. De overtok i 1881. Familien Bolt kom fra Tallakshavn. Faren til Martinius, Mattis var f\u00f8dt i Tallakshavn i 1812, hadde bodd en tid p\u00e5 Hasle men kom tilbake til Tallakshavn. <\/p>\n\n\n\n<figure class=\"wp-block-image size-large is-style-default\"><img loading=\"lazy\" decoding=\"async\" width=\"1024\" height=\"640\" src=\"http:\/\/anders.no\/wp3\/wp-content\/uploads\/2022\/01\/Bolt-1024x640.png\" alt=\"\" class=\"wp-image-1044\" srcset=\"https:\/\/anders.no\/wp3\/wp-content\/uploads\/2022\/01\/Bolt-1024x640.png 1024w, https:\/\/anders.no\/wp3\/wp-content\/uploads\/2022\/01\/Bolt-300x188.png 300w, https:\/\/anders.no\/wp3\/wp-content\/uploads\/2022\/01\/Bolt-768x480.png 768w, https:\/\/anders.no\/wp3\/wp-content\/uploads\/2022\/01\/Bolt.png 1166w\" sizes=\"auto, (max-width: 1024px) 100vw, 1024px\" \/><figcaption>Deler av slekten Bolt<\/figcaption><\/figure>\n\n\n\n<p>Som skjemaet over viser, spredte familien Bolt seg i \u00d8ster\u00f8ya og selvf\u00f8lgelig videre enn det. Nils Bolt eller pastor Bolt  er et kjent navn siden han testamenterte eiendommen sin Bolteh\u00e5gan til ungdommen i \u00d8ster\u00f8ya. Han var pastor i metodistkirken og en ivrig ungdomsarbeider. <br>Mathias Bolt eide St\u00f8kke og solgte til Knut Steen og Inger Dag . <\/p>\n\n\n\n<p>Arthur Eian, bror til Einar Jensen-Eian kj\u00f8pte stedet i 1926<\/p>\n\n\n\n<p><a href=\"https:\/\/anders.no\/wp3\/sommerpensjonatene-i-osteroya\/\">Les om Sommerpensjonater i \u00d8ster\u00f8ya her :<\/a><\/p>\n","protected":false},"excerpt":{"rendered":"<p>Familien Knutsen eide Strand og datteren, Alice Marie, giftet seg med Martinius Bolt. De overtok i 1881. Familien Bolt kom fra Tallakshavn. Faren til Martinius, Mattis var f\u00f8dt i Tallakshavn<a class=\"moretag\" href=\"https:\/\/anders.no\/wp3\/osteroya\/gardshistorie\/strand-leirsted\/\"> &#8230;<\/a><\/p>\n","protected":false},"author":1,"featured_media":0,"parent":260,"menu_order":0,"comment_status":"open","ping_status":"closed","template":"","meta":{"footnotes":"","advanced-sidebar-menu\/link-title":"","advanced-sidebar-menu\/exclude-page":false},"class_list":["post-1033","page","type-page","status-publish","hentry"],"_links":{"self":[{"href":"https:\/\/anders.no\/wp3\/wp-json\/wp\/v2\/pages\/1033","targetHints":{"allow":["GET"]}}],"collection":[{"href":"https:\/\/anders.no\/wp3\/wp-json\/wp\/v2\/pages"}],"about":[{"href":"https:\/\/anders.no\/wp3\/wp-json\/wp\/v2\/types\/page"}],"author":[{"embeddable":true,"href":"https:\/\/anders.no\/wp3\/wp-json\/wp\/v2\/users\/1"}],"replies":[{"embeddable":true,"href":"https:\/\/anders.no\/wp3\/wp-json\/wp\/v2\/comments?post=1033"}],"version-history":[{"count":4,"href":"https:\/\/anders.no\/wp3\/wp-json\/wp\/v2\/pages\/1033\/revisions"}],"predecessor-version":[{"id":1431,"href":"https:\/\/anders.no\/wp3\/wp-json\/wp\/v2\/pages\/1033\/revisions\/1431"}],"up":[{"embeddable":true,"href":"https:\/\/anders.no\/wp3\/wp-json\/wp\/v2\/pages\/260"}],"wp:attachment":[{"href":"https:\/\/anders.no\/wp3\/wp-json\/wp\/v2\/media?parent=1033"}],"curies":[{"name":"wp","href":"https:\/\/api.w.org\/{rel}","templated":true}]}}